{"id":6241,"date":"2022-02-15T14:09:27","date_gmt":"2022-02-15T13:09:27","guid":{"rendered":"https:\/\/profertil.mk\/al\/?page_id=6241"},"modified":"2022-03-31T16:17:29","modified_gmt":"2022-03-31T14:17:29","slug":"studimi-i-adn-se-2021","status":"publish","type":"page","link":"https:\/\/profertil.mk\/al\/studies\/studimi-i-adn-se-2021\/","title":{"rendered":"Studimi i ADN-s\u00eb 2021"},"content":{"rendered":"\n<div class=\"wp-block-cover alignfull is-light\" style=\"min-height:262px;aspect-ratio:unset;\"><span aria-hidden=\"true\" class=\"has-background-dim-10 wp-block-cover__gradient-background has-background-dim\"><\/span><img fetchpriority=\"high\" decoding=\"async\" width=\"2048\" height=\"500\" class=\"wp-block-cover__image-background wp-image-6245\" alt=\"\" src=\"http:\/\/profertil.mk\/al\/wp-content\/uploads\/2022\/02\/spermiogramm.jpeg\" style=\"object-position:0% 0%\" data-object-fit=\"cover\" data-object-position=\"0% 0%\" srcset=\"https:\/\/profertil.mk\/al\/wp-content\/uploads\/2022\/02\/spermiogramm.jpeg 2048w, https:\/\/profertil.mk\/al\/wp-content\/uploads\/2022\/02\/spermiogramm-300x73.jpeg 300w, https:\/\/profertil.mk\/al\/wp-content\/uploads\/2022\/02\/spermiogramm-1024x250.jpeg 1024w, https:\/\/profertil.mk\/al\/wp-content\/uploads\/2022\/02\/spermiogramm-768x188.jpeg 768w, https:\/\/profertil.mk\/al\/wp-content\/uploads\/2022\/02\/spermiogramm-1536x375.jpeg 1536w\" sizes=\"(max-width: 2048px) 100vw, 2048px\" \/><div class=\"wp-block-cover__inner-container is-layout-flow wp-block-cover-is-layout-flow\">\n<p class=\"has-text-align-right has-huge-font-size\"><strong>REDUKTON<\/strong><\/p>\n\n\n\n<p class=\"has-text-align-right has-huge-font-size\"><strong>FRAGMENTIMIN E ADN-S\u00cb<\/strong><\/p>\n<\/div><\/div>\n\n\n\n<div class=\"wp-block-group alignfull has-background\" style=\"background:linear-gradient(135deg,rgb(69,0,18) 0%,rgb(128,3,53) 100%)\"><div class=\"wp-block-group__inner-container is-layout-flow wp-block-group-is-layout-flow\">\n<div style=\"height:20px\" aria-hidden=\"true\" class=\"wp-block-spacer\"><\/div>\n\n\n\n<div class=\"wp-block-image\"><figure class=\"aligncenter size-full is-resized\"><img decoding=\"async\" src=\"https:\/\/profertil.mk\/al\/wp-content\/uploads\/2022\/02\/PROfertil_Pillensperm-2.png\" alt=\"\" class=\"wp-image-6250\" width=\"550\" height=\"59\" srcset=\"https:\/\/profertil.mk\/al\/wp-content\/uploads\/2022\/02\/PROfertil_Pillensperm-2.png 933w, https:\/\/profertil.mk\/al\/wp-content\/uploads\/2022\/02\/PROfertil_Pillensperm-2-300x32.png 300w, https:\/\/profertil.mk\/al\/wp-content\/uploads\/2022\/02\/PROfertil_Pillensperm-2-768x82.png 768w\" sizes=\"(max-width: 550px) 100vw, 550px\" \/><\/figure><\/div>\n\n\n\n<p class=\"has-text-align-center has-white-color has-text-color has-large-font-size\">\u00bbReduktim i ndjesh\u00ebm i fragmentimit t\u00eb ADN-s\u00eb n\u00eb sperm\u00eb\u00ab<\/p>\n\n\n\n<div style=\"height:30px\" aria-hidden=\"true\" class=\"wp-block-spacer\"><\/div>\n<\/div><\/div>\n\n\n\n<div class=\"wp-block-media-text alignwide has-media-on-the-right is-stacked-on-mobile\" style=\"grid-template-columns:auto 55%\"><figure class=\"wp-block-media-text__media\"><img decoding=\"async\" width=\"1024\" height=\"1024\" src=\"http:\/\/profertil.mk\/al\/wp-content\/uploads\/2022\/02\/dna-study-2bubbles_INT-1-1024x1024.png\" alt=\"\" class=\"wp-image-6301 size-full\" srcset=\"https:\/\/profertil.mk\/al\/wp-content\/uploads\/2022\/02\/dna-study-2bubbles_INT-1-1024x1024.png 1024w, https:\/\/profertil.mk\/al\/wp-content\/uploads\/2022\/02\/dna-study-2bubbles_INT-1-300x300.png 300w, https:\/\/profertil.mk\/al\/wp-content\/uploads\/2022\/02\/dna-study-2bubbles_INT-1-150x150.png 150w, https:\/\/profertil.mk\/al\/wp-content\/uploads\/2022\/02\/dna-study-2bubbles_INT-1-768x768.png 768w, https:\/\/profertil.mk\/al\/wp-content\/uploads\/2022\/02\/dna-study-2bubbles_INT-1-125x125.png 125w, https:\/\/profertil.mk\/al\/wp-content\/uploads\/2022\/02\/dna-study-2bubbles_INT-1.png 1080w\" sizes=\"(max-width: 1024px) 100vw, 1024px\" \/><\/figure><div class=\"wp-block-media-text__content\">\n<p class=\"has-text-align-left\">STUDIMI I ADN-S\u00cb 2021<\/p>\n\n\n\n<p class=\"has-red-color has-text-color has-medium-font-size\"><strong>Reduktimi i fragmentimit t\u00eb ADN-s\u00eb s\u00eb sperm\u00ebs (DFI n\u00eb %) pas 3 muajve p\u00ebrdorimi t\u00eb PROFERTIL<sup>\u00ae<\/sup><\/strong><\/p>\n<\/div><\/div>\n\n\n\n<div class=\"wp-block-columns is-layout-flex wp-container-core-columns-is-layout-9d6595d7 wp-block-columns-is-layout-flex\">\n<div class=\"wp-block-column is-layout-flow wp-block-column-is-layout-flow\">\n<figure class=\"wp-block-image size-large is-resized\"><img loading=\"lazy\" decoding=\"async\" src=\"http:\/\/profertil.mk\/al\/wp-content\/uploads\/2022\/02\/Chart_ISGE_DNA21_INT-1024x843.png\" alt=\"\" class=\"wp-image-6277\" width=\"511\" height=\"421\" srcset=\"https:\/\/profertil.mk\/al\/wp-content\/uploads\/2022\/02\/Chart_ISGE_DNA21_INT-1024x843.png 1024w, https:\/\/profertil.mk\/al\/wp-content\/uploads\/2022\/02\/Chart_ISGE_DNA21_INT-300x247.png 300w, https:\/\/profertil.mk\/al\/wp-content\/uploads\/2022\/02\/Chart_ISGE_DNA21_INT-768x632.png 768w, https:\/\/profertil.mk\/al\/wp-content\/uploads\/2022\/02\/Chart_ISGE_DNA21_INT.png 1240w\" sizes=\"(max-width: 511px) 100vw, 511px\" \/><\/figure>\n<\/div>\n\n\n\n<div class=\"wp-block-column is-layout-flow wp-block-column-is-layout-flow\">\n<figure class=\"wp-block-image size-full is-resized\"><img loading=\"lazy\" decoding=\"async\" src=\"http:\/\/profertil.mk\/al\/wp-content\/uploads\/2022\/02\/DNA-Study-2021_Logo.png\" alt=\"\" class=\"wp-image-6264\" width=\"303\" height=\"203\" srcset=\"https:\/\/profertil.mk\/al\/wp-content\/uploads\/2022\/02\/DNA-Study-2021_Logo.png 466w, https:\/\/profertil.mk\/al\/wp-content\/uploads\/2022\/02\/DNA-Study-2021_Logo-300x201.png 300w\" sizes=\"(max-width: 303px) 100vw, 303px\" \/><\/figure>\n\n\n\n<p class=\"has-small-font-size\"><strong>Numri i pacient\u00ebve:<\/strong><\/p>\n\n\n\n<p style=\"font-size:12px\">n=339<\/p>\n\n\n\n<p style=\"font-size:12px\">(Grupi PROFERTIL\u00ae): n=162,<\/p>\n\n\n\n<p style=\"font-size:12px\">Grupi i kontrollit: n=177)<\/p>\n<\/div>\n<\/div>\n\n\n\n<p class=\"has-red-color has-text-color\"><strong>Formulimi unik, i patentuar i PROFERTIL\u00ae:<\/strong><\/p>\n\n\n\n<ul class=\"wp-block-list\"><li>Redukton ndjesh\u00ebm k\u00ebputjen e ADN-s\u00eb krahasuar me grupin e kontrollit (vet\u00ebm me ndryshim t\u00eb stilit t\u00eb jetes\u00ebs).<\/li><li>Arrin nj\u00eb shkall\u00eb shtat\u00ebzanie prej 41.3% n\u00eb n\u00ebngrupin PROFERTIL DFI&gt;15% vs. 22.9% n\u00eb grupin e kontrollit.<\/li><li>Arrin nj\u00eb shkall\u00eb shtat\u00ebzanie prej 27.8% n\u00eb grupin PROFERTIL vs. 15.3% n\u00eb grupin e kontrollit (studim i plot\u00eb i popullat\u00ebs).<\/li><\/ul>\n\n\n\n<div style=\"height:14px\" aria-hidden=\"true\" class=\"wp-block-spacer\"><\/div>\n\n\n\n<p class=\"has-red-color has-text-color has-small-font-size\"><a href=\"https:\/\/www.tandfonline.com\/doi\/abs\/10.1080\/09513590.2021.1923688?tab=permissions&amp;scroll=top\" data-type=\"URL\" data-id=\"https:\/\/www.tandfonline.com\/doi\/abs\/10.1080\/09513590.2021.1923688?tab=permissions&amp;scroll=top\" target=\"_blank\" rel=\"noreferrer noopener\">Studimi i ADN-s\u00eb 2021 Efekti i plot\u00ebsimit t\u00eb mikronutrient\u00ebve n\u00eb integritetin e ADN-s\u00eb s\u00eb spermatozoideve te meshkujt subfertil\u00eb dhe shkall\u00ebn e shtatz\u00ebnis\u00eb pasuese; Lipovac M. et al.; publikuar n\u00eb Endokrinologjin\u00eb Gjinekologjike n\u00eb Qershor 2021; 37 (6); pacient\u00eb (n = 339): grupi PROFERTIL\u00ae: n=162, grupi i kontrollit n=177.<\/a><\/p>\n\n\n\n<div style=\"height:63px\" aria-hidden=\"true\" class=\"wp-block-spacer\"><\/div>\n\n\n\n<div class=\"wp-block-group alignfull has-background\" style=\"background:linear-gradient(135deg,rgb(68,0,18) 0%,rgb(130,4,54) 100%)\"><div class=\"wp-block-group__inner-container is-layout-flow wp-block-group-is-layout-flow\">\n<div style=\"height:89px\" aria-hidden=\"true\" class=\"wp-block-spacer\"><\/div>\n\n\n\n<div class=\"wp-block-columns is-layout-flex wp-container-core-columns-is-layout-9d6595d7 wp-block-columns-is-layout-flex\">\n<div class=\"wp-block-column is-layout-flow wp-block-column-is-layout-flow\">\n<figure class=\"wp-block-image size-full is-resized\"><img loading=\"lazy\" decoding=\"async\" src=\"http:\/\/profertil.mk\/al\/wp-content\/uploads\/2021\/09\/nr1-proven-efficacy.png\" alt=\"\" class=\"wp-image-5838\" width=\"579\" height=\"215\" srcset=\"https:\/\/profertil.mk\/al\/wp-content\/uploads\/2021\/09\/nr1-proven-efficacy.png 946w, https:\/\/profertil.mk\/al\/wp-content\/uploads\/2021\/09\/nr1-proven-efficacy-300x112.png 300w, https:\/\/profertil.mk\/al\/wp-content\/uploads\/2021\/09\/nr1-proven-efficacy-768x286.png 768w\" sizes=\"(max-width: 579px) 100vw, 579px\" \/><\/figure>\n<\/div>\n\n\n\n<div class=\"wp-block-column is-layout-flow wp-block-column-is-layout-flow\">\n<figure class=\"wp-block-image size-full is-resized\"><img loading=\"lazy\" decoding=\"async\" src=\"http:\/\/profertil.mk\/al\/wp-content\/uploads\/2022\/02\/PROfertil-male_60K_int_HG-drot.png\" alt=\"\" class=\"wp-image-6287\" width=\"463\" height=\"228\" srcset=\"https:\/\/profertil.mk\/al\/wp-content\/uploads\/2022\/02\/PROfertil-male_60K_int_HG-drot.png 791w, https:\/\/profertil.mk\/al\/wp-content\/uploads\/2022\/02\/PROfertil-male_60K_int_HG-drot-300x148.png 300w, https:\/\/profertil.mk\/al\/wp-content\/uploads\/2022\/02\/PROfertil-male_60K_int_HG-drot-768x379.png 768w\" sizes=\"(max-width: 463px) 100vw, 463px\" \/><figcaption><strong><mark style=\"background-color:rgba(0, 0, 0, 0)\" class=\"has-inline-color has-white-color\">Shkalla e shtatz\u00ebnis<meta charset=\"utf-8\">\u00eb \u00d8 26-41%<\/mark><\/strong><\/figcaption><\/figure>\n<\/div>\n<\/div>\n<\/div><\/div>\n\n\n\n<p><\/p>\n","protected":false},"excerpt":{"rendered":"<p>\u00bbReduktim i ndjesh\u00ebm i fragmentimit t\u00eb ADN-s\u00eb n\u00eb sperm\u00eb\u00ab STUDIMI I ADN-S\u00cb 2021 Reduktimi i fragmentimit t\u00eb ADN-s\u00eb s\u00eb sperm\u00ebs (DFI n\u00eb %) pas 3 muajve p\u00ebrdorimi t\u00eb PROFERTIL\u00ae Numri i pacient\u00ebve: n=339 (Grupi PROFERTIL\u00ae): n=162, Grupi i kontrollit: n=177) Formulimi unik, i patentuar i PROFERTIL\u00ae: Redukton ndjesh\u00ebm k\u00ebputjen e ADN-s\u00eb krahasuar me grupin e<a class=\"excerpt-read-more\" href=\"https:\/\/profertil.mk\/al\/studies\/studimi-i-adn-se-2021\/\" title=\"ReadStudimi i ADN-s\u00eb 2021\">&#8230; Read more &raquo;<\/a><\/p>\n","protected":false},"author":11,"featured_media":0,"parent":1430,"menu_order":2,"comment_status":"closed","ping_status":"closed","template":"template-study.php","meta":{"_acf_changed":false,"footnotes":""},"categories":[],"tags":[],"class_list":["post-6241","page","type-page","status-publish","hentry"],"acf":[],"_links":{"self":[{"href":"https:\/\/profertil.mk\/al\/wp-json\/wp\/v2\/pages\/6241","targetHints":{"allow":["GET"]}}],"collection":[{"href":"https:\/\/profertil.mk\/al\/wp-json\/wp\/v2\/pages"}],"about":[{"href":"https:\/\/profertil.mk\/al\/wp-json\/wp\/v2\/types\/page"}],"author":[{"embeddable":true,"href":"https:\/\/profertil.mk\/al\/wp-json\/wp\/v2\/users\/11"}],"replies":[{"embeddable":true,"href":"https:\/\/profertil.mk\/al\/wp-json\/wp\/v2\/comments?post=6241"}],"version-history":[{"count":35,"href":"https:\/\/profertil.mk\/al\/wp-json\/wp\/v2\/pages\/6241\/revisions"}],"predecessor-version":[{"id":6416,"href":"https:\/\/profertil.mk\/al\/wp-json\/wp\/v2\/pages\/6241\/revisions\/6416"}],"up":[{"embeddable":true,"href":"https:\/\/profertil.mk\/al\/wp-json\/wp\/v2\/pages\/1430"}],"wp:attachment":[{"href":"https:\/\/profertil.mk\/al\/wp-json\/wp\/v2\/media?parent=6241"}],"wp:term":[{"taxonomy":"category","embeddable":true,"href":"https:\/\/profertil.mk\/al\/wp-json\/wp\/v2\/categories?post=6241"},{"taxonomy":"post_tag","embeddable":true,"href":"https:\/\/profertil.mk\/al\/wp-json\/wp\/v2\/tags?post=6241"}],"curies":[{"name":"wp","href":"https:\/\/api.w.org\/{rel}","templated":true}]}}