{"id":6123,"date":"2021-12-21T10:05:30","date_gmt":"2021-12-21T09:05:30","guid":{"rendered":"http:\/\/profertil.mk\/al\/?page_id=6123"},"modified":"2022-03-31T11:10:16","modified_gmt":"2022-03-31T09:10:16","slug":"aborti","status":"publish","type":"page","link":"https:\/\/profertil.mk\/al\/aborti\/","title":{"rendered":"Aborti"},"content":{"rendered":"\n<div class=\"wp-block-cover alignfull is-light\" style=\"min-height:275px;aspect-ratio:unset;\"><span aria-hidden=\"true\" class=\"has-background-dim-0 wp-block-cover__gradient-background has-background-dim\"><\/span><img fetchpriority=\"high\" decoding=\"async\" width=\"2048\" height=\"500\" class=\"wp-block-cover__image-background wp-image-6141\" alt=\"\" src=\"http:\/\/profertil.mk\/al\/wp-content\/uploads\/2022\/02\/Untitled-1.png\" style=\"object-position:20% 50%\" data-object-fit=\"cover\" data-object-position=\"20% 50%\" srcset=\"https:\/\/profertil.mk\/al\/wp-content\/uploads\/2022\/02\/Untitled-1.png 2048w, https:\/\/profertil.mk\/al\/wp-content\/uploads\/2022\/02\/Untitled-1-300x73.png 300w, https:\/\/profertil.mk\/al\/wp-content\/uploads\/2022\/02\/Untitled-1-1024x250.png 1024w, https:\/\/profertil.mk\/al\/wp-content\/uploads\/2022\/02\/Untitled-1-768x188.png 768w, https:\/\/profertil.mk\/al\/wp-content\/uploads\/2022\/02\/Untitled-1-1536x375.png 1536w\" sizes=\"(max-width: 2048px) 100vw, 2048px\" \/><div class=\"wp-block-cover__inner-container is-layout-flow wp-block-cover-is-layout-flow\">\n<h2 class=\"has-white-color has-text-color wp-block-heading\"><meta charset=\"utf-8\"><strong>PROBLEME ME NGJIZJEN?<\/strong><br><meta charset=\"utf-8\"><strong>ABORT SPONTAN?&nbsp;<\/strong><br><br><strong>&nbsp;<\/strong><br><\/h2>\n\n\n\n<p><\/p>\n<\/div><\/div>\n\n\n\n<div style=\"height:44px\" aria-hidden=\"true\" class=\"wp-block-spacer\"><\/div>\n\n\n\n<h2 class=\"has-text-align-center has-light-grey-color has-text-color has-huge-font-size wp-block-heading\">SI LIDHET RREZIKU I ABORTIT SPONTAN ME FRAGMENTIMIN E ADN-s\u00eb N\u00cb QELIZAT E SPERM\u00cbS?<\/h2>\n\n\n\n<div class=\"wp-block-media-text alignwide has-media-on-the-right is-stacked-on-mobile\" style=\"grid-template-columns:auto 27%\"><figure class=\"wp-block-media-text__media\"><img decoding=\"async\" width=\"768\" height=\"768\" src=\"http:\/\/profertil.mk\/al\/wp-content\/uploads\/2022\/02\/pregnancy-infant-loss-ribbon-cut-768x768-1.png\" alt=\"\" class=\"wp-image-6151 size-full\" srcset=\"https:\/\/profertil.mk\/al\/wp-content\/uploads\/2022\/02\/pregnancy-infant-loss-ribbon-cut-768x768-1.png 768w, https:\/\/profertil.mk\/al\/wp-content\/uploads\/2022\/02\/pregnancy-infant-loss-ribbon-cut-768x768-1-300x300.png 300w, https:\/\/profertil.mk\/al\/wp-content\/uploads\/2022\/02\/pregnancy-infant-loss-ribbon-cut-768x768-1-150x150.png 150w, https:\/\/profertil.mk\/al\/wp-content\/uploads\/2022\/02\/pregnancy-infant-loss-ribbon-cut-768x768-1-125x125.png 125w\" sizes=\"(max-width: 768px) 100vw, 768px\" \/><\/figure><div class=\"wp-block-media-text__content\">\n<p class=\"has-dark-grey-color has-text-color has-normal-font-size\">Aborti (aborti spontan) ndodh n\u00eb af\u00ebrsisht 10 \u2013 15% t\u00eb shtatz\u00ebnive klinike. Megjithat\u00eb, probabiliteti i nj\u00eb aborti spontan vler\u00ebsohet t\u00eb jet\u00eb edhe m\u00eb i lart\u00eb n\u00eb \u00e7iftet me fertilitet t\u00eb reduktuar. Edhe pse shkaku shpesh k\u00ebrkohet fillimisht te gruaja, disa studime kan\u00eb treguar tashm\u00eb se ekziston nj\u00eb lidhje e r\u00ebnd\u00ebsishme midis d\u00ebmtimit t\u00eb ADN-s\u00eb n\u00eb qelizat e sperm\u00ebs dhe abortit.<\/p>\n\n\n\n<p class=\"has-dark-grey-color has-text-color has-normal-font-size\">Nj\u00eb p\u00ebrqindje e lart\u00eb e ADN-s\u00eb &#8220;delikate&#8221; ose t\u00eb fragmentuar t\u00eb sperm\u00ebs mund t\u00eb rezultoj\u00eb n\u00eb arrestin e embrionit, q\u00eb do t\u00eb thot\u00eb se zhvillimi i plot\u00eb i nj\u00eb embrioni t\u00eb sh\u00ebndetsh\u00ebm nuk \u00ebsht\u00eb i mundur. Rreziku i rritjes s\u00eb fragmentimit t\u00eb ADN-s\u00eb n\u00eb qelizat e sperm\u00ebs rritet ndjesh\u00ebm me mosh\u00ebn \u2013 ve\u00e7an\u00ebrisht duke filluar nga mosha 35 vje\u00e7. Prandaj, nuk \u00ebsht\u00eb vet\u00ebm mosha e gruas ajo q\u00eb ka r\u00ebnd\u00ebsi.<\/p>\n<\/div><\/div>\n\n\n\n<p class=\"has-text-align-center has-red-color has-text-color\"><strong>Burrat mund t\u00eb jen\u00eb shkaktar\u00eb t\u00eb abortit spontan gjithashtu.<\/strong><\/p>\n\n\n\n<div style=\"height:40px\" aria-hidden=\"true\" class=\"wp-block-spacer\"><\/div>\n\n\n\n<div class=\"wp-block-group alignfull has-blue-gradient-background-color has-background\" id=\"section1\"><div class=\"wp-block-group__inner-container is-layout-flow wp-block-group-is-layout-flow\">\n<h2 class=\"has-text-align-center has-light-grey-color has-text-color has-large-font-size wp-block-heading\"><meta charset=\"utf-8\">SI KA MUND\u00cbSI Q\u00cb \u00cbSHT\u00cb P\u00cbR SHKAK T\u00cb BURRIT?<\/h2>\n\n\n\n<figure class=\"wp-block-image size-large is-resized\"><img decoding=\"async\" src=\"http:\/\/profertil.mk\/al\/wp-content\/uploads\/2022\/02\/dna-fragmentation-1-int-1024x225.png\" alt=\"\" class=\"wp-image-6164\" width=\"875\" height=\"192\" srcset=\"https:\/\/profertil.mk\/al\/wp-content\/uploads\/2022\/02\/dna-fragmentation-1-int-1024x225.png 1024w, https:\/\/profertil.mk\/al\/wp-content\/uploads\/2022\/02\/dna-fragmentation-1-int-300x66.png 300w, https:\/\/profertil.mk\/al\/wp-content\/uploads\/2022\/02\/dna-fragmentation-1-int-768x169.png 768w, https:\/\/profertil.mk\/al\/wp-content\/uploads\/2022\/02\/dna-fragmentation-1-int-1536x338.png 1536w, https:\/\/profertil.mk\/al\/wp-content\/uploads\/2022\/02\/dna-fragmentation-1-int.png 1590w\" sizes=\"(max-width: 875px) 100vw, 875px\" \/><\/figure>\n\n\n\n<figure class=\"wp-block-image size-large is-resized\"><img loading=\"lazy\" decoding=\"async\" src=\"http:\/\/profertil.mk\/al\/wp-content\/uploads\/2022\/02\/dna-fragmentation-2-int-1-1024x277.png\" alt=\"\" class=\"wp-image-6165\" width=\"948\" height=\"256\" srcset=\"https:\/\/profertil.mk\/al\/wp-content\/uploads\/2022\/02\/dna-fragmentation-2-int-1-1024x277.png 1024w, https:\/\/profertil.mk\/al\/wp-content\/uploads\/2022\/02\/dna-fragmentation-2-int-1-300x81.png 300w, https:\/\/profertil.mk\/al\/wp-content\/uploads\/2022\/02\/dna-fragmentation-2-int-1-768x208.png 768w, https:\/\/profertil.mk\/al\/wp-content\/uploads\/2022\/02\/dna-fragmentation-2-int-1-1536x415.png 1536w, https:\/\/profertil.mk\/al\/wp-content\/uploads\/2022\/02\/dna-fragmentation-2-int-1.png 1590w\" sizes=\"(max-width: 948px) 100vw, 948px\" \/><\/figure>\n\n\n\n<p class=\"has-text-align-center has-white-color has-text-color has-medium-font-size\"><meta charset=\"utf-8\"><strong>N\u00eb rastin e fragmentimeve t\u00eb shprehura t\u00eb ADN-s\u00eb n\u00eb qeliz\u00ebn e sperm\u00ebs, zhvillimi i plot\u00eb i embrionit mund t\u00eb mos jet\u00eb i mundur. Kjo gj\u00eb mund t\u00eb rezultoj\u00eb p\u00ebrfundimisht n\u00eb abort.<\/strong><\/p>\n\n\n\n<p class=\"has-white-color has-text-color\"><meta charset=\"utf-8\"><em>Robinson et al. Hum Rep 2012:10, 2908-2917; Hachem et al. Int J Womens Health: 2017:9, 331-345.<\/em><\/p>\n<\/div><\/div>\n\n\n\n<div class=\"wp-block-group alignfull has-red-background-color has-background\"><div class=\"wp-block-group__inner-container is-layout-flow wp-block-group-is-layout-flow\">\n<div style=\"height:49px\" aria-hidden=\"true\" class=\"wp-block-spacer\"><\/div>\n\n\n\n<h2 class=\"has-text-align-center has-light-grey-color has-text-color wp-block-heading\">ABORTET E P\u00cbRS\u00cbRITURA SHPESH JANE TE PASHPJEGUESHME<\/h2>\n\n\n\n<div style=\"height:50px\" aria-hidden=\"true\" class=\"wp-block-spacer\"><\/div>\n\n\n\n<p class=\"has-text-align-center has-white-color has-text-color\"><em>Nj\u00eb abort mund t\u00eb lidhet me fragmentimin e ADN-s\u00eb s\u00eb sperm\u00ebs. P\u00ebr shkak t\u00eb k\u00ebsaj, duhet t\u00eb merret parasysh edhe sh\u00ebndeti i sperm\u00ebs s\u00eb mashkullit. Marrja e PROFERTIL\u00ae rekomandohet ve\u00e7an\u00ebrisht p\u00ebr meshkujt mbi 35 vje\u00e7, pasi ata i p\u00ebrkasin grupit t\u00eb rrezikut p\u00ebr rritjen e fragmentimit t\u00eb ADN-s\u00eb.<\/em><\/p>\n\n\n\n<div style=\"height:50px\" aria-hidden=\"true\" class=\"wp-block-spacer\"><\/div>\n\n\n\n<div class=\"wp-block-columns is-layout-flex wp-container-core-columns-is-layout-9d6595d7 wp-block-columns-is-layout-flex\">\n<div class=\"wp-block-column is-layout-flow wp-block-column-is-layout-flow\">\n<p class=\"has-white-color has-text-color\">Kur nj\u00eb \u00e7ift p\u00ebrjeton tre humbje t\u00eb nj\u00ebpasnj\u00ebshme t\u00eb shtatz\u00ebnis\u00eb, duke i klasifikuar problemet e tyre si &#8220;abort spontan i p\u00ebrs\u00ebritur&#8221;, tensioni psikologjik b\u00ebhet nj\u00eb shqet\u00ebsim gjithnj\u00eb i pranish\u00ebm. Rreth 2-5% e t\u00eb gjith\u00eb \u00e7ifteve q\u00eb duan t\u00eb ken\u00eb f\u00ebmij\u00eb p\u00ebrballen me k\u00ebt\u00eb ngarkes\u00eb emocionale. Megjith\u00ebse profesionist\u00ebt mjek\u00ebsor\u00eb p\u00ebrpiqen t\u00eb p\u00ebrmir\u00ebsojn\u00eb opsionet e trajtimit dhe t\u00eb zvog\u00eblojn\u00eb koh\u00ebn e shtatz\u00ebnis\u00eb s\u00eb suksesshme, pothuajse gjysma e t\u00eb gjitha rasteve mbeten ende pa nj\u00eb shkak t\u00eb identifikuesh\u00ebm, duke d\u00ebshtuar n\u00eb ofrimin e qet\u00ebsis\u00eb p\u00ebr nj\u00eb situat\u00eb tashm\u00eb frustruese.<\/p>\n<\/div>\n\n\n\n<div class=\"wp-block-column is-layout-flow wp-block-column-is-layout-flow\">\n<p class=\"has-white-color has-text-color\">Kjo \u00ebsht\u00eb arsyeja pse \u00ebsht\u00eb edhe m\u00eb interesante q\u00eb studimet m\u00eb t\u00eb fundit dhe m\u00eb t\u00eb zgjeruara kan\u00eb treguar nj\u00eb rritje t\u00eb konsiderueshme t\u00eb abortit n\u00eb pacient\u00ebt me nivele t\u00eb larta t\u00eb ADN-s\u00eb s\u00eb fragmentuar t\u00eb sperm\u00ebs. Prandaj, thyerjet e ADN-s\u00eb n\u00eb qelizat e sperm\u00ebs mund t\u00eb jen\u00eb nj\u00eb shpjegim i mundsh\u00ebm p\u00ebr nj\u00eb abort spontan, ve\u00e7an\u00ebrisht p\u00ebr abortet e p\u00ebrs\u00ebritura.<\/p>\n<\/div>\n<\/div>\n\n\n\n<div class=\"wp-block-media-text alignwide has-media-on-the-right is-stacked-on-mobile\"><figure class=\"wp-block-media-text__media\"><img loading=\"lazy\" decoding=\"async\" width=\"1024\" height=\"814\" src=\"https:\/\/profertil.mk\/al\/wp-content\/uploads\/2022\/03\/Aborti-1024x814.png\" alt=\"\" class=\"wp-image-6384 size-full\" srcset=\"https:\/\/profertil.mk\/al\/wp-content\/uploads\/2022\/03\/Aborti-1024x814.png 1024w, https:\/\/profertil.mk\/al\/wp-content\/uploads\/2022\/03\/Aborti-300x239.png 300w, https:\/\/profertil.mk\/al\/wp-content\/uploads\/2022\/03\/Aborti-768x611.png 768w, https:\/\/profertil.mk\/al\/wp-content\/uploads\/2022\/03\/Aborti-24x19.png 24w, https:\/\/profertil.mk\/al\/wp-content\/uploads\/2022\/03\/Aborti-36x29.png 36w, https:\/\/profertil.mk\/al\/wp-content\/uploads\/2022\/03\/Aborti-48x38.png 48w, https:\/\/profertil.mk\/al\/wp-content\/uploads\/2022\/03\/Aborti.png 1358w\" sizes=\"(max-width: 1024px) 100vw, 1024px\" \/><\/figure><div class=\"wp-block-media-text__content\">\n<div style=\"height:118px\" aria-hidden=\"true\" class=\"wp-block-spacer\"><\/div>\n\n\n\n<p class=\"has-text-align-right has-white-color has-text-color\">Dy studime klinike me metoda t\u00eb ndryshme t\u00eb testit t\u00eb ADN-s\u00eb s\u00eb sperm\u00ebs kan\u00eb \u00e7uar n\u00eb t\u00eb nj\u00ebjtin p\u00ebrfundim:<\/p>\n\n\n\n<p class=\"has-text-align-right has-white-color has-text-color\"><strong>PROFERTIL\u00ae redukton fragmentimet e ADN-s\u00eb n\u00eb qelizat e sperm\u00ebs pas 3 muajsh p\u00ebrdorim. <\/strong><\/p>\n<\/div><\/div>\n\n\n\n<div style=\"height:50px\" aria-hidden=\"true\" class=\"wp-block-spacer\"><\/div>\n\n\n\n<p class=\"has-white-color has-text-color\"><em>Burime:<\/em><em><br>Cohen-Bacrie P. et al.; Fertility and Sterility 2009;91(5):1801-5.<br>Sartorius G.A. et al.; Human Reprod. 2010;16(1):65-79.<br>Plastira K. et al.; J Assist Reprod Genet. 2007;24(10): 437-443.<\/em><\/p>\n<\/div><\/div>\n","protected":false},"excerpt":{"rendered":"<p>SI LIDHET RREZIKU I ABORTIT SPONTAN ME FRAGMENTIMIN E ADN-s\u00eb N\u00cb QELIZAT E SPERM\u00cbS? Aborti (aborti spontan) ndodh n\u00eb af\u00ebrsisht 10 \u2013 15% t\u00eb shtatz\u00ebnive klinike. Megjithat\u00eb, probabiliteti i nj\u00eb aborti spontan vler\u00ebsohet t\u00eb jet\u00eb edhe m\u00eb i lart\u00eb n\u00eb \u00e7iftet me fertilitet t\u00eb reduktuar. Edhe pse shkaku shpesh k\u00ebrkohet fillimisht te gruaja, disa studime<a class=\"excerpt-read-more\" href=\"https:\/\/profertil.mk\/al\/aborti\/\" title=\"ReadAborti\">&#8230; Read more &raquo;<\/a><\/p>\n","protected":false},"author":11,"featured_media":0,"parent":0,"menu_order":0,"comment_status":"closed","ping_status":"closed","template":"template-full-width-no-title.php","meta":{"_acf_changed":false,"footnotes":""},"categories":[18],"tags":[],"class_list":["post-6123","page","type-page","status-publish","hentry","category-sperm-health"],"acf":[],"_links":{"self":[{"href":"https:\/\/profertil.mk\/al\/wp-json\/wp\/v2\/pages\/6123","targetHints":{"allow":["GET"]}}],"collection":[{"href":"https:\/\/profertil.mk\/al\/wp-json\/wp\/v2\/pages"}],"about":[{"href":"https:\/\/profertil.mk\/al\/wp-json\/wp\/v2\/types\/page"}],"author":[{"embeddable":true,"href":"https:\/\/profertil.mk\/al\/wp-json\/wp\/v2\/users\/11"}],"replies":[{"embeddable":true,"href":"https:\/\/profertil.mk\/al\/wp-json\/wp\/v2\/comments?post=6123"}],"version-history":[{"count":78,"href":"https:\/\/profertil.mk\/al\/wp-json\/wp\/v2\/pages\/6123\/revisions"}],"predecessor-version":[{"id":6387,"href":"https:\/\/profertil.mk\/al\/wp-json\/wp\/v2\/pages\/6123\/revisions\/6387"}],"wp:attachment":[{"href":"https:\/\/profertil.mk\/al\/wp-json\/wp\/v2\/media?parent=6123"}],"wp:term":[{"taxonomy":"category","embeddable":true,"href":"https:\/\/profertil.mk\/al\/wp-json\/wp\/v2\/categories?post=6123"},{"taxonomy":"post_tag","embeddable":true,"href":"https:\/\/profertil.mk\/al\/wp-json\/wp\/v2\/tags?post=6123"}],"curies":[{"name":"wp","href":"https:\/\/api.w.org\/{rel}","templated":true}]}}