{"id":3511,"date":"2019-12-17T10:45:41","date_gmt":"2019-12-17T09:45:41","guid":{"rendered":"https:\/\/profertil.eu\/?page_id=3511"},"modified":"2022-03-31T14:48:39","modified_gmt":"2022-03-31T12:48:39","slug":"profertil-highest-quality-standards-gmp","status":"publish","type":"page","link":"https:\/\/profertil.mk\/al\/profertil-highest-quality-standards-gmp\/","title":{"rendered":"PROFERTIL\u00ae &#8211; standart i cil\u00ebsis\u00eb s\u00eb lart\u00eb (GMP)"},"content":{"rendered":"\n<div class=\"wp-block-cover alignfull is-light\"><span aria-hidden=\"true\" class=\"has-background-dim-10 wp-block-cover__gradient-background has-background-dim\"><\/span><img fetchpriority=\"high\" decoding=\"async\" width=\"2048\" height=\"500\" class=\"wp-block-cover__image-background wp-image-1096\" alt=\"\" src=\"http:\/\/profertil.mk\/al\/wp-content\/uploads\/2019\/06\/aerzte-ueber-profertil.jpg\" data-object-fit=\"cover\" srcset=\"https:\/\/profertil.mk\/al\/wp-content\/uploads\/2019\/06\/aerzte-ueber-profertil.jpg 2048w, https:\/\/profertil.mk\/al\/wp-content\/uploads\/2019\/06\/aerzte-ueber-profertil-300x73.jpg 300w, https:\/\/profertil.mk\/al\/wp-content\/uploads\/2019\/06\/aerzte-ueber-profertil-768x188.jpg 768w, https:\/\/profertil.mk\/al\/wp-content\/uploads\/2019\/06\/aerzte-ueber-profertil-1024x250.jpg 1024w\" sizes=\"(max-width: 2048px) 100vw, 2048px\" \/><div class=\"wp-block-cover__inner-container is-layout-flow wp-block-cover-is-layout-flow\">\n<h1 class=\"medium-width wp-block-heading\"><span class=\"has-red-color has-text-color\">PROFERTIL\u00ae \u2013<\/span> <br>STANDART I CIL<meta charset=\"utf-8\">\u00cbSIS<meta charset=\"utf-8\">\u00cb S\u00cb LART\u00cb<\/h1>\n<\/div><\/div>\n\n\n\n<div class=\"wp-block-group alignfull has-blue-gradient-background-color has-background\"><div class=\"wp-block-group__inner-container is-layout-flow wp-block-group-is-layout-flow\">\n<div style=\"height:25px\" aria-hidden=\"true\" class=\"wp-block-spacer\"><\/div>\n\n\n\n<p class=\"has-text-align-center medium-width has-white-color has-text-color\">Prodhuar me cil\u00ebsin\u00eb m\u00eb t\u00eb lart\u00eb<\/p>\n\n\n\n<div style=\"height:25px\" aria-hidden=\"true\" class=\"wp-block-spacer\"><\/div>\n<\/div><\/div>\n\n\n\n<div class=\"wp-block-group alignfull has-blue-gradient-background-color has-background\"><div class=\"wp-block-group__inner-container is-layout-flow wp-block-group-is-layout-flow\">\n<figure class=\"wp-block-embed is-type-video is-provider-youtube wp-block-embed-youtube medium-width wp-embed-aspect-16-9 wp-has-aspect-ratio\"><div class=\"wp-block-embed__wrapper\">\n<iframe title=\"PROFERTIL\u00ae - highest quality standard (GMP)\" width=\"1024\" height=\"576\" src=\"https:\/\/www.youtube.com\/embed\/Q_FP_FmPchE?feature=oembed\" frameborder=\"0\" allow=\"accelerometer; autoplay; clipboard-write; encrypted-media; gyroscope; picture-in-picture\" allowfullscreen><\/iframe>\n<\/div><figcaption>PROFERTIL\u00ae &#8211; highest quality standards (GMP)<\/figcaption><\/figure>\n\n\n\n<div style=\"height:25px\" aria-hidden=\"true\" class=\"wp-block-spacer\"><\/div>\n<\/div><\/div>\n\n\n\n<div class=\"wp-block-group alignfull has-red-gradient-background-color has-background\" id=\"packshot\"><div class=\"wp-block-group__inner-container is-layout-flow wp-block-group-is-layout-flow\">\n<div class=\"wp-block-columns has-2-columns is-layout-flex wp-container-core-columns-is-layout-9d6595d7 wp-block-columns-is-layout-flex\">\n<div class=\"wp-block-column is-vertically-aligned-center is-layout-flow wp-block-column-is-layout-flow\">\n<div class=\"wp-block-image\"><figure class=\"aligncenter size-large\"><img decoding=\"async\" width=\"946\" height=\"352\" src=\"http:\/\/profertil.mk\/al\/wp-content\/uploads\/2021\/09\/nr1-proven-efficacy.png\" alt=\"\" class=\"wp-image-5838\" srcset=\"https:\/\/profertil.mk\/al\/wp-content\/uploads\/2021\/09\/nr1-proven-efficacy.png 946w, https:\/\/profertil.mk\/al\/wp-content\/uploads\/2021\/09\/nr1-proven-efficacy-300x112.png 300w, https:\/\/profertil.mk\/al\/wp-content\/uploads\/2021\/09\/nr1-proven-efficacy-768x286.png 768w\" sizes=\"(max-width: 946px) 100vw, 946px\" \/><\/figure><\/div>\n<\/div>\n\n\n\n<div class=\"wp-block-column is-vertically-aligned-center is-layout-flow wp-block-column-is-layout-flow\">\n<div style=\"height:50px\" aria-hidden=\"true\" class=\"wp-block-spacer\"><\/div>\n\n\n\n<div class=\"wp-block-image\"><figure class=\"aligncenter size-large\"><img decoding=\"async\" width=\"791\" height=\"390\" src=\"http:\/\/profertil.mk\/al\/wp-content\/uploads\/\/2019\/07\/PROfertil-male_60K_int_HG-drot.png\" alt=\"Packshot PROFERTIL\u00ae male\" class=\"wp-image-2728\" srcset=\"https:\/\/profertil.mk\/al\/wp-content\/uploads\/2019\/07\/PROfertil-male_60K_int_HG-drot.png 791w, https:\/\/profertil.mk\/al\/wp-content\/uploads\/2019\/07\/PROfertil-male_60K_int_HG-drot-300x148.png 300w, https:\/\/profertil.mk\/al\/wp-content\/uploads\/2019\/07\/PROfertil-male_60K_int_HG-drot-768x379.png 768w\" sizes=\"(max-width: 791px) 100vw, 791px\" \/><\/figure><\/div>\n\n\n\n<p class=\"has-text-align-center has-white-color has-text-color\"><strong>MESATARJA E SHKALL\u00cbS S\u00cb SUKSESIT \u00d8<\/strong> <strong>26-41%<\/strong><\/p>\n\n\n\n<div style=\"height:50px\" aria-hidden=\"true\" class=\"wp-block-spacer\"><\/div>\n<\/div>\n<\/div>\n\n\n\n\n\n<div id=\"anchorlink-block_5d02a16a1f77b\" class=\"anchorlink light \">\n            <a href=\"#buynow\" data-smooth-scroll data-animation-duration=\"750\" data-animation-easing=\"swing\" data-offset=\"-23\"><i class=\"material-icons pro-pulse\">expand_more<\/i><\/a>\n    <\/div>\n\n\n<p><\/p>\n<\/div><\/div>\n","protected":false},"excerpt":{"rendered":"<p>Prodhuar me cil\u00ebsin\u00eb m\u00eb t\u00eb lart\u00eb<\/p>\n","protected":false},"author":11,"featured_media":0,"parent":0,"menu_order":0,"comment_status":"closed","ping_status":"closed","template":"template-full-width-no-title.php","meta":{"_acf_changed":false,"footnotes":""},"categories":[],"tags":[],"class_list":["post-3511","page","type-page","status-publish","hentry"],"acf":[],"_links":{"self":[{"href":"https:\/\/profertil.mk\/al\/wp-json\/wp\/v2\/pages\/3511","targetHints":{"allow":["GET"]}}],"collection":[{"href":"https:\/\/profertil.mk\/al\/wp-json\/wp\/v2\/pages"}],"about":[{"href":"https:\/\/profertil.mk\/al\/wp-json\/wp\/v2\/types\/page"}],"author":[{"embeddable":true,"href":"https:\/\/profertil.mk\/al\/wp-json\/wp\/v2\/users\/11"}],"replies":[{"embeddable":true,"href":"https:\/\/profertil.mk\/al\/wp-json\/wp\/v2\/comments?post=3511"}],"version-history":[{"count":31,"href":"https:\/\/profertil.mk\/al\/wp-json\/wp\/v2\/pages\/3511\/revisions"}],"predecessor-version":[{"id":6441,"href":"https:\/\/profertil.mk\/al\/wp-json\/wp\/v2\/pages\/3511\/revisions\/6441"}],"wp:attachment":[{"href":"https:\/\/profertil.mk\/al\/wp-json\/wp\/v2\/media?parent=3511"}],"wp:term":[{"taxonomy":"category","embeddable":true,"href":"https:\/\/profertil.mk\/al\/wp-json\/wp\/v2\/categories?post=3511"},{"taxonomy":"post_tag","embeddable":true,"href":"https:\/\/profertil.mk\/al\/wp-json\/wp\/v2\/tags?post=3511"}],"curies":[{"name":"wp","href":"https:\/\/api.w.org\/{rel}","templated":true}]}}