{"id":3223,"date":"2019-12-13T17:20:24","date_gmt":"2019-12-13T16:20:24","guid":{"rendered":"https:\/\/profertil.eu\/?page_id=3223"},"modified":"2022-03-31T11:28:25","modified_gmt":"2022-03-31T09:28:25","slug":"dna-breaks","status":"publish","type":"page","link":"https:\/\/profertil.mk\/al\/sperm-health\/dna-breaks\/","title":{"rendered":"Cop\u00ebzimi i fijeve t\u00eb ADN-s\u00eb"},"content":{"rendered":"\n<div class=\"wp-block-cover alignfull is-light\"><span aria-hidden=\"true\" class=\"has-background-dim-10 wp-block-cover__gradient-background has-background-dim\"><\/span><img fetchpriority=\"high\" decoding=\"async\" width=\"2048\" height=\"500\" class=\"wp-block-cover__image-background wp-image-3225\" alt=\"\" src=\"http:\/\/profertil.mk\/al\/wp-content\/uploads\/2019\/12\/dna-breaks-header.jpg\" style=\"object-position:20% 50%\" data-object-fit=\"cover\" data-object-position=\"20% 50%\" srcset=\"https:\/\/profertil.mk\/al\/wp-content\/uploads\/2019\/12\/dna-breaks-header.jpg 2048w, https:\/\/profertil.mk\/al\/wp-content\/uploads\/2019\/12\/dna-breaks-header-300x73.jpg 300w, https:\/\/profertil.mk\/al\/wp-content\/uploads\/2019\/12\/dna-breaks-header-1024x250.jpg 1024w, https:\/\/profertil.mk\/al\/wp-content\/uploads\/2019\/12\/dna-breaks-header-768x188.jpg 768w, https:\/\/profertil.mk\/al\/wp-content\/uploads\/2019\/12\/dna-breaks-header-1536x375.jpg 1536w\" sizes=\"(max-width: 2048px) 100vw, 2048px\" \/><div class=\"wp-block-cover__inner-container is-layout-flow wp-block-cover-is-layout-flow\">\n<h1 class=\"has-text-align-right wp-block-heading\"><span class=\"has-red-color has-text-color\">ALO ADN, <\/span><br>MOS U SHQET\u00cbSO, UN\u00cb IA DOLA! <\/h1>\n<\/div><\/div>\n\n\n\n<div class=\"wp-block-group alignwide window-height minus-header center\" id=\"section1\"><div class=\"wp-block-group__inner-container is-layout-flow wp-block-group-is-layout-flow\">\n<div style=\"height:50px\" aria-hidden=\"true\" class=\"wp-block-spacer\"><\/div>\n\n\n\n<h2 class=\"has-text-align-center has-light-grey-color has-text-color wp-block-heading\">COP\u00cbZIMI I FIJEVE T\u00cb ADN-S\u00cb = ND\u00cbRPRERJE E TRANSPORTIT T\u00cb MATERIALIT GJENETIK<\/h2>\n\n\n\n<div class=\"wp-block-columns is-layout-flex wp-container-core-columns-is-layout-9d6595d7 wp-block-columns-is-layout-flex\">\n<div class=\"wp-block-column is-vertically-aligned-center is-layout-flow wp-block-column-is-layout-flow\">\n<div style=\"height:50px\" aria-hidden=\"true\" class=\"wp-block-spacer\"><\/div>\n\n\n\n<div class=\"wp-block-group show-for-large\"><div class=\"wp-block-group__inner-container is-layout-flow wp-block-group-is-layout-flow\">\n<p>Gjat\u00eb ndarjes s\u00eb qelizave, ADN transferohet n\u00eb \u00e7do qeliz\u00eb t\u00eb re ashtu si nj\u00eb tren transferon ngarkesat n\u00eb nj\u00eb destinacion. N\u00ebse shinat e nj\u00eb treni d\u00ebmtohen, treni nuk mund t\u00eb arrij\u00eb n\u00eb destinacion. E nj\u00ebjta gj\u00eb \u00ebsht\u00eb e v\u00ebrtet\u00eb kur fijet e ADN-s\u00eb d\u00ebmtohen. Treni dhe ADN-ja kan\u00eb dal\u00eb nga shinat.<\/p>\n\n\n\n<p>N\u00ebse ka d\u00ebmtim serioz n\u00eb ADN (informacioni gjenetik \u00ebsht\u00eb &#8220;thyer&#8221;, &#8220;d\u00ebmtuar&#8221;), qelizat e reja do t\u00eb jen\u00eb jo t\u00eb plota dhe t\u00eb paafta p\u00ebr t\u00eb vazhduar procesin e ndarjes qelizore. Zhvillimi embrional ndalet.<\/p>\n<\/div><\/div>\n\n\n\n<div class=\"wp-block-group hide-for-large\"><div class=\"wp-block-group__inner-container is-layout-flow wp-block-group-is-layout-flow\">\n<p class=\"has-text-align-left\">Gjat\u00eb ndarjes s\u00eb qelizave, ADN transferohet n\u00eb \u00e7do qeliz\u00eb t\u00eb re ashtu si nj\u00eb tren transferon ngarkesat n\u00eb nj\u00eb destinacion. N\u00ebse shinat e nj\u00eb treni d\u00ebmtohen, treni nuk mund t\u00eb arrij\u00eb n\u00eb destinacion. E nj\u00ebjta gj\u00eb \u00ebsht\u00eb e v\u00ebrtet\u00eb kur fijet e ADN-s\u00eb d\u00ebmtohen. Treni dhe ADN-ja kan\u00eb dal\u00eb nga shinat.<\/p>\n\n\n\n<p class=\"has-text-align-center\">N\u00ebse ka d\u00ebmtim serioz n\u00eb ADN (informacioni gjenetik \u00ebsht\u00eb &#8220;thyer&#8221;, &#8220;d\u00ebmtuar&#8221;), qelizat e reja do t\u00eb jen\u00eb jo t\u00eb plota dhe t\u00eb paafta p\u00ebr t\u00eb vazhduar procesin e ndarjes qelizore.<strong> <\/strong>Zhvillimi embrional ndalet.<\/p>\n<\/div><\/div>\n<\/div>\n\n\n\n<div class=\"wp-block-column is-layout-flow wp-block-column-is-layout-flow\">\n<div class=\"wp-block-image\"><figure class=\"aligncenter size-full\"><img decoding=\"async\" width=\"512\" height=\"377\" src=\"http:\/\/profertil.mk\/al\/wp-content\/uploads\/2019\/12\/wooden-toy-train.jpg\" alt=\"\" class=\"wp-image-3236\" srcset=\"https:\/\/profertil.mk\/al\/wp-content\/uploads\/2019\/12\/wooden-toy-train.jpg 512w, https:\/\/profertil.mk\/al\/wp-content\/uploads\/2019\/12\/wooden-toy-train-300x221.jpg 300w\" sizes=\"(max-width: 512px) 100vw, 512px\" \/><\/figure><\/div>\n<\/div>\n<\/div>\n\n\n\n<p class=\"has-dark-grey-color has-text-color has-small-font-size\"><em>Source: Sedo C.A. et al.; JBRA Assist Reprod. 2017;21(4):343-350.<\/em><\/p>\n\n\n\n<div style=\"height:50px\" aria-hidden=\"true\" class=\"wp-block-spacer\"><\/div>\n\n\n\n\n\n<div id=\"anchorlink-block_5df39dc54ee27\" class=\"anchorlink dark \">\n            <a href=\"#section2\" data-smooth-scroll data-animation-duration=\"750\" data-animation-easing=\"swing\" data-offset=\"-23\"><i class=\"material-icons pro-pulse\">expand_more<\/i><\/a>\n    <\/div><\/div><\/div>\n\n\n\n<div class=\"wp-block-group alignfull window-height center has-red-gradient-background-color has-background\" id=\"section2\"><div class=\"wp-block-group__inner-container is-layout-flow wp-block-group-is-layout-flow\">\n<div style=\"height:50px\" aria-hidden=\"true\" class=\"wp-block-spacer\"><\/div>\n\n\n\n<h2 class=\"has-text-align-center has-text-color wp-block-heading\" style=\"color:#ceacb7\">SPERMATOZOIDET NUK MUND<\/h2>\n\n\n\n<h2 class=\"has-text-align-center has-text-color wp-block-heading\" style=\"color:#ceacb7\"> T\u00cb RIPAROJN\u00cb VETEN E TYRE<\/h2>\n\n\n\n<div style=\"height:50px\" aria-hidden=\"true\" class=\"wp-block-spacer\"><\/div>\n\n\n\n<div class=\"wp-block-image show-for-large\"><figure class=\"aligncenter size-large\"><img decoding=\"async\" width=\"1024\" height=\"307\" src=\"http:\/\/profertil.mk\/al\/wp-content\/uploads\/2021\/09\/DNA_INT-1024x307-2.png\" alt=\"\" class=\"wp-image-5832\" srcset=\"https:\/\/profertil.mk\/al\/wp-content\/uploads\/2021\/09\/DNA_INT-1024x307-2.png 1024w, https:\/\/profertil.mk\/al\/wp-content\/uploads\/2021\/09\/DNA_INT-1024x307-2-300x90.png 300w, https:\/\/profertil.mk\/al\/wp-content\/uploads\/2021\/09\/DNA_INT-1024x307-2-768x230.png 768w\" sizes=\"(max-width: 1024px) 100vw, 1024px\" \/><\/figure><\/div>\n\n\n\n<div class=\"wp-block-image hide-for-large\"><figure class=\"aligncenter size-large\"><img loading=\"lazy\" decoding=\"async\" width=\"440\" height=\"1024\" src=\"http:\/\/profertil.mk\/al\/wp-content\/uploads\/2021\/09\/DNA_INT_mobil-440x1024.png\" alt=\"\" class=\"wp-image-5834\" srcset=\"https:\/\/profertil.mk\/al\/wp-content\/uploads\/2021\/09\/DNA_INT_mobil-440x1024.png 440w, https:\/\/profertil.mk\/al\/wp-content\/uploads\/2021\/09\/DNA_INT_mobil-129x300.png 129w, https:\/\/profertil.mk\/al\/wp-content\/uploads\/2021\/09\/DNA_INT_mobil.png 551w\" sizes=\"(max-width: 440px) 100vw, 440px\" \/><\/figure><\/div>\n\n\n\n<div style=\"height:25px\" aria-hidden=\"true\" class=\"wp-block-spacer\"><\/div>\n\n\n\n<p class=\"has-text-align-center medium-width has-white-color has-text-color\">Detyra e vetme e qeliz\u00ebs s\u00eb sperm\u00ebs \u00ebsht\u00eb t\u00eb transportoj\u00eb n\u00eb m\u00ebnyr\u00eb t\u00eb sigurt paket\u00ebn e informacionit gjenetik (ADN) n\u00eb qeliz\u00ebn vez\u00eb. P\u00ebr shkak se qelizat e spermatozoideve nuk mund t\u00eb riparohen vet\u00eb, sa m\u00eb shum\u00eb nd\u00ebrprerje t\u00eb jen\u00eb t\u00eb pranishme n\u00eb ADN-n\u00eb e qelizave t\u00eb spermatozoideve, aq m\u00eb e ndjeshme \u00ebsht\u00eb paketa e informacionit gjenetik, duke e b\u00ebr\u00eb t\u00eb v\u00ebshtir\u00eb p\u00ebr qelizat e spermatozoideve t\u00eb kryejn\u00eb detyr\u00ebn e tyre.<\/p>\n\n\n\n<div style=\"height:25px\" aria-hidden=\"true\" class=\"wp-block-spacer\"><\/div>\n\n\n\n<p class=\"has-text-align-center has-white-color has-text-color has-large-font-size\"><strong>Nd\u00ebrprerjet e ADN-s\u00eb mund t\u00eb ndikojn\u00eb n\u00eb form\u00ebn e sperm\u00ebs.<\/strong><\/p>\n\n\n\n<div style=\"height:50px\" aria-hidden=\"true\" class=\"wp-block-spacer\"><\/div>\n\n\n\n<p class=\"has-white-color has-text-color has-small-font-size\"><em>Source: Cohen-Bacrie P. et al; Fertility &amp; Sterility 2009, 19(5): 1801-1805.<\/em><\/p>\n\n\n\n<div style=\"height:25px\" aria-hidden=\"true\" class=\"wp-block-spacer\"><\/div>\n\n\n\n\n\n<div id=\"anchorlink-block_5df3a22f4ee28\" class=\"anchorlink light \">\n            <a href=\"#section3\" data-smooth-scroll data-animation-duration=\"750\" data-animation-easing=\"swing\" data-offset=\"-23\"><i class=\"material-icons pro-pulse\">expand_more<\/i><\/a>\n    <\/div><\/div><\/div>\n\n\n\n<div id=\"section3\" class=\"wp-block-group window-height center\"><div class=\"wp-block-group__inner-container is-layout-flow wp-block-group-is-layout-flow\">\n<div style=\"height:50px\" aria-hidden=\"true\" class=\"wp-block-spacer\"><\/div>\n\n\n\n<h2 class=\"has-text-align-center has-light-grey-color has-text-color wp-block-heading\">REKOMANDUAR P\u00cbR BABALLAR\u00cbT E ARDHSH\u00cbM MBI 35 VJE\u00c7<\/h2>\n\n\n\n<div style=\"height:50px\" aria-hidden=\"true\" class=\"wp-block-spacer\"><\/div>\n\n\n\n<figure class=\"wp-block-image size-large show-for-medium\"><img loading=\"lazy\" decoding=\"async\" width=\"1024\" height=\"132\" src=\"http:\/\/profertil.mk\/al\/wp-content\/uploads\/2019\/12\/DNAnormal_big_iStock-175962242-1024x132.jpg\" alt=\"DNA strand\" class=\"wp-image-3318\" srcset=\"https:\/\/profertil.mk\/al\/wp-content\/uploads\/2019\/12\/DNAnormal_big_iStock-175962242-1024x132.jpg 1024w, https:\/\/profertil.mk\/al\/wp-content\/uploads\/2019\/12\/DNAnormal_big_iStock-175962242-300x39.jpg 300w, https:\/\/profertil.mk\/al\/wp-content\/uploads\/2019\/12\/DNAnormal_big_iStock-175962242-768x99.jpg 768w, https:\/\/profertil.mk\/al\/wp-content\/uploads\/2019\/12\/DNAnormal_big_iStock-175962242-1536x198.jpg 1536w, https:\/\/profertil.mk\/al\/wp-content\/uploads\/2019\/12\/DNAnormal_big_iStock-175962242.jpg 1800w\" sizes=\"(max-width: 1024px) 100vw, 1024px\" \/><\/figure>\n\n\n\n<div class=\"wp-block-image hide-for-medium\"><figure class=\"aligncenter size-full\"><img loading=\"lazy\" decoding=\"async\" width=\"576\" height=\"143\" src=\"http:\/\/profertil.mk\/al\/wp-content\/uploads\/2019\/12\/DNAnormal_mobile_iStock-175962242.png\" alt=\"DNA strand\" class=\"wp-image-3386\" srcset=\"https:\/\/profertil.mk\/al\/wp-content\/uploads\/2019\/12\/DNAnormal_mobile_iStock-175962242.png 576w, https:\/\/profertil.mk\/al\/wp-content\/uploads\/2019\/12\/DNAnormal_mobile_iStock-175962242-300x74.png 300w\" sizes=\"(max-width: 576px) 100vw, 576px\" \/><\/figure><\/div>\n\n\n\n<div style=\"height:50px\" aria-hidden=\"true\" class=\"wp-block-spacer\"><\/div>\n\n\n\n<div class=\"wp-block-columns is-layout-flex wp-container-core-columns-is-layout-9d6595d7 wp-block-columns-is-layout-flex\">\n<div class=\"wp-block-column is-layout-flow wp-block-column-is-layout-flow\">\n<p class=\"show-for-large\">Procedura t\u00eb ndryshme t\u00eb testimit jan\u00eb n\u00eb dispozicion p\u00ebr zbulimin e thyerjeve t\u00eb ADN-s\u00eb (shkalla e cop\u00ebzimit). Si standard, megjithat\u00eb, t\u00eb gjith\u00eb baballar\u00ebt q\u00eb do t\u00eb jen\u00eb 35+ rekomandohet t\u00eb marrin PROFERTIL\u00ae p\u00ebr shkak t\u00eb incidenc\u00ebs s\u00eb p\u00ebrshkall\u00ebzuar t\u00eb cop\u00ebtimit t\u00eb ADN-s\u00eb mbi mosh\u00ebn 35 vje\u00e7.<\/p>\n\n\n\n<p class=\"has-text-align-center hide-for-large\">Procedura t\u00eb ndryshme t\u00eb testimit jan\u00eb n\u00eb dispozicion p\u00ebr zbulimin e thyerjeve t\u00eb ADN-s\u00eb (shkalla e cop\u00ebzimit). Si standard, megjithat\u00eb, t\u00eb gjith\u00eb baballar\u00ebt q\u00eb do t\u00eb jen\u00eb 35+ rekomandohet t\u00eb marrin PROFERTIL\u00ae p\u00ebr shkak t\u00eb incidenc\u00ebs s\u00eb p\u00ebrshkall\u00ebzuar t\u00eb cop\u00ebtimit t\u00eb ADN-s\u00eb mbi mosh\u00ebn 35 vje\u00e7<\/p>\n<\/div>\n\n\n\n<div class=\"wp-block-column is-layout-flow wp-block-column-is-layout-flow\">\n<p class=\"show-for-large\">Tani dihet q\u00eb infertiliteti mashkullor shkon dor\u00eb p\u00ebr dore me material gjenetik t\u00eb d\u00ebmtuar. M\u00eb shum\u00eb qeliza me ADN t\u00eb d\u00ebmtuar do t\u00eb thot\u00eb m\u00eb shum\u00eb material gjenetik i d\u00ebmtuar. Materiali gjenetik m\u00eb i d\u00ebmtuar n\u00ebnkupton mund\u00ebsi m\u00eb t\u00eb ul\u00ebta p\u00ebr shtatz\u00ebni t\u00eb suksesshme.<\/p>\n\n\n\n<p class=\"has-text-align-center hide-for-large\">Tani dihet q\u00eb infertiliteti mashkullor shkon dor\u00eb p\u00ebr dore me material gjenetik t\u00eb d\u00ebmtuar. M\u00eb shum\u00eb qeliza me ADN t\u00eb d\u00ebmtuar do t\u00eb thot\u00eb m\u00eb shum\u00eb material gjenetik i d\u00ebmtuar. Materiali gjenetik m\u00eb i d\u00ebmtuar n\u00ebnkupton mund\u00ebsi m\u00eb t\u00eb ul\u00ebta p\u00ebr shtatz\u00ebni t\u00eb suksesshme.<\/p>\n<\/div>\n<\/div>\n\n\n\n<div style=\"height:50px\" aria-hidden=\"true\" class=\"wp-block-spacer\"><\/div>\n\n\n\n<p class=\"has-dark-grey-color has-text-color has-small-font-size\"><em>Sources: <br>Cohen-Bacrie P. et al.; Fertility and Sterility 2009;91(5):1801-5.<br>Sartorius G.A. et al.; Human Reprod. 2010;16(1):65-79.<br>Plastira K. et al.; J Assist Reprod Genet. 2007;24(10): 437-443.<\/em><\/p>\n\n\n\n<div style=\"height:50px\" aria-hidden=\"true\" class=\"wp-block-spacer\"><\/div>\n\n\n\n\n\n<div id=\"anchorlink-block_5df3aab1b71c5\" class=\"anchorlink dark \">\n            <a href=\"#section4\" data-smooth-scroll data-animation-duration=\"750\" data-animation-easing=\"swing\" data-offset=\"-23\"><i class=\"material-icons pro-pulse\">expand_more<\/i><\/a>\n    <\/div><\/div><\/div>\n\n\n\n<div class=\"wp-block-group alignfull window-height center alignfulll has-blue-gradient-background-color has-background\" id=\"section4\"><div class=\"wp-block-group__inner-container is-layout-flow wp-block-group-is-layout-flow\">\n<div style=\"height:50px\" aria-hidden=\"true\" class=\"wp-block-spacer\"><\/div>\n\n\n\n<h2 class=\"has-text-align-center has-light-grey-color has-text-color wp-block-heading\">MB\u00cbSHTET RRUG\u00cbTIMIN <\/h2>\n\n\n\n<h2 class=\"has-text-align-center has-light-grey-color has-text-color wp-block-heading\">DREJT SHTATAZNIS\u00cb<\/h2>\n\n\n\n<div style=\"height:50px\" aria-hidden=\"true\" class=\"wp-block-spacer\"><\/div>\n\n\n\n<div class=\"grid-x grid-padding-x align-center\">\n<div class=\"cell medium-8 large-6\">\n<p style=\"font-size:24px\"><span class=\"has-text-color has-dark-grey-color\"><i class=\"material-icons\" style=\"font-size: 34px;position: relative;top: 7px;\">play_arrow<\/i><\/span> Redukton cop\u00ebzimin e ADN-s\u00eb s\u00eb spermatozoideve<\/p>\n<p style=\"font-size:24px\"><span class=\"has-text-color has-dark-grey-color\"><i class=\"material-icons\" style=\"font-size: 34px;position: relative;top: 7px;\">play_arrow<\/i><\/span> M\u00eb pak spermatozoide me form\u00eb anormale<\/p>\n<\/div>\n<\/div>\n\n\n\n<div style=\"height:50px\" aria-hidden=\"true\" class=\"wp-block-spacer\"><\/div>\n\n\n\n<div class=\"wp-block-columns is-layout-flex wp-container-core-columns-is-layout-9d6595d7 wp-block-columns-is-layout-flex\">\n<div class=\"wp-block-column is-vertically-aligned-bottom is-layout-flow wp-block-column-is-layout-flow\">\n<p class=\"has-text-align-right show-for-large has-white-color has-text-color\">Aft\u00ebsia e PROFERTIL\u00ae p\u00ebr t\u00eb mbrojtur ADN-n\u00eb nga d\u00ebmtimi \u00ebsht\u00eb provuar n\u00eb 2 studime klinike. Pas 3 muajsh t\u00eb marrjes s\u00eb PROFERTIL\u00ae, 74,6% e rezultateve t\u00eb testit t\u00eb pacient\u00ebve treguan nj\u00eb r\u00ebnie t\u00eb madhe t\u00eb ADN-s\u00eb s\u00eb d\u00ebmtuar t\u00eb spermatozoideve dhe nj\u00eb rritje t\u00eb konsiderueshme t\u00eb ADN-s\u00eb s\u00eb sperm\u00ebs s\u00eb sh\u00ebndetshme dhe t\u00eb pad\u00ebmtuar.<\/p>\n\n\n\n<p class=\"has-text-align-center hide-for-large has-white-color has-text-color\">Aft\u00ebsia e PROFERTIL\u00ae p\u00ebr t\u00eb mbrojtur ADN-n\u00eb nga d\u00ebmtimi \u00ebsht\u00eb provuar n\u00eb 2 studime klinike. Pas 3 muajsh t\u00eb marrjes s\u00eb PROFERTIL\u00ae, 74,6% e rezultateve t\u00eb testit t\u00eb pacient\u00ebve treguan nj\u00eb r\u00ebnie t\u00eb madhe t\u00eb ADN-s\u00eb s\u00eb d\u00ebmtuar t\u00eb spermatozoideve dhe nj\u00eb rritje t\u00eb konsiderueshme t\u00eb ADN-s\u00eb s\u00eb sperm\u00ebs s\u00eb sh\u00ebndetshme dhe t\u00eb pad\u00ebmtuar.<\/p>\n<\/div>\n\n\n\n<div class=\"wp-block-column is-layout-flow wp-block-column-is-layout-flow\">\n<div class=\"wp-block-image show-for-large\"><figure class=\"alignleft size-large\"><img loading=\"lazy\" decoding=\"async\" width=\"998\" height=\"580\" src=\"http:\/\/profertil.mk\/al\/wp-content\/uploads\/2021\/05\/reduces-dna-damage-998x580_20191217-1.png\" alt=\"\" class=\"wp-image-5779\" srcset=\"https:\/\/profertil.mk\/al\/wp-content\/uploads\/2021\/05\/reduces-dna-damage-998x580_20191217-1.png 998w, https:\/\/profertil.mk\/al\/wp-content\/uploads\/2021\/05\/reduces-dna-damage-998x580_20191217-1-300x174.png 300w, https:\/\/profertil.mk\/al\/wp-content\/uploads\/2021\/05\/reduces-dna-damage-998x580_20191217-1-768x446.png 768w\" sizes=\"(max-width: 998px) 100vw, 998px\" \/><\/figure><\/div>\n\n\n\n<div class=\"wp-block-image hide-for-large\"><figure class=\"aligncenter size-large\"><img loading=\"lazy\" decoding=\"async\" width=\"998\" height=\"580\" src=\"http:\/\/profertil.mk\/al\/wp-content\/uploads\/2021\/05\/reduces-dna-damage-998x580_20191217-2.png\" alt=\"\" class=\"wp-image-5780\" srcset=\"https:\/\/profertil.mk\/al\/wp-content\/uploads\/2021\/05\/reduces-dna-damage-998x580_20191217-2.png 998w, https:\/\/profertil.mk\/al\/wp-content\/uploads\/2021\/05\/reduces-dna-damage-998x580_20191217-2-300x174.png 300w, https:\/\/profertil.mk\/al\/wp-content\/uploads\/2021\/05\/reduces-dna-damage-998x580_20191217-2-768x446.png 768w\" sizes=\"(max-width: 998px) 100vw, 998px\" \/><\/figure><\/div>\n<\/div>\n<\/div>\n\n\n\n<div style=\"height:50px\" aria-hidden=\"true\" class=\"wp-block-spacer\"><\/div>\n\n\n\n<p class=\"has-white-color has-text-color has-small-font-size\"><em>Sources:<br>Lipovac M. et al.; EMJ Urol. 2014;1:60-65.<br>Eidenberger F. et al.; Fertility &amp; Reproduction 2019; 1:136-140. First results presented by Prof. Dr. Martin Imhof at Aspire 2019.<\/em><\/p>\n\n\n\n<div style=\"height:25px\" aria-hidden=\"true\" class=\"wp-block-spacer\"><\/div>\n\n\n\n\n\n<div id=\"anchorlink-block_5df3b19ab71c6\" class=\"anchorlink light \">\n            <a href=\"#buynow\" data-smooth-scroll data-animation-duration=\"750\" data-animation-easing=\"swing\" data-offset=\"-23\"><i class=\"material-icons pro-pulse\">expand_more<\/i><\/a>\n    <\/div><\/div><\/div>\n","protected":false},"excerpt":{"rendered":"<p>COP\u00cbZIMI I FIJEVE T\u00cb ADN-S\u00cb = ND\u00cbRPRERJE E TRANSPORTIT T\u00cb MATERIALIT GJENETIK Gjat\u00eb ndarjes s\u00eb qelizave, ADN transferohet n\u00eb \u00e7do qeliz\u00eb t\u00eb re ashtu si nj\u00eb tren transferon ngarkesat n\u00eb nj\u00eb destinacion. N\u00ebse shinat e nj\u00eb treni d\u00ebmtohen, treni nuk mund t\u00eb arrij\u00eb n\u00eb destinacion. E nj\u00ebjta gj\u00eb \u00ebsht\u00eb e v\u00ebrtet\u00eb kur fijet e ADN-s\u00eb<a class=\"excerpt-read-more\" href=\"https:\/\/profertil.mk\/al\/sperm-health\/dna-breaks\/\" title=\"ReadCop\u00ebzimi i fijeve t\u00eb ADN-s\u00eb\">&#8230; Read more &raquo;<\/a><\/p>\n","protected":false},"author":11,"featured_media":0,"parent":1422,"menu_order":4,"comment_status":"closed","ping_status":"closed","template":"template-full-width-no-title.php","meta":{"_acf_changed":false,"footnotes":""},"categories":[],"tags":[],"class_list":["post-3223","page","type-page","status-publish","hentry"],"acf":[],"_links":{"self":[{"href":"https:\/\/profertil.mk\/al\/wp-json\/wp\/v2\/pages\/3223","targetHints":{"allow":["GET"]}}],"collection":[{"href":"https:\/\/profertil.mk\/al\/wp-json\/wp\/v2\/pages"}],"about":[{"href":"https:\/\/profertil.mk\/al\/wp-json\/wp\/v2\/types\/page"}],"author":[{"embeddable":true,"href":"https:\/\/profertil.mk\/al\/wp-json\/wp\/v2\/users\/11"}],"replies":[{"embeddable":true,"href":"https:\/\/profertil.mk\/al\/wp-json\/wp\/v2\/comments?post=3223"}],"version-history":[{"count":189,"href":"https:\/\/profertil.mk\/al\/wp-json\/wp\/v2\/pages\/3223\/revisions"}],"predecessor-version":[{"id":6395,"href":"https:\/\/profertil.mk\/al\/wp-json\/wp\/v2\/pages\/3223\/revisions\/6395"}],"up":[{"embeddable":true,"href":"https:\/\/profertil.mk\/al\/wp-json\/wp\/v2\/pages\/1422"}],"wp:attachment":[{"href":"https:\/\/profertil.mk\/al\/wp-json\/wp\/v2\/media?parent=3223"}],"wp:term":[{"taxonomy":"category","embeddable":true,"href":"https:\/\/profertil.mk\/al\/wp-json\/wp\/v2\/categories?post=3223"},{"taxonomy":"post_tag","embeddable":true,"href":"https:\/\/profertil.mk\/al\/wp-json\/wp\/v2\/tags?post=3223"}],"curies":[{"name":"wp","href":"https:\/\/api.w.org\/{rel}","templated":true}]}}