{"id":2818,"date":"2019-07-11T15:52:58","date_gmt":"2019-07-11T13:52:58","guid":{"rendered":"https:\/\/profertil.eu\/?page_id=2818"},"modified":"2022-04-15T10:11:55","modified_gmt":"2022-04-15T08:11:55","slug":"subclinical-varikocele-study-2010","status":"publish","type":"page","link":"https:\/\/profertil.mk\/al\/studies\/subclinical-varikocele-study-2010\/","title":{"rendered":"Studimet n\u00ebnklinike t\u00eb varikocel\u00ebs 2010"},"content":{"rendered":"\n<div class=\"wp-block-cover alignfull is-light\"><span aria-hidden=\"true\" class=\"has-background-dim-10 wp-block-cover__gradient-background has-background-dim\"><\/span><img fetchpriority=\"high\" decoding=\"async\" width=\"2048\" height=\"500\" class=\"wp-block-cover__image-background wp-image-1062\" alt=\"\" src=\"http:\/\/profertil.mk\/al\/wp-content\/uploads\/2019\/06\/spermiogramm.jpg\" style=\"object-position:14% 44%\" data-object-fit=\"cover\" data-object-position=\"14% 44%\" srcset=\"https:\/\/profertil.mk\/al\/wp-content\/uploads\/2019\/06\/spermiogramm.jpg 2048w, https:\/\/profertil.mk\/al\/wp-content\/uploads\/2019\/06\/spermiogramm-300x73.jpg 300w, https:\/\/profertil.mk\/al\/wp-content\/uploads\/2019\/06\/spermiogramm-768x188.jpg 768w, https:\/\/profertil.mk\/al\/wp-content\/uploads\/2019\/06\/spermiogramm-1024x250.jpg 1024w\" sizes=\"(max-width: 2048px) 100vw, 2048px\" \/><div class=\"wp-block-cover__inner-container is-layout-flow wp-block-cover-is-layout-flow\">\n<h1 class=\"has-red-color has-text-align-right wp-block-heading\">P\u00cbRMIR\u00cbSON<br>KUALITETIN E SPERM\u00cbS<\/h1>\n<\/div><\/div>\n\n\n\n<div class=\"wp-block-group alignfull has-red-gradient-background-color has-background\"><div class=\"wp-block-group__inner-container is-layout-flow wp-block-group-is-layout-flow\">\n<div style=\"height:20px\" aria-hidden=\"true\" class=\"wp-block-spacer\"><\/div>\n\n\n\n<div class=\"wp-block-image\"><figure class=\"aligncenter size-large is-resized\"><img decoding=\"async\" src=\"http:\/\/profertil.eu\/wp-content\/uploads\/\/2019\/07\/PROfertil_Pillensperm-2.png\" alt=\"\" class=\"wp-image-3018\" width=\"467\" height=\"50\" srcset=\"https:\/\/profertil.mk\/al\/wp-content\/uploads\/2019\/07\/PROfertil_Pillensperm-2.png 933w, https:\/\/profertil.mk\/al\/wp-content\/uploads\/2019\/07\/PROfertil_Pillensperm-2-300x32.png 300w, https:\/\/profertil.mk\/al\/wp-content\/uploads\/2019\/07\/PROfertil_Pillensperm-2-768x82.png 768w\" sizes=\"(max-width: 467px) 100vw, 467px\" \/><\/figure><\/div>\n\n\n\n<p class=\"has-text-align-center medium-width has-white-color has-text-color\" style=\"font-size:30px\">\u00bbRrit fertilitetin te meshkujt me varikocel\u00eb n<meta charset=\"utf-8\">\u00ebnklinike\u00ab<\/p>\n\n\n\n<div style=\"height:30px\" aria-hidden=\"true\" class=\"wp-block-spacer\"><\/div>\n<\/div><\/div>\n\n\n\n<div class=\"wp-block-group alignfull\"><div class=\"wp-block-group__inner-container is-layout-flow wp-block-group-is-layout-flow\">\n<div class=\"wp-block-columns study-8-4 is-layout-flex wp-container-core-columns-is-layout-9d6595d7 wp-block-columns-is-layout-flex\">\n<div class=\"wp-block-column is-layout-flow wp-block-column-is-layout-flow\">\n<div style=\"height:50px\" aria-hidden=\"true\" class=\"wp-block-spacer\"><\/div>\n\n\n\n<p class=\"has-medium-font-size\">STUDIMET N<meta charset=\"utf-8\">\u00cbNKLINIKE T\u00cb VARIKOCEL\u00cbS 2010<\/p>\n\n\n\n<p class=\"has-red-color has-text-color\"><strong>P\u00ebrmir\u00ebsim i cil\u00ebsis\u00eb s\u00eb sperm\u00ebs&nbsp;pas 3 muajve nga p\u00ebrdorimi i Profertil<\/strong><\/p>\n\n\n\n<div style=\"height:50px\" aria-hidden=\"true\" class=\"wp-block-spacer\"><\/div>\n<\/div>\n\n\n\n<div class=\"wp-block-column is-layout-flow wp-block-column-is-layout-flow\">\n<div class=\"wp-block-image bubble\"><figure class=\"aligncenter size-large\"><img decoding=\"async\" width=\"608\" height=\"529\" src=\"http:\/\/profertil.mk\/al\/wp-content\/uploads\/2021\/09\/varicocle-study-bubble.png\" alt=\"\" class=\"wp-image-5874\" srcset=\"https:\/\/profertil.mk\/al\/wp-content\/uploads\/2021\/09\/varicocle-study-bubble.png 608w, https:\/\/profertil.mk\/al\/wp-content\/uploads\/2021\/09\/varicocle-study-bubble-300x261.png 300w\" sizes=\"(max-width: 608px) 100vw, 608px\" \/><\/figure><\/div>\n<\/div>\n<\/div>\n\n\n\n<div class=\"wp-block-columns study-8-4 is-layout-flex wp-container-core-columns-is-layout-9d6595d7 wp-block-columns-is-layout-flex\">\n<div class=\"wp-block-column small-order-2 medium-order-1 is-layout-flow wp-block-column-is-layout-flow\">\n<div class=\"wp-block-image show-for-medium\"><figure class=\"aligncenter size-large\"><img loading=\"lazy\" decoding=\"async\" width=\"1024\" height=\"669\" src=\"https:\/\/profertil.mk\/al\/wp-content\/uploads\/2021\/11\/Untitled-11-1024x669.png\" alt=\"\" class=\"wp-image-6060\" srcset=\"https:\/\/profertil.mk\/al\/wp-content\/uploads\/2021\/11\/Untitled-11-1024x669.png 1024w, https:\/\/profertil.mk\/al\/wp-content\/uploads\/2021\/11\/Untitled-11-300x196.png 300w, https:\/\/profertil.mk\/al\/wp-content\/uploads\/2021\/11\/Untitled-11-768x502.png 768w, https:\/\/profertil.mk\/al\/wp-content\/uploads\/2021\/11\/Untitled-11.png 1240w\" sizes=\"(max-width: 1024px) 100vw, 1024px\" \/><\/figure><\/div>\n\n\n\n<div class=\"wp-block-group hide-for-medium\"><div class=\"wp-block-group__inner-container is-layout-flow wp-block-group-is-layout-flow\">\n<figure class=\"wp-block-image size-large\"><img loading=\"lazy\" decoding=\"async\" width=\"836\" height=\"1024\" src=\"https:\/\/profertil.mk\/al\/wp-content\/uploads\/2021\/11\/157-836x1024.png\" alt=\"\" class=\"wp-image-6061\" srcset=\"https:\/\/profertil.mk\/al\/wp-content\/uploads\/2021\/11\/157-836x1024.png 836w, https:\/\/profertil.mk\/al\/wp-content\/uploads\/2021\/11\/157-245x300.png 245w, https:\/\/profertil.mk\/al\/wp-content\/uploads\/2021\/11\/157-768x940.png 768w, https:\/\/profertil.mk\/al\/wp-content\/uploads\/2021\/11\/157.png 1240w\" sizes=\"(max-width: 836px) 100vw, 836px\" \/><\/figure>\n\n\n\n<div style=\"height:50px\" aria-hidden=\"true\" class=\"wp-block-spacer\"><\/div>\n\n\n\n<figure class=\"wp-block-image size-large\"><img loading=\"lazy\" decoding=\"async\" width=\"836\" height=\"1024\" src=\"https:\/\/profertil.mk\/al\/wp-content\/uploads\/2021\/11\/43.7-836x1024.png\" alt=\"\" class=\"wp-image-6062\" srcset=\"https:\/\/profertil.mk\/al\/wp-content\/uploads\/2021\/11\/43.7-836x1024.png 836w, https:\/\/profertil.mk\/al\/wp-content\/uploads\/2021\/11\/43.7-245x300.png 245w, https:\/\/profertil.mk\/al\/wp-content\/uploads\/2021\/11\/43.7-768x940.png 768w, https:\/\/profertil.mk\/al\/wp-content\/uploads\/2021\/11\/43.7.png 1240w\" sizes=\"(max-width: 836px) 100vw, 836px\" \/><\/figure>\n\n\n\n<figure class=\"wp-block-image size-large\"><img loading=\"lazy\" decoding=\"async\" width=\"1024\" height=\"299\" src=\"https:\/\/profertil.mk\/al\/wp-content\/uploads\/2021\/11\/Untitled-8-1024x299.png\" alt=\"\" class=\"wp-image-6063\" srcset=\"https:\/\/profertil.mk\/al\/wp-content\/uploads\/2021\/11\/Untitled-8-1024x299.png 1024w, https:\/\/profertil.mk\/al\/wp-content\/uploads\/2021\/11\/Untitled-8-300x88.png 300w, https:\/\/profertil.mk\/al\/wp-content\/uploads\/2021\/11\/Untitled-8-768x224.png 768w, https:\/\/profertil.mk\/al\/wp-content\/uploads\/2021\/11\/Untitled-8.png 1240w\" sizes=\"(max-width: 1024px) 100vw, 1024px\" \/><\/figure>\n<\/div><\/div>\n<\/div>\n\n\n\n<div class=\"wp-block-column small-order-1 medium-order-2 is-layout-flow wp-block-column-is-layout-flow\">\n<figure class=\"wp-block-image size-full is-resized\"><img loading=\"lazy\" decoding=\"async\" src=\"http:\/\/profertil.eu\/wp-content\/uploads\/\/2019\/07\/eau_Logo.png\" alt=\"\" class=\"wp-image-2662\" width=\"113\" height=\"65\"\/><\/figure>\n\n\n\n<div style=\"height:30px\" aria-hidden=\"true\" class=\"wp-block-spacer\"><\/div>\n\n\n\n<p class=\"has-small-font-size\"><strong>Numri i pacient<meta charset=\"utf-8\">\u00ebve: <br><\/strong>n = 55 <br><br><strong>Publikime:<br><\/strong>Prezantimi i posterit n\u00eb EAU, Bratislava (Tetor 2010).<\/p>\n\n\n\n<div style=\"height:30px\" aria-hidden=\"true\" class=\"wp-block-spacer\"><\/div>\n<\/div>\n<\/div>\n\n\n\n<div style=\"height:50px\" aria-hidden=\"true\" class=\"wp-block-spacer\"><\/div>\n\n\n\n<div class=\"wp-block-columns study-8-4 is-layout-flex wp-container-core-columns-is-layout-9d6595d7 wp-block-columns-is-layout-flex\">\n<div class=\"wp-block-column is-layout-flow wp-block-column-is-layout-flow\">\n<p class=\"has-red-color has-text-color\"><strong>Rezultatet tregojn\u00eb se&nbsp;PROFERTIL\u00ae: 3)<\/strong><\/p>\n\n\n\n<ul class=\"studylist wp-block-list\"><li>p\u00ebrmir\u00ebson t\u00eb gjith\u00eb parametrat e sperm\u00ebs t\u00eb nevojshme p\u00ebr konceptim dhe shtatzani t\u00eb suksesshme duke reduktuar stresin oksidativ (shkaktar i fragmentimit t\u00eb ADN-s\u00eb)<\/li><li>mund t\u00eb p\u00ebrdoret pas operacionit t\u00eb varikocel\u00ebs<\/li><\/ul>\n\n\n\n<div style=\"height:30px\" aria-hidden=\"true\" class=\"wp-block-spacer\"><\/div>\n\n\n\n<p class=\"has-small-font-size\">Studimi n\u00ebn-klinik i varikocel\u00ebs 2010; Mikronutrient\u00ebt si nj\u00eb alternativ\u00eb ndaj trajtimit t\u00eb fertilitetit tek meshkujt me varikocel\u00eb n\u00ebnklinike; Schauer I. etj .; kriteret e p\u00ebrfshirjes:&gt; 2 vjet infertilitet, \u2265 2 analiza patologjike t\u00eb sperm\u00ebs; kriteret e p\u00ebrjashtimit: infeksionet, aspermia, shqet\u00ebsimet hormonale.<\/p>\n\n\n\n<p><\/p>\n<\/div>\n\n\n\n<div class=\"wp-block-column is-layout-flow wp-block-column-is-layout-flow\"><\/div>\n<\/div>\n\n\n\n<div style=\"height:50px\" aria-hidden=\"true\" class=\"wp-block-spacer\"><\/div>\n\n\n\n\n\n<div id=\"anchorlink-block_5d029bb7eaea5\" class=\"anchorlink dark \">\n            <a href=\"#packshot\" data-smooth-scroll data-animation-duration=\"750\" data-animation-easing=\"swing\" data-offset=\"-23\"><i class=\"material-icons pro-pulse\">expand_more<\/i><\/a>\n    <\/div><\/div><\/div>\n\n\n\n<div class=\"wp-block-group alignfull has-red-gradient-background-color has-background\" id=\"packshot\"><div class=\"wp-block-group__inner-container is-layout-flow wp-block-group-is-layout-flow\">\n<div class=\"wp-block-columns has-2-columns is-layout-flex wp-container-core-columns-is-layout-9d6595d7 wp-block-columns-is-layout-flex\">\n<div class=\"wp-block-column is-vertically-aligned-center is-layout-flow wp-block-column-is-layout-flow\">\n<div class=\"wp-block-image\"><figure class=\"aligncenter size-large\"><img loading=\"lazy\" decoding=\"async\" width=\"946\" height=\"352\" src=\"http:\/\/profertil.mk\/al\/wp-content\/uploads\/2021\/09\/nr1-proven-efficacy.png\" alt=\"\" class=\"wp-image-5838\" srcset=\"https:\/\/profertil.mk\/al\/wp-content\/uploads\/2021\/09\/nr1-proven-efficacy.png 946w, https:\/\/profertil.mk\/al\/wp-content\/uploads\/2021\/09\/nr1-proven-efficacy-300x112.png 300w, https:\/\/profertil.mk\/al\/wp-content\/uploads\/2021\/09\/nr1-proven-efficacy-768x286.png 768w\" sizes=\"(max-width: 946px) 100vw, 946px\" \/><\/figure><\/div>\n<\/div>\n\n\n\n<div class=\"wp-block-column is-vertically-aligned-center is-layout-flow wp-block-column-is-layout-flow\">\n<div style=\"height:50px\" aria-hidden=\"true\" class=\"wp-block-spacer\"><\/div>\n\n\n\n<div class=\"wp-block-image\"><figure class=\"aligncenter size-large\"><img loading=\"lazy\" decoding=\"async\" width=\"791\" height=\"390\" src=\"http:\/\/profertil.mk\/al\/wp-content\/uploads\/\/2019\/07\/PROfertil-male_60K_int_HG-drot.png\" alt=\"Packshot PROFERTIL\u00ae male\" class=\"wp-image-2728\" srcset=\"https:\/\/profertil.mk\/al\/wp-content\/uploads\/2019\/07\/PROfertil-male_60K_int_HG-drot.png 791w, https:\/\/profertil.mk\/al\/wp-content\/uploads\/2019\/07\/PROfertil-male_60K_int_HG-drot-300x148.png 300w, https:\/\/profertil.mk\/al\/wp-content\/uploads\/2019\/07\/PROfertil-male_60K_int_HG-drot-768x379.png 768w\" sizes=\"(max-width: 791px) 100vw, 791px\" \/><\/figure><\/div>\n\n\n\n<p class=\"has-text-align-center has-white-color has-text-color\"><strong>MESATARJA E SHKALL\u00cbS S\u00cb SUKSESIT \u00d8<\/strong> <strong>26-41%<\/strong><\/p>\n\n\n\n<div style=\"height:50px\" aria-hidden=\"true\" class=\"wp-block-spacer\"><\/div>\n<\/div>\n<\/div>\n\n\n\n\n\n<div id=\"anchorlink-block_5d02a16a1f77b\" class=\"anchorlink light \">\n            <a href=\"#buynow\" data-smooth-scroll data-animation-duration=\"750\" data-animation-easing=\"swing\" data-offset=\"-23\"><i class=\"material-icons pro-pulse\">expand_more<\/i><\/a>\n    <\/div>\n\n\n<p><\/p>\n<\/div><\/div>\n","protected":false},"excerpt":{"rendered":"<p>\u00bbRrit fertilitetin te meshkujt me varikocel\u00eb n\u00ebnklinike\u00ab STUDIMET N\u00cbNKLINIKE T\u00cb VARIKOCEL\u00cbS 2010 P\u00ebrmir\u00ebsim i cil\u00ebsis\u00eb s\u00eb sperm\u00ebs&nbsp;pas 3 muajve nga p\u00ebrdorimi i Profertil Numri i pacient\u00ebve: n = 55 Publikime:Prezantimi i posterit n\u00eb EAU, Bratislava (Tetor 2010). Rezultatet tregojn\u00eb se&nbsp;PROFERTIL\u00ae: 3) p\u00ebrmir\u00ebson t\u00eb gjith\u00eb parametrat e sperm\u00ebs t\u00eb nevojshme p\u00ebr konceptim dhe shtatzani t\u00eb suksesshme<a class=\"excerpt-read-more\" href=\"https:\/\/profertil.mk\/al\/studies\/subclinical-varikocele-study-2010\/\" title=\"ReadStudimet n\u00ebnklinike t\u00eb varikocel\u00ebs 2010\">&#8230; Read more &raquo;<\/a><\/p>\n","protected":false},"author":11,"featured_media":0,"parent":1430,"menu_order":7,"comment_status":"closed","ping_status":"closed","template":"template-study.php","meta":{"_acf_changed":false,"footnotes":""},"categories":[],"tags":[],"class_list":["post-2818","page","type-page","status-publish","hentry"],"acf":[],"_links":{"self":[{"href":"https:\/\/profertil.mk\/al\/wp-json\/wp\/v2\/pages\/2818","targetHints":{"allow":["GET"]}}],"collection":[{"href":"https:\/\/profertil.mk\/al\/wp-json\/wp\/v2\/pages"}],"about":[{"href":"https:\/\/profertil.mk\/al\/wp-json\/wp\/v2\/types\/page"}],"author":[{"embeddable":true,"href":"https:\/\/profertil.mk\/al\/wp-json\/wp\/v2\/users\/11"}],"replies":[{"embeddable":true,"href":"https:\/\/profertil.mk\/al\/wp-json\/wp\/v2\/comments?post=2818"}],"version-history":[{"count":48,"href":"https:\/\/profertil.mk\/al\/wp-json\/wp\/v2\/pages\/2818\/revisions"}],"predecessor-version":[{"id":6471,"href":"https:\/\/profertil.mk\/al\/wp-json\/wp\/v2\/pages\/2818\/revisions\/6471"}],"up":[{"embeddable":true,"href":"https:\/\/profertil.mk\/al\/wp-json\/wp\/v2\/pages\/1430"}],"wp:attachment":[{"href":"https:\/\/profertil.mk\/al\/wp-json\/wp\/v2\/media?parent=2818"}],"wp:term":[{"taxonomy":"category","embeddable":true,"href":"https:\/\/profertil.mk\/al\/wp-json\/wp\/v2\/categories?post=2818"},{"taxonomy":"post_tag","embeddable":true,"href":"https:\/\/profertil.mk\/al\/wp-json\/wp\/v2\/tags?post=2818"}],"curies":[{"name":"wp","href":"https:\/\/api.w.org\/{rel}","templated":true}]}}