{"id":2789,"date":"2019-07-11T15:43:13","date_gmt":"2019-07-11T13:43:13","guid":{"rendered":"https:\/\/profertil.eu\/?page_id=2789"},"modified":"2022-04-15T10:11:18","modified_gmt":"2022-04-15T08:11:18","slug":"l-carnitine-study-2016","status":"publish","type":"page","link":"https:\/\/profertil.mk\/al\/studies\/l-carnitine-study-2016\/","title":{"rendered":"Studimet e L-Karnitin\u00ebs 2016"},"content":{"rendered":"\n<div class=\"wp-block-cover alignfull is-light\"><span aria-hidden=\"true\" class=\"has-background-dim-10 wp-block-cover__gradient-background has-background-dim\"><\/span><img fetchpriority=\"high\" decoding=\"async\" width=\"2048\" height=\"500\" class=\"wp-block-cover__image-background wp-image-1062\" alt=\"\" src=\"http:\/\/profertil.mk\/al\/wp-content\/uploads\/2019\/06\/spermiogramm.jpg\" style=\"object-position:14% 44%\" data-object-fit=\"cover\" data-object-position=\"14% 44%\" srcset=\"https:\/\/profertil.mk\/al\/wp-content\/uploads\/2019\/06\/spermiogramm.jpg 2048w, https:\/\/profertil.mk\/al\/wp-content\/uploads\/2019\/06\/spermiogramm-300x73.jpg 300w, https:\/\/profertil.mk\/al\/wp-content\/uploads\/2019\/06\/spermiogramm-768x188.jpg 768w, https:\/\/profertil.mk\/al\/wp-content\/uploads\/2019\/06\/spermiogramm-1024x250.jpg 1024w\" sizes=\"(max-width: 2048px) 100vw, 2048px\" \/><div class=\"wp-block-cover__inner-container is-layout-flow wp-block-cover-is-layout-flow\">\n<h1 class=\"has-red-color has-text-align-right wp-block-heading\">FORMULIM UNIK, I PATENTUAR<\/h1>\n<\/div><\/div>\n\n\n\n<div class=\"wp-block-group alignfull has-red-gradient-background-color has-background\"><div class=\"wp-block-group__inner-container is-layout-flow wp-block-group-is-layout-flow\">\n<div style=\"height:20px\" aria-hidden=\"true\" class=\"wp-block-spacer\"><\/div>\n\n\n\n<div class=\"wp-block-image\"><figure class=\"aligncenter size-large is-resized\"><img decoding=\"async\" src=\"http:\/\/profertil.eu\/wp-content\/uploads\/\/2019\/07\/PROfertil_Pillensperm-2.png\" alt=\"\" class=\"wp-image-3018\" width=\"467\" height=\"50\" srcset=\"https:\/\/profertil.mk\/al\/wp-content\/uploads\/2019\/07\/PROfertil_Pillensperm-2.png 933w, https:\/\/profertil.mk\/al\/wp-content\/uploads\/2019\/07\/PROfertil_Pillensperm-2-300x32.png 300w, https:\/\/profertil.mk\/al\/wp-content\/uploads\/2019\/07\/PROfertil_Pillensperm-2-768x82.png 768w\" sizes=\"(max-width: 467px) 100vw, 467px\" \/><\/figure><\/div>\n\n\n\n<p class=\"has-text-align-center medium-width has-white-color has-text-color\" style=\"font-size:30px\">\u00bbEfekt sinergjik i kombinimit tejkalon performanc\u00ebn e nj\u00eb substance t\u00eb vetme me doz\u00eb t\u00eb lart\u00eb \u00ab<\/p>\n\n\n\n<div style=\"height:30px\" aria-hidden=\"true\" class=\"wp-block-spacer\"><\/div>\n<\/div><\/div>\n\n\n\n<div class=\"wp-block-group alignfull\"><div class=\"wp-block-group__inner-container is-layout-flow wp-block-group-is-layout-flow\">\n<div class=\"wp-block-columns study-8-4 is-layout-flex wp-container-core-columns-is-layout-9d6595d7 wp-block-columns-is-layout-flex\">\n<div class=\"wp-block-column is-layout-flow wp-block-column-is-layout-flow\">\n<div style=\"height:50px\" aria-hidden=\"true\" class=\"wp-block-spacer\"><\/div>\n\n\n\n<p class=\"has-medium-font-size\">STUDIMET E L-KARNITIN<meta charset=\"utf-8\">\u00cbS 2016<\/p>\n\n\n\n<h3 class=\"has-red-color has-text-color wp-block-heading\">Ndryshimi relativ i parametrave t\u00eb sperm\u00ebs (n\u00eb %) pas 3 muajve p\u00ebrdorimi t\u00eb PROFERTIL\u00ae kundrejt grupit me nj\u00eb substanc\u00eb t\u00eb vetme<\/h3>\n<\/div>\n\n\n\n<div class=\"wp-block-column is-layout-flow wp-block-column-is-layout-flow\">\n<div class=\"wp-block-image bubble\"><figure class=\"aligncenter size-full\"><img decoding=\"async\" width=\"608\" height=\"529\" src=\"https:\/\/profertil.mk\/al\/wp-content\/uploads\/2021\/11\/Avantazh-i-ndjeshe\u0308m.png\" alt=\"\" class=\"wp-image-6055\" srcset=\"https:\/\/profertil.mk\/al\/wp-content\/uploads\/2021\/11\/Avantazh-i-ndjeshe\u0308m.png 608w, https:\/\/profertil.mk\/al\/wp-content\/uploads\/2021\/11\/Avantazh-i-ndjeshe\u0308m-300x261.png 300w\" sizes=\"(max-width: 608px) 100vw, 608px\" \/><\/figure><\/div>\n<\/div>\n<\/div>\n\n\n\n<div class=\"wp-block-columns study-8-4 is-layout-flex wp-container-core-columns-is-layout-9d6595d7 wp-block-columns-is-layout-flex\">\n<div class=\"wp-block-column small-order-2 medium-order-1 is-layout-flow wp-block-column-is-layout-flow\">\n<div class=\"wp-block-image\"><figure class=\"aligncenter size-large\"><img loading=\"lazy\" decoding=\"async\" width=\"1024\" height=\"712\" src=\"https:\/\/profertil.mk\/al\/wp-content\/uploads\/2021\/11\/\u00ae-1024x712.png\" alt=\"\" class=\"wp-image-6056\" srcset=\"https:\/\/profertil.mk\/al\/wp-content\/uploads\/2021\/11\/\u00ae-1024x712.png 1024w, https:\/\/profertil.mk\/al\/wp-content\/uploads\/2021\/11\/\u00ae-300x209.png 300w, https:\/\/profertil.mk\/al\/wp-content\/uploads\/2021\/11\/\u00ae-768x534.png 768w, https:\/\/profertil.mk\/al\/wp-content\/uploads\/2021\/11\/\u00ae.png 1240w\" sizes=\"(max-width: 1024px) 100vw, 1024px\" \/><\/figure><\/div>\n<\/div>\n\n\n\n<div class=\"wp-block-column small-order-1 medium-order-2 is-layout-flow wp-block-column-is-layout-flow\">\n<figure class=\"wp-block-image size-full is-resized\"><img loading=\"lazy\" decoding=\"async\" src=\"http:\/\/profertil.eu\/wp-content\/uploads\/\/2019\/07\/BioMed-Central-Logo.png\" alt=\"\" class=\"wp-image-2622\" width=\"192\" height=\"68\" srcset=\"https:\/\/profertil.mk\/al\/wp-content\/uploads\/2019\/07\/BioMed-Central-Logo.png 384w, https:\/\/profertil.mk\/al\/wp-content\/uploads\/2019\/07\/BioMed-Central-Logo-300x105.png 300w\" sizes=\"(max-width: 192px) 100vw, 192px\" \/><\/figure>\n\n\n\n<div style=\"height:30px\" aria-hidden=\"true\" class=\"wp-block-spacer\"><\/div>\n\n\n\n<p class=\"has-small-font-size\"><strong>Numri i pacient<meta charset=\"utf-8\">\u00ebve: <br><\/strong>n = 299 <br>(Grupi PROFERTIL\u00ae : n = 143; <br>groupi i kontrollit : n = 156)<br><br><strong>Publikime:<br><\/strong>Reprod Biol Endocrin (Dec 2016) 14:84.<\/p>\n\n\n\n<div style=\"height:30px\" aria-hidden=\"true\" class=\"wp-block-spacer\"><\/div>\n<\/div>\n<\/div>\n\n\n\n<div style=\"height:50px\" aria-hidden=\"true\" class=\"wp-block-spacer\"><\/div>\n\n\n\n<div class=\"wp-block-columns study-8-4 is-layout-flex wp-container-core-columns-is-layout-9d6595d7 wp-block-columns-is-layout-flex\">\n<div class=\"wp-block-column is-layout-flow wp-block-column-is-layout-flow\">\n<h6 class=\"has-red-color has-text-color wp-block-heading\">Studimi i par\u00eb prospektiv i kontrolluar (krahasuar me doz\u00eb te lart\u00eb t\u00eb L-karnitin\u00eb) tregoi ep\u00ebrsi t\u00eb p\u00ebrb\u00ebrjes PROFERTIL\u00ae:<\/h6>\n\n\n\n<p><strong>\u2022<\/strong> N\u00eb m\u00ebnyr\u00eb dometh\u00ebn\u00ebse superior ndaj preparatit t\u00eb vet\u00ebm n\u00eb lidhje me efektin&nbsp;mbi densitetin e sperm\u00ebs, l\u00ebvizshm\u00ebrin\u00eb e p\u00ebrgjithshme progresive dhe l\u00ebvizshm\u00ebrin\u00eb e shpejt\u00eb progresive<\/p>\n\n\n\n<p><strong>\u2022<\/strong> P\u00ebrmir\u00ebson mund\u00ebsin\u00eb e suksesit natyral dhe konceptimin ART, shtatz\u00ebnin\u00eb dhe sh\u00ebndetin e pasardh\u00ebsve<\/p>\n\n\n\n<div style=\"height:30px\" aria-hidden=\"true\" class=\"wp-block-spacer\"><\/div>\n\n\n\n<p class=\"has-small-font-size\">Studimi L-Carnitine 2016; Krahasimi i efektit t\u00eb nj\u00eb kombinimi t\u00eb tet\u00eb mikronutrient\u00ebve kundrejt nj\u00eb preparati standard mono n\u00eb parametrat e sperm\u00ebs; Lipovac et al .; kriteret e p\u00ebrfshirjes: mosha 20-60 vje\u00e7; \u2265 1 vit n\u00ebn sterilitet dhe t\u00eb pakt\u00ebn nj\u00eb rezultat i fundit i analiz\u00ebs patologjike t\u00eb sperm\u00ebs (\u2264 3 muaj); kriteret e p\u00ebrjashtimit: aspermia, varikocela, azoospermia, infeksionet urogjenitale.<\/p>\n\n\n\n<p><\/p>\n<\/div>\n\n\n\n<div class=\"wp-block-column is-layout-flow wp-block-column-is-layout-flow\"><\/div>\n<\/div>\n\n\n\n<div style=\"height:50px\" aria-hidden=\"true\" class=\"wp-block-spacer\"><\/div>\n\n\n\n\n\n<div id=\"anchorlink-block_5d029bb7eaea5\" class=\"anchorlink dark \">\n            <a href=\"#packshot\" data-smooth-scroll data-animation-duration=\"750\" data-animation-easing=\"swing\" data-offset=\"-23\"><i class=\"material-icons pro-pulse\">expand_more<\/i><\/a>\n    <\/div><\/div><\/div>\n\n\n\n<div class=\"wp-block-group alignfull has-red-gradient-background-color has-background\" id=\"packshot\"><div class=\"wp-block-group__inner-container is-layout-flow wp-block-group-is-layout-flow\">\n<div class=\"wp-block-columns has-2-columns is-layout-flex wp-container-core-columns-is-layout-9d6595d7 wp-block-columns-is-layout-flex\">\n<div class=\"wp-block-column is-vertically-aligned-center is-layout-flow wp-block-column-is-layout-flow\">\n<div class=\"wp-block-image\"><figure class=\"aligncenter size-large\"><img loading=\"lazy\" decoding=\"async\" width=\"946\" height=\"352\" src=\"http:\/\/profertil.mk\/al\/wp-content\/uploads\/2021\/09\/nr1-proven-efficacy.png\" alt=\"\" class=\"wp-image-5838\" srcset=\"https:\/\/profertil.mk\/al\/wp-content\/uploads\/2021\/09\/nr1-proven-efficacy.png 946w, https:\/\/profertil.mk\/al\/wp-content\/uploads\/2021\/09\/nr1-proven-efficacy-300x112.png 300w, https:\/\/profertil.mk\/al\/wp-content\/uploads\/2021\/09\/nr1-proven-efficacy-768x286.png 768w\" sizes=\"(max-width: 946px) 100vw, 946px\" \/><\/figure><\/div>\n<\/div>\n\n\n\n<div class=\"wp-block-column is-vertically-aligned-center is-layout-flow wp-block-column-is-layout-flow\">\n<div style=\"height:50px\" aria-hidden=\"true\" class=\"wp-block-spacer\"><\/div>\n\n\n\n<div class=\"wp-block-image\"><figure class=\"aligncenter size-large\"><img loading=\"lazy\" decoding=\"async\" width=\"791\" height=\"390\" src=\"http:\/\/profertil.mk\/al\/wp-content\/uploads\/\/2019\/07\/PROfertil-male_60K_int_HG-drot.png\" alt=\"Packshot PROFERTIL\u00ae male\" class=\"wp-image-2728\" srcset=\"https:\/\/profertil.mk\/al\/wp-content\/uploads\/2019\/07\/PROfertil-male_60K_int_HG-drot.png 791w, https:\/\/profertil.mk\/al\/wp-content\/uploads\/2019\/07\/PROfertil-male_60K_int_HG-drot-300x148.png 300w, https:\/\/profertil.mk\/al\/wp-content\/uploads\/2019\/07\/PROfertil-male_60K_int_HG-drot-768x379.png 768w\" sizes=\"(max-width: 791px) 100vw, 791px\" \/><\/figure><\/div>\n\n\n\n<p class=\"has-text-align-center has-white-color has-text-color\"><strong>MESATARJA E SHKALL\u00cbS S\u00cb SUKSESIT \u00d8<\/strong> <strong>26-41%<\/strong><\/p>\n\n\n\n<div style=\"height:50px\" aria-hidden=\"true\" class=\"wp-block-spacer\"><\/div>\n<\/div>\n<\/div>\n\n\n\n\n\n<div id=\"anchorlink-block_5d02a16a1f77b\" class=\"anchorlink light \">\n            <a href=\"#buynow\" data-smooth-scroll data-animation-duration=\"750\" data-animation-easing=\"swing\" data-offset=\"-23\"><i class=\"material-icons pro-pulse\">expand_more<\/i><\/a>\n    <\/div>\n\n\n<p><\/p>\n<\/div><\/div>\n","protected":false},"excerpt":{"rendered":"<p>\u00bbEfekt sinergjik i kombinimit tejkalon performanc\u00ebn e nj\u00eb substance t\u00eb vetme me doz\u00eb t\u00eb lart\u00eb \u00ab STUDIMET E L-KARNITIN\u00cbS 2016 Ndryshimi relativ i parametrave t\u00eb sperm\u00ebs (n\u00eb %) pas 3 muajve p\u00ebrdorimi t\u00eb PROFERTIL\u00ae kundrejt grupit me nj\u00eb substanc\u00eb t\u00eb vetme Numri i pacient\u00ebve: n = 299 (Grupi PROFERTIL\u00ae : n = 143; groupi i<a class=\"excerpt-read-more\" href=\"https:\/\/profertil.mk\/al\/studies\/l-carnitine-study-2016\/\" title=\"ReadStudimet e L-Karnitin\u00ebs 2016\">&#8230; Read more &raquo;<\/a><\/p>\n","protected":false},"author":11,"featured_media":0,"parent":1430,"menu_order":6,"comment_status":"closed","ping_status":"closed","template":"template-study.php","meta":{"_acf_changed":false,"footnotes":""},"categories":[],"tags":[],"class_list":["post-2789","page","type-page","status-publish","hentry"],"acf":[],"_links":{"self":[{"href":"https:\/\/profertil.mk\/al\/wp-json\/wp\/v2\/pages\/2789","targetHints":{"allow":["GET"]}}],"collection":[{"href":"https:\/\/profertil.mk\/al\/wp-json\/wp\/v2\/pages"}],"about":[{"href":"https:\/\/profertil.mk\/al\/wp-json\/wp\/v2\/types\/page"}],"author":[{"embeddable":true,"href":"https:\/\/profertil.mk\/al\/wp-json\/wp\/v2\/users\/11"}],"replies":[{"embeddable":true,"href":"https:\/\/profertil.mk\/al\/wp-json\/wp\/v2\/comments?post=2789"}],"version-history":[{"count":41,"href":"https:\/\/profertil.mk\/al\/wp-json\/wp\/v2\/pages\/2789\/revisions"}],"predecessor-version":[{"id":6469,"href":"https:\/\/profertil.mk\/al\/wp-json\/wp\/v2\/pages\/2789\/revisions\/6469"}],"up":[{"embeddable":true,"href":"https:\/\/profertil.mk\/al\/wp-json\/wp\/v2\/pages\/1430"}],"wp:attachment":[{"href":"https:\/\/profertil.mk\/al\/wp-json\/wp\/v2\/media?parent=2789"}],"wp:term":[{"taxonomy":"category","embeddable":true,"href":"https:\/\/profertil.mk\/al\/wp-json\/wp\/v2\/categories?post=2789"},{"taxonomy":"post_tag","embeddable":true,"href":"https:\/\/profertil.mk\/al\/wp-json\/wp\/v2\/tags?post=2789"}],"curies":[{"name":"wp","href":"https:\/\/api.w.org\/{rel}","templated":true}]}}