{"id":2764,"date":"2019-07-11T15:34:41","date_gmt":"2019-07-11T13:34:41","guid":{"rendered":"https:\/\/profertil.eu\/?page_id=2764"},"modified":"2022-04-15T10:10:46","modified_gmt":"2022-04-15T08:10:46","slug":"controlled-study-2012","status":"publish","type":"page","link":"https:\/\/profertil.mk\/al\/studies\/controlled-study-2012\/","title":{"rendered":"Studimi i kontrolluar 2012"},"content":{"rendered":"\n<div class=\"wp-block-cover alignfull is-light\"><span aria-hidden=\"true\" class=\"has-background-dim-10 wp-block-cover__gradient-background has-background-dim\"><\/span><img fetchpriority=\"high\" decoding=\"async\" width=\"2048\" height=\"500\" class=\"wp-block-cover__image-background wp-image-1062\" alt=\"\" src=\"http:\/\/profertil.mk\/al\/wp-content\/uploads\/2019\/06\/spermiogramm.jpg\" style=\"object-position:14% 44%\" data-object-fit=\"cover\" data-object-position=\"14% 44%\" srcset=\"https:\/\/profertil.mk\/al\/wp-content\/uploads\/2019\/06\/spermiogramm.jpg 2048w, https:\/\/profertil.mk\/al\/wp-content\/uploads\/2019\/06\/spermiogramm-300x73.jpg 300w, https:\/\/profertil.mk\/al\/wp-content\/uploads\/2019\/06\/spermiogramm-768x188.jpg 768w, https:\/\/profertil.mk\/al\/wp-content\/uploads\/2019\/06\/spermiogramm-1024x250.jpg 1024w\" sizes=\"(max-width: 2048px) 100vw, 2048px\" \/><div class=\"wp-block-cover__inner-container is-layout-flow wp-block-cover-is-layout-flow\">\n<h1 class=\"has-text-align-right has-white-color has-text-color wp-block-heading\">P\u00cbRMIR\u00cbSON T\u00cb GJITHA<br>PARAMETRAT E SPERM\u00cbS<\/h1>\n<\/div><\/div>\n\n\n\n<div class=\"wp-block-group alignfull has-red-gradient-background-color has-background\"><div class=\"wp-block-group__inner-container is-layout-flow wp-block-group-is-layout-flow\">\n<div style=\"height:20px\" aria-hidden=\"true\" class=\"wp-block-spacer\"><\/div>\n\n\n\n<div class=\"wp-block-image\"><figure class=\"aligncenter size-large is-resized\"><img decoding=\"async\" src=\"http:\/\/profertil.eu\/wp-content\/uploads\/\/2019\/07\/PROfertil_Pillensperm-2.png\" alt=\"\" class=\"wp-image-3018\" width=\"467\" height=\"50\" srcset=\"https:\/\/profertil.mk\/al\/wp-content\/uploads\/2019\/07\/PROfertil_Pillensperm-2.png 933w, https:\/\/profertil.mk\/al\/wp-content\/uploads\/2019\/07\/PROfertil_Pillensperm-2-300x32.png 300w, https:\/\/profertil.mk\/al\/wp-content\/uploads\/2019\/07\/PROfertil_Pillensperm-2-768x82.png 768w\" sizes=\"(max-width: 467px) 100vw, 467px\" \/><\/figure><\/div>\n\n\n\n<p class=\"has-text-align-center medium-width has-white-color has-text-color\" style=\"font-size:30px\">\u00bbP\u00ebrmir\u00ebsimi i cil\u00ebsis\u00eb s\u00eb sperm\u00ebs k\u00ebrkon m\u00eb shum\u00eb sesa ndryshimi i stilit t<meta charset=\"utf-8\">\u00eb jet\u00ebs\u00ab<\/p>\n\n\n\n<div style=\"height:30px\" aria-hidden=\"true\" class=\"wp-block-spacer\"><\/div>\n<\/div><\/div>\n\n\n\n<div class=\"wp-block-group alignfull\"><div class=\"wp-block-group__inner-container is-layout-flow wp-block-group-is-layout-flow\">\n<div class=\"wp-block-columns study-8-4 is-layout-flex wp-container-core-columns-is-layout-9d6595d7 wp-block-columns-is-layout-flex\">\n<div class=\"wp-block-column is-layout-flow wp-block-column-is-layout-flow\">\n<div style=\"height:50px\" aria-hidden=\"true\" class=\"wp-block-spacer\"><\/div>\n\n\n\n<p class=\"has-medium-font-size\">STUDIM I KONTROLLUAR 2012<\/p>\n\n\n\n<p class=\"has-red-color has-text-color\"><strong>P\u00ebrmir\u00ebsimi i t\u00eb gjith\u00eb parametrave t\u00eb sperm\u00ebs (n\u00eb %) pas 3 muajve p\u00ebrdorim t\u00eb PROFERTIL<meta charset=\"utf-8\">\u00ae krahasuar me ndryshim t\u00eb stilit t\u00eb jetes\u00ebs.<\/strong><\/p>\n\n\n\n<div style=\"height:50px\" aria-hidden=\"true\" class=\"wp-block-spacer\"><\/div>\n\n\n\n<p><\/p>\n<\/div>\n\n\n\n<div class=\"wp-block-column is-layout-flow wp-block-column-is-layout-flow\">\n<div class=\"wp-block-image bubble\"><figure class=\"aligncenter size-large\"><img decoding=\"async\" width=\"608\" height=\"529\" src=\"http:\/\/profertil.mk\/al\/wp-content\/uploads\/2021\/09\/controlled-study-2012-bubble.png\" alt=\"\" class=\"wp-image-5871\" srcset=\"https:\/\/profertil.mk\/al\/wp-content\/uploads\/2021\/09\/controlled-study-2012-bubble.png 608w, https:\/\/profertil.mk\/al\/wp-content\/uploads\/2021\/09\/controlled-study-2012-bubble-300x261.png 300w\" sizes=\"(max-width: 608px) 100vw, 608px\" \/><\/figure><\/div>\n<\/div>\n<\/div>\n\n\n\n<div class=\"wp-block-columns study-8-4 is-layout-flex wp-container-core-columns-is-layout-9d6595d7 wp-block-columns-is-layout-flex\">\n<div class=\"wp-block-column small-order-2 medium-order-1 is-layout-flow wp-block-column-is-layout-flow\">\n<figure class=\"wp-block-image size-large show-for-medium\"><img loading=\"lazy\" decoding=\"async\" width=\"1024\" height=\"890\" src=\"https:\/\/profertil.mk\/al\/wp-content\/uploads\/2021\/11\/Untitled-5-1024x890.jpg\" alt=\"\" class=\"wp-image-6049\" srcset=\"https:\/\/profertil.mk\/al\/wp-content\/uploads\/2021\/11\/Untitled-5-1024x890.jpg 1024w, https:\/\/profertil.mk\/al\/wp-content\/uploads\/2021\/11\/Untitled-5-300x261.jpg 300w, https:\/\/profertil.mk\/al\/wp-content\/uploads\/2021\/11\/Untitled-5-768x668.jpg 768w, https:\/\/profertil.mk\/al\/wp-content\/uploads\/2021\/11\/Untitled-5.jpg 1240w\" sizes=\"(max-width: 1024px) 100vw, 1024px\" \/><\/figure>\n\n\n\n<div class=\"wp-block-group hide-for-medium\"><div class=\"wp-block-group__inner-container is-layout-flow wp-block-group-is-layout-flow\">\n<div class=\"wp-block-columns is-layout-flex wp-container-core-columns-is-layout-9d6595d7 wp-block-columns-is-layout-flex\">\n<div class=\"wp-block-column is-layout-flow wp-block-column-is-layout-flow\">\n<figure class=\"wp-block-image size-large\"><img loading=\"lazy\" decoding=\"async\" width=\"1024\" height=\"879\" src=\"https:\/\/profertil.mk\/al\/wp-content\/uploads\/2021\/11\/Chart_e-SPEN_INT_mobile_1-1024x879.png\" alt=\"\" class=\"wp-image-6046\" srcset=\"https:\/\/profertil.mk\/al\/wp-content\/uploads\/2021\/11\/Chart_e-SPEN_INT_mobile_1-1024x879.png 1024w, https:\/\/profertil.mk\/al\/wp-content\/uploads\/2021\/11\/Chart_e-SPEN_INT_mobile_1-300x258.png 300w, https:\/\/profertil.mk\/al\/wp-content\/uploads\/2021\/11\/Chart_e-SPEN_INT_mobile_1-768x660.png 768w, https:\/\/profertil.mk\/al\/wp-content\/uploads\/2021\/11\/Chart_e-SPEN_INT_mobile_1.png 1240w\" sizes=\"(max-width: 1024px) 100vw, 1024px\" \/><\/figure>\n<\/div>\n\n\n\n<div class=\"wp-block-column is-layout-flow wp-block-column-is-layout-flow\">\n<figure class=\"wp-block-image size-large\"><img loading=\"lazy\" decoding=\"async\" width=\"1024\" height=\"879\" src=\"https:\/\/profertil.mk\/al\/wp-content\/uploads\/2021\/11\/Chart_e-SPEN_INT_mobile_2-1024x879.png\" alt=\"\" class=\"wp-image-6047\" srcset=\"https:\/\/profertil.mk\/al\/wp-content\/uploads\/2021\/11\/Chart_e-SPEN_INT_mobile_2-1024x879.png 1024w, https:\/\/profertil.mk\/al\/wp-content\/uploads\/2021\/11\/Chart_e-SPEN_INT_mobile_2-300x258.png 300w, https:\/\/profertil.mk\/al\/wp-content\/uploads\/2021\/11\/Chart_e-SPEN_INT_mobile_2-768x660.png 768w, https:\/\/profertil.mk\/al\/wp-content\/uploads\/2021\/11\/Chart_e-SPEN_INT_mobile_2.png 1240w\" sizes=\"(max-width: 1024px) 100vw, 1024px\" \/><\/figure>\n<\/div>\n<\/div>\n\n\n\n<div class=\"wp-block-columns is-layout-flex wp-container-core-columns-is-layout-9d6595d7 wp-block-columns-is-layout-flex\">\n<div class=\"wp-block-column is-layout-flow wp-block-column-is-layout-flow\">\n<figure class=\"wp-block-image size-large\"><img loading=\"lazy\" decoding=\"async\" width=\"1024\" height=\"879\" src=\"https:\/\/profertil.mk\/al\/wp-content\/uploads\/2021\/11\/Ve\u0308llimi-ejakulues-ml-1024x879.png\" alt=\"\" class=\"wp-image-6048\" srcset=\"https:\/\/profertil.mk\/al\/wp-content\/uploads\/2021\/11\/Ve\u0308llimi-ejakulues-ml-1024x879.png 1024w, https:\/\/profertil.mk\/al\/wp-content\/uploads\/2021\/11\/Ve\u0308llimi-ejakulues-ml-300x258.png 300w, https:\/\/profertil.mk\/al\/wp-content\/uploads\/2021\/11\/Ve\u0308llimi-ejakulues-ml-768x660.png 768w, https:\/\/profertil.mk\/al\/wp-content\/uploads\/2021\/11\/Ve\u0308llimi-ejakulues-ml.png 1240w\" sizes=\"(max-width: 1024px) 100vw, 1024px\" \/><\/figure>\n<\/div>\n\n\n\n<div class=\"wp-block-column is-layout-flow wp-block-column-is-layout-flow\">\n<figure class=\"wp-block-image size-large\"><img loading=\"lazy\" decoding=\"async\" width=\"1024\" height=\"879\" src=\"https:\/\/profertil.mk\/al\/wp-content\/uploads\/2021\/11\/Untitled-7-1024x879.png\" alt=\"\" class=\"wp-image-6050\" srcset=\"https:\/\/profertil.mk\/al\/wp-content\/uploads\/2021\/11\/Untitled-7-1024x879.png 1024w, https:\/\/profertil.mk\/al\/wp-content\/uploads\/2021\/11\/Untitled-7-300x258.png 300w, https:\/\/profertil.mk\/al\/wp-content\/uploads\/2021\/11\/Untitled-7-768x660.png 768w, https:\/\/profertil.mk\/al\/wp-content\/uploads\/2021\/11\/Untitled-7.png 1240w\" sizes=\"(max-width: 1024px) 100vw, 1024px\" \/><\/figure>\n<\/div>\n<\/div>\n\n\n\n<figure class=\"wp-block-image size-large\"><img loading=\"lazy\" decoding=\"async\" width=\"1024\" height=\"299\" src=\"https:\/\/profertil.mk\/al\/wp-content\/uploads\/2021\/11\/Chart_e-SPEN_INT_mobile_Legend-1024x299.png\" alt=\"\" class=\"wp-image-6051\" srcset=\"https:\/\/profertil.mk\/al\/wp-content\/uploads\/2021\/11\/Chart_e-SPEN_INT_mobile_Legend-1024x299.png 1024w, https:\/\/profertil.mk\/al\/wp-content\/uploads\/2021\/11\/Chart_e-SPEN_INT_mobile_Legend-300x88.png 300w, https:\/\/profertil.mk\/al\/wp-content\/uploads\/2021\/11\/Chart_e-SPEN_INT_mobile_Legend-768x224.png 768w, https:\/\/profertil.mk\/al\/wp-content\/uploads\/2021\/11\/Chart_e-SPEN_INT_mobile_Legend.png 1240w\" sizes=\"(max-width: 1024px) 100vw, 1024px\" \/><\/figure>\n\n\n\n<p><\/p>\n<\/div><\/div>\n<\/div>\n\n\n\n<div class=\"wp-block-column small-order-1 medium-order-2 is-layout-flow wp-block-column-is-layout-flow\">\n<figure class=\"wp-block-image size-full is-resized\"><img loading=\"lazy\" decoding=\"async\" src=\"http:\/\/profertil.eu\/wp-content\/uploads\/\/2019\/07\/e-spen-logo.png\" alt=\"e-SPEN Logo\" class=\"wp-image-2574\" width=\"158\" height=\"60\" srcset=\"https:\/\/profertil.mk\/al\/wp-content\/uploads\/2019\/07\/e-spen-logo.png 315w, https:\/\/profertil.mk\/al\/wp-content\/uploads\/2019\/07\/e-spen-logo-300x114.png 300w\" sizes=\"(max-width: 158px) 100vw, 158px\" \/><\/figure>\n\n\n\n<div style=\"height:30px\" aria-hidden=\"true\" class=\"wp-block-spacer\"><\/div>\n\n\n\n<p class=\"has-small-font-size\"><strong>Numri i pacjent<meta charset=\"utf-8\"><strong>\u00eb<\/strong>ve:<br><\/strong>n = 205 (PROFERTIL\u00ae group: n = 132;<br>control group: n = 73)<br><br><strong>Publikime:<br><\/strong>e-SPEN, Volume 7, Iss. 1, Feb. 2012, P. e50-e53.<\/p>\n\n\n\n<div style=\"height:30px\" aria-hidden=\"true\" class=\"wp-block-spacer\"><\/div>\n<\/div>\n<\/div>\n\n\n\n<div style=\"height:50px\" aria-hidden=\"true\" class=\"wp-block-spacer\"><\/div>\n\n\n\n<div class=\"wp-block-columns study-8-4 is-layout-flex wp-container-core-columns-is-layout-9d6595d7 wp-block-columns-is-layout-flex\">\n<div class=\"wp-block-column is-layout-flow wp-block-column-is-layout-flow\">\n<p class=\"has-red-color has-text-color\"><strong>Me PROFERTIL\u00ae t\u00eb gjith\u00eb parametrat e sperm\u00ebs (krahasuar me grupin e kontrollit) u p\u00ebrmir\u00ebsuan ndjesh\u00ebm pas 3 muajve:<\/strong><\/p>\n\n\n\n<p><strong>\u2022<\/strong> P\u00ebrmir\u00ebsim duksh\u00ebm m\u00eb i mir\u00eb i t\u00eb gjith\u00eb parametrave t\u00eb sperm\u00ebs krahasuar me ndryshimin e stilit t\u00eb jetes\u00ebs.<\/p>\n\n\n\n<p><strong>\u2022<\/strong> P\u00ebrmir\u00ebson t\u00eb gjith\u00eb parametrat e sperm\u00ebs t\u00eb nevojshme p\u00ebr&nbsp;konceptim dhe shtatz\u00ebni t\u00eb suksesshme.<\/p>\n\n\n\n<div style=\"height:30px\" aria-hidden=\"true\" class=\"wp-block-spacer\"><\/div>\n\n\n\n<p class=\"has-small-font-size\">Studim i kontrolluar 2012; P\u00ebrmir\u00ebsimi i cil\u00ebsis\u00eb s\u00eb sperm\u00ebs pas plot\u00ebsimit t\u00eb mikroelementeve; Imhof M. et al .; botuar n\u00eb e-SPEN, V\u00ebllimi 7, Botimi 1, Shkurt 2012; pacient\u00ebt (n = 205): grupi PROFERTIL n = 132, grupi i kontrollit: n = 73; kriteret e p\u00ebrfshirjes: \u2265 1 vit i infertilitetit dhe \u2265 2 analiza t\u00eb sperm\u00ebs patologjike; kriteret e p\u00ebrjashtimit: aspermia, varikocela, azoospermia, infeksionet urogjenitale. Grupi i kontrollit t\u00eb nivelit t\u00eb shtatz\u00ebnis\u00eb = 15.07%<\/p>\n\n\n\n<p class=\"has-small-font-size\"><img loading=\"lazy\" decoding=\"async\" width=\"56\" height=\"23\" class=\"wp-image-2990\" src=\"http:\/\/profertil.eu\/wp-content\/uploads\/\/2019\/07\/eau_Logo_cropped.png\" alt=\"\" style=\"width: 56px;\"> <meta charset=\"utf-8\">Studim Pilot: Numri i pacient\u00ebve: n = 120<\/p>\n<\/div>\n\n\n\n<div class=\"wp-block-column is-layout-flow wp-block-column-is-layout-flow\"><\/div>\n<\/div>\n\n\n\n<div style=\"height:50px\" aria-hidden=\"true\" class=\"wp-block-spacer\"><\/div>\n\n\n\n\n\n<div id=\"anchorlink-block_5d029bb7eaea5\" class=\"anchorlink dark \">\n            <a href=\"#packshot\" data-smooth-scroll data-animation-duration=\"750\" data-animation-easing=\"swing\" data-offset=\"-23\"><i class=\"material-icons pro-pulse\">expand_more<\/i><\/a>\n    <\/div><\/div><\/div>\n\n\n\n<div class=\"wp-block-group alignfull has-red-gradient-background-color has-background\" id=\"packshot\"><div class=\"wp-block-group__inner-container is-layout-flow wp-block-group-is-layout-flow\">\n<div class=\"wp-block-columns has-2-columns is-layout-flex wp-container-core-columns-is-layout-9d6595d7 wp-block-columns-is-layout-flex\">\n<div class=\"wp-block-column is-vertically-aligned-center is-layout-flow wp-block-column-is-layout-flow\">\n<div class=\"wp-block-image\"><figure class=\"aligncenter size-large\"><img loading=\"lazy\" decoding=\"async\" width=\"946\" height=\"352\" src=\"http:\/\/profertil.mk\/al\/wp-content\/uploads\/2021\/09\/nr1-proven-efficacy.png\" alt=\"\" class=\"wp-image-5838\" srcset=\"https:\/\/profertil.mk\/al\/wp-content\/uploads\/2021\/09\/nr1-proven-efficacy.png 946w, https:\/\/profertil.mk\/al\/wp-content\/uploads\/2021\/09\/nr1-proven-efficacy-300x112.png 300w, https:\/\/profertil.mk\/al\/wp-content\/uploads\/2021\/09\/nr1-proven-efficacy-768x286.png 768w\" sizes=\"(max-width: 946px) 100vw, 946px\" \/><\/figure><\/div>\n<\/div>\n\n\n\n<div class=\"wp-block-column is-vertically-aligned-center is-layout-flow wp-block-column-is-layout-flow\">\n<div style=\"height:50px\" aria-hidden=\"true\" class=\"wp-block-spacer\"><\/div>\n\n\n\n<div class=\"wp-block-image\"><figure class=\"aligncenter size-large\"><img loading=\"lazy\" decoding=\"async\" width=\"791\" height=\"390\" src=\"http:\/\/profertil.mk\/al\/wp-content\/uploads\/\/2019\/07\/PROfertil-male_60K_int_HG-drot.png\" alt=\"Packshot PROFERTIL\u00ae male\" class=\"wp-image-2728\" srcset=\"https:\/\/profertil.mk\/al\/wp-content\/uploads\/2019\/07\/PROfertil-male_60K_int_HG-drot.png 791w, https:\/\/profertil.mk\/al\/wp-content\/uploads\/2019\/07\/PROfertil-male_60K_int_HG-drot-300x148.png 300w, https:\/\/profertil.mk\/al\/wp-content\/uploads\/2019\/07\/PROfertil-male_60K_int_HG-drot-768x379.png 768w\" sizes=\"(max-width: 791px) 100vw, 791px\" \/><\/figure><\/div>\n\n\n\n<p class=\"has-text-align-center has-white-color has-text-color\"><strong>MESATARJA E SHKALL\u00cbS S\u00cb SUKSESIT \u00d8<\/strong> <strong>26-41%<\/strong><\/p>\n\n\n\n<div style=\"height:50px\" aria-hidden=\"true\" class=\"wp-block-spacer\"><\/div>\n<\/div>\n<\/div>\n\n\n\n\n\n<div id=\"anchorlink-block_5d02a16a1f77b\" class=\"anchorlink light \">\n            <a href=\"#buynow\" data-smooth-scroll data-animation-duration=\"750\" data-animation-easing=\"swing\" data-offset=\"-23\"><i class=\"material-icons pro-pulse\">expand_more<\/i><\/a>\n    <\/div>\n\n\n<p><\/p>\n<\/div><\/div>\n","protected":false},"excerpt":{"rendered":"<p>\u00bbP\u00ebrmir\u00ebsimi i cil\u00ebsis\u00eb s\u00eb sperm\u00ebs k\u00ebrkon m\u00eb shum\u00eb sesa ndryshimi i stilit t\u00eb jet\u00ebs\u00ab STUDIM I KONTROLLUAR 2012 P\u00ebrmir\u00ebsimi i t\u00eb gjith\u00eb parametrave t\u00eb sperm\u00ebs (n\u00eb %) pas 3 muajve p\u00ebrdorim t\u00eb PROFERTIL\u00ae krahasuar me ndryshim t\u00eb stilit t\u00eb jetes\u00ebs. Numri i pacjent\u00ebve:n = 205 (PROFERTIL\u00ae group: n = 132;control group: n = 73) Publikime:e-SPEN,<a class=\"excerpt-read-more\" href=\"https:\/\/profertil.mk\/al\/studies\/controlled-study-2012\/\" title=\"ReadStudimi i kontrolluar 2012\">&#8230; Read more &raquo;<\/a><\/p>\n","protected":false},"author":11,"featured_media":0,"parent":1430,"menu_order":5,"comment_status":"closed","ping_status":"closed","template":"template-study.php","meta":{"_acf_changed":false,"footnotes":""},"categories":[],"tags":[],"class_list":["post-2764","page","type-page","status-publish","hentry"],"acf":[],"_links":{"self":[{"href":"https:\/\/profertil.mk\/al\/wp-json\/wp\/v2\/pages\/2764","targetHints":{"allow":["GET"]}}],"collection":[{"href":"https:\/\/profertil.mk\/al\/wp-json\/wp\/v2\/pages"}],"about":[{"href":"https:\/\/profertil.mk\/al\/wp-json\/wp\/v2\/types\/page"}],"author":[{"embeddable":true,"href":"https:\/\/profertil.mk\/al\/wp-json\/wp\/v2\/users\/11"}],"replies":[{"embeddable":true,"href":"https:\/\/profertil.mk\/al\/wp-json\/wp\/v2\/comments?post=2764"}],"version-history":[{"count":37,"href":"https:\/\/profertil.mk\/al\/wp-json\/wp\/v2\/pages\/2764\/revisions"}],"predecessor-version":[{"id":6468,"href":"https:\/\/profertil.mk\/al\/wp-json\/wp\/v2\/pages\/2764\/revisions\/6468"}],"up":[{"embeddable":true,"href":"https:\/\/profertil.mk\/al\/wp-json\/wp\/v2\/pages\/1430"}],"wp:attachment":[{"href":"https:\/\/profertil.mk\/al\/wp-json\/wp\/v2\/media?parent=2764"}],"wp:term":[{"taxonomy":"category","embeddable":true,"href":"https:\/\/profertil.mk\/al\/wp-json\/wp\/v2\/categories?post=2764"},{"taxonomy":"post_tag","embeddable":true,"href":"https:\/\/profertil.mk\/al\/wp-json\/wp\/v2\/tags?post=2764"}],"curies":[{"name":"wp","href":"https:\/\/api.w.org\/{rel}","templated":true}]}}