{"id":2743,"date":"2019-07-11T15:20:31","date_gmt":"2019-07-11T13:20:31","guid":{"rendered":"https:\/\/profertil.eu\/?page_id=2743"},"modified":"2022-03-31T14:25:04","modified_gmt":"2022-03-31T12:25:04","slug":"dna-study-2014","status":"publish","type":"page","link":"https:\/\/profertil.mk\/al\/studies\/dna-study-2014\/","title":{"rendered":"STUDIMET E ADN-S\u00cb 2014"},"content":{"rendered":"\n<div class=\"wp-block-cover alignfull is-light\"><span aria-hidden=\"true\" class=\"has-background-dim-10 wp-block-cover__gradient-background has-background-dim\"><\/span><img fetchpriority=\"high\" decoding=\"async\" width=\"2048\" height=\"500\" class=\"wp-block-cover__image-background wp-image-1062\" alt=\"\" src=\"http:\/\/profertil.mk\/al\/wp-content\/uploads\/2019\/06\/spermiogramm.jpg\" style=\"object-position:14% 44%\" data-object-fit=\"cover\" data-object-position=\"14% 44%\" srcset=\"https:\/\/profertil.mk\/al\/wp-content\/uploads\/2019\/06\/spermiogramm.jpg 2048w, https:\/\/profertil.mk\/al\/wp-content\/uploads\/2019\/06\/spermiogramm-300x73.jpg 300w, https:\/\/profertil.mk\/al\/wp-content\/uploads\/2019\/06\/spermiogramm-768x188.jpg 768w, https:\/\/profertil.mk\/al\/wp-content\/uploads\/2019\/06\/spermiogramm-1024x250.jpg 1024w\" sizes=\"(max-width: 2048px) 100vw, 2048px\" \/><div class=\"wp-block-cover__inner-container is-layout-flow wp-block-cover-is-layout-flow\">\n<h1 class=\"has-text-align-right has-white-color has-text-color wp-block-heading\">P\u00cbRMIR\u00cbSIM I CIL\u00cbSIS\u00cb<br> S\u00cb SPERM\u00cbS<\/h1>\n<\/div><\/div>\n\n\n\n<div class=\"wp-block-group alignfull has-red-gradient-background-color has-background\"><div class=\"wp-block-group__inner-container is-layout-flow wp-block-group-is-layout-flow\">\n<div style=\"height:20px\" aria-hidden=\"true\" class=\"wp-block-spacer\"><\/div>\n\n\n\n<div class=\"wp-block-image\"><figure class=\"aligncenter size-large is-resized\"><img decoding=\"async\" src=\"http:\/\/profertil.eu\/wp-content\/uploads\/\/2019\/07\/PROfertil_Pillensperm-2.png\" alt=\"\" class=\"wp-image-3018\" width=\"467\" height=\"50\" srcset=\"https:\/\/profertil.mk\/al\/wp-content\/uploads\/2019\/07\/PROfertil_Pillensperm-2.png 933w, https:\/\/profertil.mk\/al\/wp-content\/uploads\/2019\/07\/PROfertil_Pillensperm-2-300x32.png 300w, https:\/\/profertil.mk\/al\/wp-content\/uploads\/2019\/07\/PROfertil_Pillensperm-2-768x82.png 768w\" sizes=\"(max-width: 467px) 100vw, 467px\" \/><\/figure><\/div>\n\n\n\n<p class=\"has-text-align-center medium-width has-white-color has-text-color\" style=\"font-size:30px\">\u00bbP\u00ebrmir\u00ebsim i r\u00ebnd\u00ebsish\u00ebm n\u00eb mbrojtjen kund\u00ebr fragmentimit t\u00eb ADN-s\u00eb s\u00eb sperm\u00ebs\u00ab<\/p>\n\n\n\n<div style=\"height:30px\" aria-hidden=\"true\" class=\"wp-block-spacer\"><\/div>\n<\/div><\/div>\n\n\n\n<div class=\"wp-block-group alignfull\"><div class=\"wp-block-group__inner-container is-layout-flow wp-block-group-is-layout-flow\">\n<div class=\"wp-block-columns study-8-4 is-layout-flex wp-container-core-columns-is-layout-9d6595d7 wp-block-columns-is-layout-flex\">\n<div class=\"wp-block-column is-layout-flow wp-block-column-is-layout-flow\">\n<div style=\"height:50px\" aria-hidden=\"true\" class=\"wp-block-spacer\"><\/div>\n\n\n\n<div class=\"wp-block-columns study-8-4 is-layout-flex wp-container-core-columns-is-layout-9d6595d7 wp-block-columns-is-layout-flex\">\n<div class=\"wp-block-column is-layout-flow wp-block-column-is-layout-flow\">\n<p class=\"has-medium-font-size\">STUDIMET E ADN 2014<\/p>\n\n\n\n<h3 class=\"has-red-color has-text-color wp-block-heading\">P\u00ebrmir\u00ebsimi i cil\u00ebsis\u00eb s\u00eb sperm\u00ebs vler\u00ebsuar nga SHBA pas 3 muajve nga p\u00ebrdorimi i PROFERTIL\u00ae    <\/h3>\n<\/div>\n\n\n\n<div class=\"wp-block-column is-layout-flow wp-block-column-is-layout-flow\">\n<div class=\"wp-block-image\"><figure class=\"aligncenter size-large\"><img decoding=\"async\" width=\"508\" height=\"445\" src=\"http:\/\/profertil.mk\/al\/wp-content\/uploads\/2021\/09\/dna-study-2014-2-bubble.png\" alt=\"\" class=\"wp-image-5840\" srcset=\"https:\/\/profertil.mk\/al\/wp-content\/uploads\/2021\/09\/dna-study-2014-2-bubble.png 508w, https:\/\/profertil.mk\/al\/wp-content\/uploads\/2021\/09\/dna-study-2014-2-bubble-300x263.png 300w\" sizes=\"(max-width: 508px) 100vw, 508px\" \/><\/figure><\/div>\n<\/div>\n<\/div>\n<\/div>\n\n\n\n<div class=\"wp-block-column is-layout-flow wp-block-column-is-layout-flow\">\n<div class=\"wp-block-image bubble\"><figure class=\"aligncenter size-large\"><img loading=\"lazy\" decoding=\"async\" width=\"608\" height=\"529\" src=\"http:\/\/profertil.mk\/al\/wp-content\/uploads\/2021\/09\/dna-study-2014-bubble.png\" alt=\"\" class=\"wp-image-5841\" srcset=\"https:\/\/profertil.mk\/al\/wp-content\/uploads\/2021\/09\/dna-study-2014-bubble.png 608w, https:\/\/profertil.mk\/al\/wp-content\/uploads\/2021\/09\/dna-study-2014-bubble-300x261.png 300w\" sizes=\"(max-width: 608px) 100vw, 608px\" \/><\/figure><\/div>\n<\/div>\n<\/div>\n\n\n\n<div class=\"wp-block-columns study-8-4 is-layout-flex wp-container-core-columns-is-layout-9d6595d7 wp-block-columns-is-layout-flex\">\n<div class=\"wp-block-column small-order-2 medium-order-1 is-layout-flow wp-block-column-is-layout-flow\">\n<figure class=\"wp-block-image size-large show-for-medium\"><img loading=\"lazy\" decoding=\"async\" width=\"1024\" height=\"928\" src=\"https:\/\/profertil.mk\/al\/wp-content\/uploads\/2021\/11\/Chart_EMJ_INT-1024x928.jpg\" alt=\"\" class=\"wp-image-6027\" srcset=\"https:\/\/profertil.mk\/al\/wp-content\/uploads\/2021\/11\/Chart_EMJ_INT-1024x928.jpg 1024w, https:\/\/profertil.mk\/al\/wp-content\/uploads\/2021\/11\/Chart_EMJ_INT-300x272.jpg 300w, https:\/\/profertil.mk\/al\/wp-content\/uploads\/2021\/11\/Chart_EMJ_INT-768x696.jpg 768w, https:\/\/profertil.mk\/al\/wp-content\/uploads\/2021\/11\/Chart_EMJ_INT.jpg 1240w\" sizes=\"(max-width: 1024px) 100vw, 1024px\" \/><\/figure>\n\n\n\n<div class=\"wp-block-group hide-for-medium\"><div class=\"wp-block-group__inner-container is-layout-flow wp-block-group-is-layout-flow\">\n<div class=\"wp-block-columns is-layout-flex wp-container-core-columns-is-layout-9d6595d7 wp-block-columns-is-layout-flex\">\n<div class=\"wp-block-column is-layout-flow wp-block-column-is-layout-flow\">\n<div style=\"height:30px\" aria-hidden=\"true\" class=\"wp-block-spacer\"><\/div>\n\n\n\n<figure class=\"wp-block-image size-large\"><img loading=\"lazy\" decoding=\"async\" width=\"554\" height=\"448\" src=\"http:\/\/profertil.eu\/wp-content\/uploads\/\/2019\/07\/em-chart-1.png\" alt=\"\" class=\"wp-image-2754\" srcset=\"https:\/\/profertil.mk\/al\/wp-content\/uploads\/2019\/07\/em-chart-1.png 554w, https:\/\/profertil.mk\/al\/wp-content\/uploads\/2019\/07\/em-chart-1-300x243.png 300w\" sizes=\"(max-width: 554px) 100vw, 554px\" \/><\/figure>\n<\/div>\n\n\n\n<div class=\"wp-block-column is-layout-flow wp-block-column-is-layout-flow\">\n<div style=\"height:30px\" aria-hidden=\"true\" class=\"wp-block-spacer\"><\/div>\n\n\n\n<figure class=\"wp-block-image size-large\"><img loading=\"lazy\" decoding=\"async\" width=\"549\" height=\"447\" src=\"http:\/\/profertil.eu\/wp-content\/uploads\/\/2019\/07\/emj-chart-2.png\" alt=\"\" class=\"wp-image-2756\" srcset=\"https:\/\/profertil.mk\/al\/wp-content\/uploads\/2019\/07\/emj-chart-2.png 549w, https:\/\/profertil.mk\/al\/wp-content\/uploads\/2019\/07\/emj-chart-2-300x244.png 300w\" sizes=\"(max-width: 549px) 100vw, 549px\" \/><\/figure>\n<\/div>\n<\/div>\n\n\n\n<div style=\"height:20px\" aria-hidden=\"true\" class=\"wp-block-spacer\"><\/div>\n\n\n\n<figure class=\"wp-block-image size-large is-resized\"><img loading=\"lazy\" decoding=\"async\" src=\"http:\/\/profertil.eu\/wp-content\/uploads\/\/2019\/07\/Chart_EMJ_INT_mobile_Leg-1-1024x120.png\" alt=\"\" class=\"wp-image-3034\" width=\"256\" height=\"30\" srcset=\"https:\/\/profertil.mk\/al\/wp-content\/uploads\/2019\/07\/Chart_EMJ_INT_mobile_Leg-1-1024x120.png 1024w, https:\/\/profertil.mk\/al\/wp-content\/uploads\/2019\/07\/Chart_EMJ_INT_mobile_Leg-1-300x35.png 300w, https:\/\/profertil.mk\/al\/wp-content\/uploads\/2019\/07\/Chart_EMJ_INT_mobile_Leg-1-768x90.png 768w, https:\/\/profertil.mk\/al\/wp-content\/uploads\/2019\/07\/Chart_EMJ_INT_mobile_Leg-1.png 1240w\" sizes=\"(max-width: 256px) 100vw, 256px\" \/><\/figure>\n\n\n\n<div class=\"wp-block-columns is-layout-flex wp-container-core-columns-is-layout-9d6595d7 wp-block-columns-is-layout-flex\">\n<div class=\"wp-block-column is-layout-flow wp-block-column-is-layout-flow\">\n<div style=\"height:30px\" aria-hidden=\"true\" class=\"wp-block-spacer\"><\/div>\n\n\n\n<figure class=\"wp-block-image size-large\"><img loading=\"lazy\" decoding=\"async\" width=\"548\" height=\"505\" src=\"http:\/\/profertil.eu\/wp-content\/uploads\/\/2019\/07\/emj-chart-3.png\" alt=\"\" class=\"wp-image-2758\" srcset=\"https:\/\/profertil.mk\/al\/wp-content\/uploads\/2019\/07\/emj-chart-3.png 548w, https:\/\/profertil.mk\/al\/wp-content\/uploads\/2019\/07\/emj-chart-3-300x276.png 300w\" sizes=\"(max-width: 548px) 100vw, 548px\" \/><\/figure>\n<\/div>\n\n\n\n<div class=\"wp-block-column is-layout-flow wp-block-column-is-layout-flow\">\n<div style=\"height:30px\" aria-hidden=\"true\" class=\"wp-block-spacer\"><\/div>\n\n\n\n<figure class=\"wp-block-image size-large\"><img loading=\"lazy\" decoding=\"async\" width=\"549\" height=\"505\" src=\"http:\/\/profertil.eu\/wp-content\/uploads\/\/2019\/07\/emj-chart-4.png\" alt=\"\" class=\"wp-image-2760\" srcset=\"https:\/\/profertil.mk\/al\/wp-content\/uploads\/2019\/07\/emj-chart-4.png 549w, https:\/\/profertil.mk\/al\/wp-content\/uploads\/2019\/07\/emj-chart-4-300x276.png 300w\" sizes=\"(max-width: 549px) 100vw, 549px\" \/><\/figure>\n<\/div>\n<\/div>\n\n\n\n<figure class=\"wp-block-image size-large is-resized\"><img loading=\"lazy\" decoding=\"async\" src=\"http:\/\/profertil.eu\/wp-content\/uploads\/\/2019\/07\/Chart_EMJ_INT_mobile_Leg-2-1024x147.png\" alt=\"\" class=\"wp-image-3036\" width=\"256\" height=\"37\" srcset=\"https:\/\/profertil.mk\/al\/wp-content\/uploads\/2019\/07\/Chart_EMJ_INT_mobile_Leg-2-1024x147.png 1024w, https:\/\/profertil.mk\/al\/wp-content\/uploads\/2019\/07\/Chart_EMJ_INT_mobile_Leg-2-300x43.png 300w, https:\/\/profertil.mk\/al\/wp-content\/uploads\/2019\/07\/Chart_EMJ_INT_mobile_Leg-2-768x110.png 768w, https:\/\/profertil.mk\/al\/wp-content\/uploads\/2019\/07\/Chart_EMJ_INT_mobile_Leg-2.png 1240w\" sizes=\"(max-width: 256px) 100vw, 256px\" \/><\/figure>\n\n\n\n<div style=\"height:30px\" aria-hidden=\"true\" class=\"wp-block-spacer\"><\/div>\n<\/div><\/div>\n<\/div>\n\n\n\n<div class=\"wp-block-column small-order-1 medium-order-2 is-layout-flow wp-block-column-is-layout-flow\">\n<figure class=\"wp-block-image size-large is-resized\"><img loading=\"lazy\" decoding=\"async\" src=\"http:\/\/profertil.eu\/wp-content\/uploads\/\/2019\/07\/EMJ_Logo.png\" alt=\"European Medical Journal Logo\" class=\"wp-image-2526\" width=\"192\" height=\"40\" srcset=\"https:\/\/profertil.mk\/al\/wp-content\/uploads\/2019\/07\/EMJ_Logo.png 384w, https:\/\/profertil.mk\/al\/wp-content\/uploads\/2019\/07\/EMJ_Logo-300x63.png 300w\" sizes=\"(max-width: 192px) 100vw, 192px\" \/><\/figure>\n\n\n\n<div style=\"height:30px\" aria-hidden=\"true\" class=\"wp-block-spacer\"><\/div>\n\n\n\n<p class=\"has-small-font-size\"><strong>Number of patients<\/strong>: <br>n = 107 <br>(Grupi PROFERTIL\u00ae : n = 67; <br>groupi i kontrollit : n = 40)<br><br><strong>Publikime<\/strong>:<br>EMJ Urol. May 2014;1:60-65.<\/p>\n\n\n\n<div style=\"height:30px\" aria-hidden=\"true\" class=\"wp-block-spacer\"><\/div>\n<\/div>\n<\/div>\n\n\n\n<div style=\"height:50px\" aria-hidden=\"true\" class=\"wp-block-spacer\"><\/div>\n\n\n\n<div class=\"wp-block-columns study-8-4 is-layout-flex wp-container-core-columns-is-layout-9d6595d7 wp-block-columns-is-layout-flex\">\n<div class=\"wp-block-column is-layout-flow wp-block-column-is-layout-flow\">\n<h6 class=\"has-red-color has-text-color has-normal-font-size wp-block-heading\">Rezultatet tregojn\u00eb se PROFERTIL\u00ae mund t\u00eb:<\/h6>\n\n\n\n<ul class=\"studylist wp-block-list\"><li>rris\u00eb mund\u00ebsin\u00eb e konceptimit dhe shtat\u00ebzanis\u00eb s\u00eb suksesshme<\/li><li>ndihmoj\u00eb n\u00eb parandalimin e abortit t\u00eb p\u00ebrs\u00ebritur<\/li><li>ket\u00eb nj\u00eb efekt pozitiv n\u00eb zhvillimin embrional<\/li><li>rris\u00eb mund\u00ebsit\u00eb p\u00ebr konceptim t\u00eb suksessh\u00ebm n\u00eb ART<\/li><\/ul>\n\n\n\n<div style=\"height:30px\" aria-hidden=\"true\" class=\"wp-block-spacer\"><\/div>\n\n\n\n<p>1) Aitken RJ dhe Koppers AJ. Apoptoza dhe d\u00ebmtimi i ADN -s\u00eb n\u00eb spermatozoidet e njeriut. Andrologjia J Aziatike 2011; 13,36\u201342.<br>2) Wong WY et al. Subfertiliteti i faktorit mashkullor: shkaqet e mundshme dhe ndikimi i faktor\u00ebve ushqyes. Fertil Steril 2000; 73: 435-442.<\/p>\n\n\n\n<div style=\"height:30px\" aria-hidden=\"true\" class=\"wp-block-spacer\"><\/div>\n\n\n\n<p class=\"has-small-font-size\">Studimi i ADN -s\u00eb 2014; Rritja e aft\u00ebsis\u00eb lidh\u00ebse t\u00eb acidit hialuronan t\u00eb spermatozoideve q\u00eb tregojn\u00eb nj\u00eb pjekuri m\u00eb t\u00eb mir\u00eb, morfologji dhe integritet m\u00eb t\u00eb lart\u00eb t\u00eb ADN -s\u00eb pas plot\u00ebsimit t\u00eb mikronutrient\u00ebve; Lipovac M. et al .; kriteret e p\u00ebrfshirjes: \u2265 1 vit subfertilitet, \u2265 2 analiza patologjike t\u00eb sperm\u00ebs; kriteret e p\u00ebrjashtimit: aspermia, varikocela, azoospermia, infeksionet urogjenitale.<\/p>\n<\/div>\n\n\n\n<div class=\"wp-block-column is-layout-flow wp-block-column-is-layout-flow\"><\/div>\n<\/div>\n\n\n\n<div style=\"height:50px\" aria-hidden=\"true\" class=\"wp-block-spacer\"><\/div>\n\n\n\n\n\n<div id=\"anchorlink-block_5d029bb7eaea5\" class=\"anchorlink dark \">\n            <a href=\"#packshot\" data-smooth-scroll data-animation-duration=\"750\" data-animation-easing=\"swing\" data-offset=\"-23\"><i class=\"material-icons pro-pulse\">expand_more<\/i><\/a>\n    <\/div><\/div><\/div>\n\n\n\n<div class=\"wp-block-group alignfull has-red-gradient-background-color has-background\" id=\"packshot\"><div class=\"wp-block-group__inner-container is-layout-flow wp-block-group-is-layout-flow\">\n<div class=\"wp-block-columns has-2-columns is-layout-flex wp-container-core-columns-is-layout-9d6595d7 wp-block-columns-is-layout-flex\">\n<div class=\"wp-block-column is-vertically-aligned-center is-layout-flow wp-block-column-is-layout-flow\">\n<div class=\"wp-block-image\"><figure class=\"aligncenter size-large\"><img loading=\"lazy\" decoding=\"async\" width=\"946\" height=\"352\" src=\"http:\/\/profertil.mk\/al\/wp-content\/uploads\/2021\/09\/nr1-proven-efficacy.png\" alt=\"\" class=\"wp-image-5838\" srcset=\"https:\/\/profertil.mk\/al\/wp-content\/uploads\/2021\/09\/nr1-proven-efficacy.png 946w, https:\/\/profertil.mk\/al\/wp-content\/uploads\/2021\/09\/nr1-proven-efficacy-300x112.png 300w, https:\/\/profertil.mk\/al\/wp-content\/uploads\/2021\/09\/nr1-proven-efficacy-768x286.png 768w\" sizes=\"(max-width: 946px) 100vw, 946px\" \/><\/figure><\/div>\n<\/div>\n\n\n\n<div class=\"wp-block-column is-vertically-aligned-center is-layout-flow wp-block-column-is-layout-flow\">\n<div style=\"height:50px\" aria-hidden=\"true\" class=\"wp-block-spacer\"><\/div>\n\n\n\n<div class=\"wp-block-image\"><figure class=\"aligncenter size-large\"><img loading=\"lazy\" decoding=\"async\" width=\"791\" height=\"390\" src=\"http:\/\/profertil.mk\/al\/wp-content\/uploads\/\/2019\/07\/PROfertil-male_60K_int_HG-drot.png\" alt=\"Packshot PROFERTIL\u00ae male\" class=\"wp-image-2728\" srcset=\"https:\/\/profertil.mk\/al\/wp-content\/uploads\/2019\/07\/PROfertil-male_60K_int_HG-drot.png 791w, https:\/\/profertil.mk\/al\/wp-content\/uploads\/2019\/07\/PROfertil-male_60K_int_HG-drot-300x148.png 300w, https:\/\/profertil.mk\/al\/wp-content\/uploads\/2019\/07\/PROfertil-male_60K_int_HG-drot-768x379.png 768w\" sizes=\"(max-width: 791px) 100vw, 791px\" \/><\/figure><\/div>\n\n\n\n<p class=\"has-text-align-center has-white-color has-text-color\"><strong>MESATARJA E SHKALL\u00cbS S\u00cb SUKSESIT \u00d8<\/strong> <strong>26-41%<\/strong><\/p>\n\n\n\n<div style=\"height:50px\" aria-hidden=\"true\" class=\"wp-block-spacer\"><\/div>\n<\/div>\n<\/div>\n\n\n\n\n\n<div id=\"anchorlink-block_5d02a16a1f77b\" class=\"anchorlink light \">\n            <a href=\"#buynow\" data-smooth-scroll data-animation-duration=\"750\" data-animation-easing=\"swing\" data-offset=\"-23\"><i class=\"material-icons pro-pulse\">expand_more<\/i><\/a>\n    <\/div>\n\n\n<p><\/p>\n<\/div><\/div>\n","protected":false},"excerpt":{"rendered":"<p>\u00bbP\u00ebrmir\u00ebsim i r\u00ebnd\u00ebsish\u00ebm n\u00eb mbrojtjen kund\u00ebr fragmentimit t\u00eb ADN-s\u00eb s\u00eb sperm\u00ebs\u00ab STUDIMET E ADN 2014 P\u00ebrmir\u00ebsimi i cil\u00ebsis\u00eb s\u00eb sperm\u00ebs vler\u00ebsuar nga SHBA pas 3 muajve nga p\u00ebrdorimi i PROFERTIL\u00ae Number of patients: n = 107 (Grupi PROFERTIL\u00ae : n = 67; groupi i kontrollit : n = 40) Publikime:EMJ Urol. May 2014;1:60-65. Rezultatet tregojn\u00eb<a class=\"excerpt-read-more\" href=\"https:\/\/profertil.mk\/al\/studies\/dna-study-2014\/\" title=\"ReadSTUDIMET E ADN-S\u00cb 2014\">&#8230; Read more &raquo;<\/a><\/p>\n","protected":false},"author":11,"featured_media":0,"parent":1430,"menu_order":4,"comment_status":"closed","ping_status":"closed","template":"template-study.php","meta":{"_acf_changed":false,"footnotes":""},"categories":[],"tags":[],"class_list":["post-2743","page","type-page","status-publish","hentry"],"acf":[],"_links":{"self":[{"href":"https:\/\/profertil.mk\/al\/wp-json\/wp\/v2\/pages\/2743","targetHints":{"allow":["GET"]}}],"collection":[{"href":"https:\/\/profertil.mk\/al\/wp-json\/wp\/v2\/pages"}],"about":[{"href":"https:\/\/profertil.mk\/al\/wp-json\/wp\/v2\/types\/page"}],"author":[{"embeddable":true,"href":"https:\/\/profertil.mk\/al\/wp-json\/wp\/v2\/users\/11"}],"replies":[{"embeddable":true,"href":"https:\/\/profertil.mk\/al\/wp-json\/wp\/v2\/comments?post=2743"}],"version-history":[{"count":43,"href":"https:\/\/profertil.mk\/al\/wp-json\/wp\/v2\/pages\/2743\/revisions"}],"predecessor-version":[{"id":6407,"href":"https:\/\/profertil.mk\/al\/wp-json\/wp\/v2\/pages\/2743\/revisions\/6407"}],"up":[{"embeddable":true,"href":"https:\/\/profertil.mk\/al\/wp-json\/wp\/v2\/pages\/1430"}],"wp:attachment":[{"href":"https:\/\/profertil.mk\/al\/wp-json\/wp\/v2\/media?parent=2743"}],"wp:term":[{"taxonomy":"category","embeddable":true,"href":"https:\/\/profertil.mk\/al\/wp-json\/wp\/v2\/categories?post=2743"},{"taxonomy":"post_tag","embeddable":true,"href":"https:\/\/profertil.mk\/al\/wp-json\/wp\/v2\/tags?post=2743"}],"curies":[{"name":"wp","href":"https:\/\/api.w.org\/{rel}","templated":true}]}}