{"id":2700,"date":"2019-07-11T14:48:20","date_gmt":"2019-07-11T12:48:20","guid":{"rendered":"https:\/\/profertil.eu\/?page_id=2700"},"modified":"2022-03-31T14:24:57","modified_gmt":"2022-03-31T12:24:57","slug":"dna-study-2019","status":"publish","type":"page","link":"https:\/\/profertil.mk\/al\/studies\/dna-study-2019\/","title":{"rendered":"Studimi i ADN 2019"},"content":{"rendered":"\n<div class=\"wp-block-cover alignfull is-light\"><span aria-hidden=\"true\" class=\"has-background-dim-10 wp-block-cover__gradient-background has-background-dim\"><\/span><img fetchpriority=\"high\" decoding=\"async\" width=\"2048\" height=\"500\" class=\"wp-block-cover__image-background wp-image-1062\" alt=\"\" src=\"http:\/\/profertil.mk\/al\/wp-content\/uploads\/2019\/06\/spermiogramm.jpg\" style=\"object-position:14% 44%\" data-object-fit=\"cover\" data-object-position=\"14% 44%\" srcset=\"https:\/\/profertil.mk\/al\/wp-content\/uploads\/2019\/06\/spermiogramm.jpg 2048w, https:\/\/profertil.mk\/al\/wp-content\/uploads\/2019\/06\/spermiogramm-300x73.jpg 300w, https:\/\/profertil.mk\/al\/wp-content\/uploads\/2019\/06\/spermiogramm-768x188.jpg 768w, https:\/\/profertil.mk\/al\/wp-content\/uploads\/2019\/06\/spermiogramm-1024x250.jpg 1024w\" sizes=\"(max-width: 2048px) 100vw, 2048px\" \/><div class=\"wp-block-cover__inner-container is-layout-flow wp-block-cover-is-layout-flow\">\n<h1 class=\"has-text-align-right has-white-color has-text-color wp-block-heading\">REDUKTON<br><span class=\"has-red-color\">FRAGMENTIMIN E ADN-S\u00cb<\/span><\/h1>\n<\/div><\/div>\n\n\n\n<div class=\"wp-block-group alignfull has-background\" style=\"background:linear-gradient(135deg,rgb(75,0,21) 0%,rgb(119,2,47) 100%)\"><div class=\"wp-block-group__inner-container is-layout-flow wp-block-group-is-layout-flow\">\n<div style=\"height:20px\" aria-hidden=\"true\" class=\"wp-block-spacer\"><\/div>\n\n\n\n<div class=\"wp-block-image\"><figure class=\"aligncenter size-large is-resized\"><img decoding=\"async\" src=\"http:\/\/profertil.eu\/wp-content\/uploads\/\/2019\/07\/PROfertil_Pillensperm-2.png\" alt=\"\" class=\"wp-image-3018\" width=\"467\" height=\"50\" srcset=\"https:\/\/profertil.mk\/al\/wp-content\/uploads\/2019\/07\/PROfertil_Pillensperm-2.png 933w, https:\/\/profertil.mk\/al\/wp-content\/uploads\/2019\/07\/PROfertil_Pillensperm-2-300x32.png 300w, https:\/\/profertil.mk\/al\/wp-content\/uploads\/2019\/07\/PROfertil_Pillensperm-2-768x82.png 768w\" sizes=\"(max-width: 467px) 100vw, 467px\" \/><\/figure><\/div>\n\n\n\n<p class=\"has-text-align-center medium-width has-white-color has-text-color\" style=\"font-size:30px\">\u00bbReduktim i ndjesh\u00ebm i fragmentimit t\u00eb ADN-s\u00eb n\u00eb sperm\u00eb\u00ab<\/p>\n\n\n\n<div style=\"height:30px\" aria-hidden=\"true\" class=\"wp-block-spacer\"><\/div>\n<\/div><\/div>\n\n\n\n<div class=\"wp-block-group alignfull\"><div class=\"wp-block-group__inner-container is-layout-flow wp-block-group-is-layout-flow\">\n<div class=\"wp-block-columns study-8-4 is-layout-flex wp-container-core-columns-is-layout-9d6595d7 wp-block-columns-is-layout-flex\">\n<div class=\"wp-block-column is-layout-flow wp-block-column-is-layout-flow\">\n<div style=\"height:50px\" aria-hidden=\"true\" class=\"wp-block-spacer\"><\/div>\n\n\n\n<p class=\"has-medium-font-size\">STUDIMI I ADN-S\u00cb 2019<\/p>\n\n\n\n<h3 class=\"has-red-color has-text-color wp-block-heading\"><strong>Reduktimi i fragmentimit t\u00eb ADN-s\u00eb s\u00eb sperm\u00ebs (DFI n\u00eb %) pas 3 muajve p\u00ebrdorimi t\u00eb PROFERTIL<sup>\u00ae<\/sup><\/strong> <\/h3>\n<\/div>\n\n\n\n<div class=\"wp-block-column is-layout-flow wp-block-column-is-layout-flow\">\n<div class=\"wp-block-image bubble\"><figure class=\"aligncenter size-full\"><img decoding=\"async\" width=\"610\" height=\"529\" src=\"http:\/\/profertil.mk\/al\/wp-content\/uploads\/2021\/10\/reduces-dna-damage-998x580_20191217-3-1.png\" alt=\"\" class=\"wp-image-5984\" srcset=\"https:\/\/profertil.mk\/al\/wp-content\/uploads\/2021\/10\/reduces-dna-damage-998x580_20191217-3-1.png 610w, https:\/\/profertil.mk\/al\/wp-content\/uploads\/2021\/10\/reduces-dna-damage-998x580_20191217-3-1-300x260.png 300w\" sizes=\"(max-width: 610px) 100vw, 610px\" \/><\/figure><\/div>\n<\/div>\n<\/div>\n\n\n\n<div class=\"wp-block-columns study-8-4 is-layout-flex wp-container-core-columns-is-layout-9d6595d7 wp-block-columns-is-layout-flex\">\n<div class=\"wp-block-column small-order-2 medium-order-1 is-layout-flow wp-block-column-is-layout-flow\">\n<div class=\"wp-block-image show-for-medium\"><figure class=\"aligncenter size-full\"><img loading=\"lazy\" decoding=\"async\" width=\"1024\" height=\"799\" src=\"https:\/\/profertil.mk\/al\/wp-content\/uploads\/2021\/10\/1improvement-sperm-parameters-4.png\" alt=\"\" class=\"wp-image-5988\" srcset=\"https:\/\/profertil.mk\/al\/wp-content\/uploads\/2021\/10\/1improvement-sperm-parameters-4.png 1024w, https:\/\/profertil.mk\/al\/wp-content\/uploads\/2021\/10\/1improvement-sperm-parameters-4-300x234.png 300w, https:\/\/profertil.mk\/al\/wp-content\/uploads\/2021\/10\/1improvement-sperm-parameters-4-768x599.png 768w\" sizes=\"(max-width: 1024px) 100vw, 1024px\" \/><\/figure><\/div>\n\n\n\n<div class=\"wp-block-image hide-for-medium\"><figure class=\"aligncenter size-large\"><img loading=\"lazy\" decoding=\"async\" width=\"1024\" height=\"620\" src=\"http:\/\/profertil.eu\/wp-content\/uploads\/\/2019\/07\/Chart_Aspire_INT_mobile-1024x620.png\" alt=\"\" class=\"wp-image-2972\" srcset=\"https:\/\/profertil.mk\/al\/wp-content\/uploads\/2019\/07\/Chart_Aspire_INT_mobile-1024x620.png 1024w, https:\/\/profertil.mk\/al\/wp-content\/uploads\/2019\/07\/Chart_Aspire_INT_mobile-300x182.png 300w, https:\/\/profertil.mk\/al\/wp-content\/uploads\/2019\/07\/Chart_Aspire_INT_mobile-768x465.png 768w, https:\/\/profertil.mk\/al\/wp-content\/uploads\/2019\/07\/Chart_Aspire_INT_mobile.png 1240w\" sizes=\"(max-width: 1024px) 100vw, 1024px\" \/><\/figure><\/div>\n<\/div>\n\n\n\n<div class=\"wp-block-column small-order-1 medium-order-2 is-layout-flow wp-block-column-is-layout-flow\">\n<figure class=\"wp-block-image size-full is-resized\"><img loading=\"lazy\" decoding=\"async\" src=\"http:\/\/profertil.eu\/wp-content\/uploads\/\/2019\/07\/aspire-logo.png\" alt=\"Aspire, Hong Kong 2019\" class=\"wp-image-2451\" width=\"212\" height=\"100\" srcset=\"https:\/\/profertil.mk\/al\/wp-content\/uploads\/2019\/07\/aspire-logo.png 424w, https:\/\/profertil.mk\/al\/wp-content\/uploads\/2019\/07\/aspire-logo-300x142.png 300w\" sizes=\"(max-width: 212px) 100vw, 212px\" \/><\/figure>\n\n\n\n<div style=\"height:30px\" aria-hidden=\"true\" class=\"wp-block-spacer\"><\/div>\n\n\n\n<p class=\"has-small-font-size\"><strong>Numri i pacient\u00ebve:<\/strong><br>n = 306<br>(Grupi PROFERTIL\u00ae : n = 146;<br>grupi i kontrollit : n = 160)<br><br><strong>Prezantimi:<\/strong> Aspire 2019, Hongkong;<br>botimi i plot\u00eb \u00ebsht\u00eb n\u00eb proces<\/p>\n<\/div>\n<\/div>\n\n\n\n<div style=\"height:50px\" aria-hidden=\"true\" class=\"wp-block-spacer\"><\/div>\n\n\n\n<div class=\"wp-block-columns study-8-4 is-layout-flex wp-container-core-columns-is-layout-9d6595d7 wp-block-columns-is-layout-flex\">\n<div class=\"wp-block-column is-layout-flow wp-block-column-is-layout-flow\">\n<p class=\"has-red-color has-text-color has-small-font-size\"><strong>P\u00ebrb\u00ebrja e PROFERTIL<\/strong><strong>\u00ae <\/strong><strong>\u00ebsht\u00eb UNIKE dhe e PATENTUAR:<\/strong><\/p>\n\n\n\n<ul class=\"wp-block-list\"><li>Redukton ndjesh\u00ebm fragmentimin e ADN-s\u00eb s\u00eb sperm\u00ebs krahasuar me grupin e kontrollit (pa trajtim aktiv).<\/li><li>Shkalla e shtatzanis\u00eb 28% n\u00eb grupin PROFERTIL\u00ae kundrejt 16.31% n\u00eb grupin e kontrollit<\/li><\/ul>\n<\/div>\n<\/div>\n\n\n\n<p class=\"has-black-color has-text-color has-small-font-size\">Studimi i ADN-s\u00eb 2019; I matur me teknik\u00ebn e dispersionit t\u00eb kromatin\u00ebs s\u00eb sperm\u00ebs (SCD), a do t\u00eb rritet integriteti i ADN-s\u00eb n\u00eb spermatozoidet pas plot\u00ebsimit t\u00eb mikronutrient\u00ebve?<br>Nj\u00eb studim retrospektiv; Imhof M. et al.; rezultatet e para t\u00eb prezantuara n\u00eb Aspire Hong Kong 2019.<\/p>\n\n\n\n\n\n<div id=\"anchorlink-block_5d029bb7eaea5\" class=\"anchorlink dark \">\n            <a href=\"#packshot\" data-smooth-scroll data-animation-duration=\"750\" data-animation-easing=\"swing\" data-offset=\"-23\"><i class=\"material-icons pro-pulse\">expand_more<\/i><\/a>\n    <\/div>\n\n\n<div style=\"height:100px\" aria-hidden=\"true\" class=\"wp-block-spacer\"><\/div>\n<\/div><\/div>\n\n\n\n<div class=\"wp-block-group alignfull has-red-gradient-background-color has-background\" id=\"packshot\"><div class=\"wp-block-group__inner-container is-layout-flow wp-block-group-is-layout-flow\">\n<div class=\"wp-block-columns has-2-columns is-layout-flex wp-container-core-columns-is-layout-9d6595d7 wp-block-columns-is-layout-flex\">\n<div class=\"wp-block-column is-vertically-aligned-center is-layout-flow wp-block-column-is-layout-flow\">\n<div class=\"wp-block-image\"><figure class=\"aligncenter size-large\"><img loading=\"lazy\" decoding=\"async\" width=\"946\" height=\"352\" src=\"http:\/\/profertil.mk\/al\/wp-content\/uploads\/2021\/09\/nr1-proven-efficacy.png\" alt=\"\" class=\"wp-image-5838\" srcset=\"https:\/\/profertil.mk\/al\/wp-content\/uploads\/2021\/09\/nr1-proven-efficacy.png 946w, https:\/\/profertil.mk\/al\/wp-content\/uploads\/2021\/09\/nr1-proven-efficacy-300x112.png 300w, https:\/\/profertil.mk\/al\/wp-content\/uploads\/2021\/09\/nr1-proven-efficacy-768x286.png 768w\" sizes=\"(max-width: 946px) 100vw, 946px\" \/><\/figure><\/div>\n<\/div>\n\n\n\n<div class=\"wp-block-column is-vertically-aligned-center is-layout-flow wp-block-column-is-layout-flow\">\n<div style=\"height:50px\" aria-hidden=\"true\" class=\"wp-block-spacer\"><\/div>\n\n\n\n<div class=\"wp-block-image\"><figure class=\"aligncenter size-large\"><img loading=\"lazy\" decoding=\"async\" width=\"791\" height=\"390\" src=\"http:\/\/profertil.mk\/al\/wp-content\/uploads\/\/2019\/07\/PROfertil-male_60K_int_HG-drot.png\" alt=\"Packshot PROFERTIL\u00ae male\" class=\"wp-image-2728\" srcset=\"https:\/\/profertil.mk\/al\/wp-content\/uploads\/2019\/07\/PROfertil-male_60K_int_HG-drot.png 791w, https:\/\/profertil.mk\/al\/wp-content\/uploads\/2019\/07\/PROfertil-male_60K_int_HG-drot-300x148.png 300w, https:\/\/profertil.mk\/al\/wp-content\/uploads\/2019\/07\/PROfertil-male_60K_int_HG-drot-768x379.png 768w\" sizes=\"(max-width: 791px) 100vw, 791px\" \/><\/figure><\/div>\n\n\n\n<p class=\"has-text-align-center has-white-color has-text-color\"><strong>MESATARJA E SHKALL\u00cbS S\u00cb SUKSESIT \u00d8<\/strong> <strong>26-41%<\/strong><\/p>\n\n\n\n<div style=\"height:50px\" aria-hidden=\"true\" class=\"wp-block-spacer\"><\/div>\n<\/div>\n<\/div>\n\n\n\n\n\n<div id=\"anchorlink-block_5d02a16a1f77b\" class=\"anchorlink light \">\n            <a href=\"#buynow\" data-smooth-scroll data-animation-duration=\"750\" data-animation-easing=\"swing\" data-offset=\"-23\"><i class=\"material-icons pro-pulse\">expand_more<\/i><\/a>\n    <\/div>\n\n\n<p><\/p>\n<\/div><\/div>\n","protected":false},"excerpt":{"rendered":"<p>\u00bbReduktim i ndjesh\u00ebm i fragmentimit t\u00eb ADN-s\u00eb n\u00eb sperm\u00eb\u00ab STUDIMI I ADN-S\u00cb 2019 Reduktimi i fragmentimit t\u00eb ADN-s\u00eb s\u00eb sperm\u00ebs (DFI n\u00eb %) pas 3 muajve p\u00ebrdorimi t\u00eb PROFERTIL\u00ae Numri i pacient\u00ebve:n = 306(Grupi PROFERTIL\u00ae : n = 146;grupi i kontrollit : n = 160) Prezantimi: Aspire 2019, Hongkong;botimi i plot\u00eb \u00ebsht\u00eb n\u00eb proces P\u00ebrb\u00ebrja<a class=\"excerpt-read-more\" href=\"https:\/\/profertil.mk\/al\/studies\/dna-study-2019\/\" title=\"ReadStudimi i ADN 2019\">&#8230; Read more &raquo;<\/a><\/p>\n","protected":false},"author":11,"featured_media":0,"parent":1430,"menu_order":3,"comment_status":"closed","ping_status":"closed","template":"template-study.php","meta":{"_acf_changed":false,"footnotes":""},"categories":[],"tags":[],"class_list":["post-2700","page","type-page","status-publish","hentry"],"acf":[],"_links":{"self":[{"href":"https:\/\/profertil.mk\/al\/wp-json\/wp\/v2\/pages\/2700","targetHints":{"allow":["GET"]}}],"collection":[{"href":"https:\/\/profertil.mk\/al\/wp-json\/wp\/v2\/pages"}],"about":[{"href":"https:\/\/profertil.mk\/al\/wp-json\/wp\/v2\/types\/page"}],"author":[{"embeddable":true,"href":"https:\/\/profertil.mk\/al\/wp-json\/wp\/v2\/users\/11"}],"replies":[{"embeddable":true,"href":"https:\/\/profertil.mk\/al\/wp-json\/wp\/v2\/comments?post=2700"}],"version-history":[{"count":68,"href":"https:\/\/profertil.mk\/al\/wp-json\/wp\/v2\/pages\/2700\/revisions"}],"predecessor-version":[{"id":6481,"href":"https:\/\/profertil.mk\/al\/wp-json\/wp\/v2\/pages\/2700\/revisions\/6481"}],"up":[{"embeddable":true,"href":"https:\/\/profertil.mk\/al\/wp-json\/wp\/v2\/pages\/1430"}],"wp:attachment":[{"href":"https:\/\/profertil.mk\/al\/wp-json\/wp\/v2\/media?parent=2700"}],"wp:term":[{"taxonomy":"category","embeddable":true,"href":"https:\/\/profertil.mk\/al\/wp-json\/wp\/v2\/categories?post=2700"},{"taxonomy":"post_tag","embeddable":true,"href":"https:\/\/profertil.mk\/al\/wp-json\/wp\/v2\/tags?post=2700"}],"curies":[{"name":"wp","href":"https:\/\/api.w.org\/{rel}","templated":true}]}}