{"id":1837,"date":"2019-06-19T14:04:59","date_gmt":"2019-06-19T14:04:59","guid":{"rendered":"http:\/\/profertil.local\/?page_id=1837"},"modified":"2022-03-31T11:20:25","modified_gmt":"2022-03-31T09:20:25","slug":"quality-factors","status":"publish","type":"page","link":"https:\/\/profertil.mk\/al\/sperm-health\/quality-factors\/","title":{"rendered":"Cil\u00ebsia e sperm\u00ebs"},"content":{"rendered":"\n<div class=\"wp-block-cover alignfull is-light\"><span aria-hidden=\"true\" class=\"has-dark-grey-background-color has-background-dim-10 wp-block-cover__gradient-background has-background-dim\"><\/span><img fetchpriority=\"high\" decoding=\"async\" width=\"2048\" height=\"500\" class=\"wp-block-cover__image-background wp-image-935\" alt=\"\" src=\"http:\/\/profertil.mk\/al\/wp-content\/uploads\/2019\/06\/faktoren-der-spermiengesundheit.jpg\" style=\"object-position:23% 48%\" data-object-fit=\"cover\" data-object-position=\"23% 48%\" srcset=\"https:\/\/profertil.mk\/al\/wp-content\/uploads\/2019\/06\/faktoren-der-spermiengesundheit.jpg 2048w, https:\/\/profertil.mk\/al\/wp-content\/uploads\/2019\/06\/faktoren-der-spermiengesundheit-300x73.jpg 300w, https:\/\/profertil.mk\/al\/wp-content\/uploads\/2019\/06\/faktoren-der-spermiengesundheit-768x188.jpg 768w, https:\/\/profertil.mk\/al\/wp-content\/uploads\/2019\/06\/faktoren-der-spermiengesundheit-1024x250.jpg 1024w\" sizes=\"(max-width: 2048px) 100vw, 2048px\" \/><div class=\"wp-block-cover__inner-container is-layout-flow wp-block-cover-is-layout-flow\">\n<h1 class=\"has-text-align-right wp-block-heading\"><span class=\"has-white-color\">FAKTOR\u00cb<\/span>T<br><span class=\"has-red-color\">P\u00cbR SPERMATOZOID\u00cb T\u00cb SH\u00cbNDETSH\u00cbM<\/span><\/h1>\n\n\n\n<p><\/p>\n<\/div><\/div>\n\n\n\n<div class=\"wp-block-group alignfull window-height minus-header center has-white-background-color has-background\"><div class=\"wp-block-group__inner-container is-layout-flow wp-block-group-is-layout-flow\">\n<div style=\"height:50px\" aria-hidden=\"true\" class=\"wp-block-spacer\"><\/div>\n\n\n\n<figure class=\"wp-block-table is-style-profertil stack\"><table><tbody><tr><td><strong>L<meta charset=\"utf-8\">\u00ebvizshm<meta charset=\"utf-8\">\u00ebria e Spermatozoideve<\/strong><\/td><td>Shkalla e l\u00ebvizshm\u00ebris\u00eb s\u00eb qelizave spermatozoide \u00ebsht\u00eb nj\u00eb faktor i r\u00ebnd\u00ebsish\u00ebm kur b\u00ebhet fjal\u00eb p\u00ebr l\u00ebvizje efikase brenda traktit gjenital t\u00eb femr\u00ebs. N\u00ebse spermatozoid\u00ebt nuk jan\u00eb mjaft t\u00eb shpejt\u00eb, ata do t\u00eb vdesin para se t\u00eb arrijn\u00eb n\u00eb vezore (vez\u00eb).<br>L\u00ebvizshm\u00ebria ndahet n\u00eb tre kategori:<br>\u2022 L\u00ebvizshm\u00ebria progresive (PR) &#8211; l\u00ebvizja p\u00ebrpara<br>\u2022 L\u00ebvizshm\u00ebria jo progresive (NP) &#8211; l\u00ebvizja lokale (spermatovoid\u00eb q\u00eb notojn\u00eb n\u00eb rrath\u00eb)<br>\u2022 T\u00eb pal\u00ebvizsh\u00ebm- nuk ka l\u00ebvizje<br>L\u00ebvizshm\u00ebria klasifikohet si normale kur m\u00eb shum\u00eb se 32% e spermatozoideve jan\u00eb progresive.<\/td><\/tr><tr><td><strong>Numri i <\/strong><br><strong>Spermatozoideve<\/strong><\/td><td>Numri ose p\u00ebrqendrimi i spermatozoideve i sh\u00ebrben nj\u00eb funksioni parashikues dhe diagnostikues n\u00eb vler\u00ebsimin e fertilitetit. Duke vler\u00ebsuar num\u00ebrimin ose p\u00ebrqendrimin, mund t\u00eb p\u00ebrcaktohet sasia e spermatozoideve t\u00eb transferuara gjat\u00eb marr\u00ebdh\u00ebnieve seksuale. Kjo b\u00ebn t\u00eb mundur vler\u00ebsimin e m\u00ebtejsh\u00ebm t\u00eb prodhimit t\u00eb sperm\u00ebs, rezervat e sperm\u00ebs n\u00eb epididim\u00eb dhe q\u00ebndrueshm\u00ebrin\u00eb e sistemit transportues t\u00eb sperm\u00ebs.<\/td><\/tr><tr><td><strong>Morfologjia<\/strong><br>(forma)<\/td><td>Pamja e spermatozoideve \u00ebsht\u00eb nj\u00eb element vendimtar n\u00eb vler\u00ebsimin e fertilitetit. Kjo \u00ebsht\u00eb p\u00ebr shkak se forma e nj\u00eb qelize spermatozoide mund t\u00eb ndikoj\u00eb n\u00eb aft\u00ebsin\u00eb e saj p\u00ebr t\u00eb arritur dhe dep\u00ebrtuar vez\u00ebn. Sperma e njeriut mund t\u00eb vler\u00ebsohet morfologjikisht sipas kritereve t\u00eb ndryshme, ku \u00e7rregullimet e form\u00ebs s\u00eb p\u00ebrcaktuar n\u00eb m\u00ebnyr\u00eb mikroskopike n\u00eb pjes\u00ebn e kok\u00ebs, pjes\u00ebn e mesme dhe pjes\u00ebn e bishtit klasifikohen ndryshe. Morfologjia konsiderohet e sh\u00ebndetshme n\u00ebse m\u00eb shum\u00eb se 4% kan\u00eb nj\u00eb form\u00eb normale.<\/td><\/tr><tr><td><strong>Vitaliteti<\/strong><br>(q<meta charset=\"utf-8\">\u00ebndrueshm<meta charset=\"utf-8\">\u00ebria)<\/td><td>Nj\u00eb analiz\u00eb e p\u00ebrqindjes s\u00eb qelizave t\u00eb gjalla t\u00eb sperm\u00ebs n\u00eb ejakulat p\u00ebrdoret p\u00ebr t\u00eb p\u00ebrcaktuar vitalitetin e spermatozoideve.<\/td><\/tr><\/tbody><\/table><\/figure>\n\n\n\n<div style=\"height:50px\" aria-hidden=\"true\" class=\"wp-block-spacer\"><\/div>\n\n\n\n<div class=\"wp-block-image\"><figure class=\"aligncenter size-full\"><img decoding=\"async\" width=\"840\" height=\"298\" src=\"https:\/\/profertil.mk\/al\/wp-content\/uploads\/2021\/10\/Spermienaufbau_INT-1.png\" alt=\"\" class=\"wp-image-5982\" srcset=\"https:\/\/profertil.mk\/al\/wp-content\/uploads\/2021\/10\/Spermienaufbau_INT-1.png 840w, https:\/\/profertil.mk\/al\/wp-content\/uploads\/2021\/10\/Spermienaufbau_INT-1-300x106.png 300w, https:\/\/profertil.mk\/al\/wp-content\/uploads\/2021\/10\/Spermienaufbau_INT-1-768x272.png 768w\" sizes=\"(max-width: 840px) 100vw, 840px\" \/><\/figure><\/div>\n\n\n\n<div style=\"height:50px\" aria-hidden=\"true\" class=\"wp-block-spacer\"><\/div>\n\n\n\n\n\n<div id=\"anchorlink-block_5cf50ca25bbc2\" class=\"anchorlink dark \">\n            <a href=\"#section2\" data-smooth-scroll data-animation-duration=\"750\" data-animation-easing=\"swing\" data-offset=\"-23\"><i class=\"material-icons pro-pulse\">expand_more<\/i><\/a>\n    <\/div><\/div><\/div>\n\n\n\n<div class=\"wp-block-group alignfull window-height center has-blue-gradient-background-color has-background\" id=\"section2\"><div class=\"wp-block-group__inner-container is-layout-flow wp-block-group-is-layout-flow\">\n<div style=\"height:50px\" aria-hidden=\"true\" class=\"wp-block-spacer\"><\/div>\n\n\n\n<h2 class=\"has-text-align-center has-light-grey-color has-text-color wp-block-heading\">CIL\u00cbSIA E UL\u00cbT E SPERM\u00cbS<\/h2>\n\n\n\n<div style=\"height:50px\" aria-hidden=\"true\" class=\"wp-block-spacer\"><\/div>\n\n\n\n<h3 class=\"has-text-align-center has-white-color has-text-color wp-block-heading\">OLIGOZOOSPERMIA<\/h3>\n\n\n\n<p class=\"has-text-align-center has-white-color has-text-color has-medium-font-size\">(shum\u00eb pak spermatozoide n\u00eb ejakulat) p\u00ebr shkak t\u00eb:<\/p>\n\n\n\n<div style=\"height:50px\" aria-hidden=\"true\" class=\"wp-block-spacer\"><\/div>\n\n\n\n<div class=\"wp-block-columns has-2-columns is-layout-flex wp-container-core-columns-is-layout-9d6595d7 wp-block-columns-is-layout-flex\">\n<div class=\"wp-block-column vertical-white-gradient-bg is-layout-flow wp-block-column-is-layout-flow\">\n<h4 class=\"wp-block-heading\">Prodhimit t<meta charset=\"utf-8\">\u00eb kufizuar<\/h4>\n\n\n\n<div style=\"height:20px\" aria-hidden=\"true\" class=\"wp-block-spacer\"><\/div>\n\n\n\n<p class=\"has-white-color has-text-color\"><strong>Shkaqet<\/strong>:<\/p>\n\n\n\n<ul class=\"has-white-color has-text-color wp-block-list\"><li>Stresi<\/li><li>Infeksionet<\/li><li>\u00c7rregullimet hormonale<\/li><li>Diabeti<\/li><li>Operacione tumorale<\/li><li>Anomalit\u00eb e vendndodhjes<\/li><li>Faktor\u00ebt gjenetik\u00eb dhe mjedisor\u00eb<\/li><li>Abuzimi me alkoolin ose drog\u00ebn<\/li><\/ul>\n<\/div>\n\n\n\n<div class=\"wp-block-column vertical-white-gradient-bg is-layout-flow wp-block-column-is-layout-flow\">\n<h4 class=\"wp-block-heading\"><strong>Transportit t<meta charset=\"utf-8\">\u00eb<\/strong> <strong>kompromentuar t<meta charset=\"utf-8\">\u00eb sperm\u00ebs<\/strong><\/h4>\n\n\n\n<div style=\"height:20px\" aria-hidden=\"true\" class=\"wp-block-spacer\"><\/div>\n\n\n\n<p class=\"has-white-color has-text-color\"><strong>Shkaqet:<\/strong><\/p>\n\n\n\n<ul class=\"has-white-color has-text-color wp-block-list\"><li>Inflamacion<\/li><li>Varikoceles (venat varikoze)<\/li><li>\u00c7rregullimet gjenetike<\/li><\/ul>\n<\/div>\n<\/div>\n\n\n\n<div class=\"wp-block-media-text has-media-on-the-right is-stacked-on-mobile is-vertically-aligned-bottom\"><figure class=\"wp-block-media-text__media\"><img decoding=\"async\" width=\"998\" height=\"580\" src=\"https:\/\/profertil.mk\/al\/wp-content\/uploads\/2021\/10\/1improvement-sperm-parameters.png\" alt=\"\" class=\"wp-image-5969 size-full\" srcset=\"https:\/\/profertil.mk\/al\/wp-content\/uploads\/2021\/10\/1improvement-sperm-parameters.png 998w, https:\/\/profertil.mk\/al\/wp-content\/uploads\/2021\/10\/1improvement-sperm-parameters-300x174.png 300w, https:\/\/profertil.mk\/al\/wp-content\/uploads\/2021\/10\/1improvement-sperm-parameters-768x446.png 768w\" sizes=\"(max-width: 998px) 100vw, 998px\" \/><\/figure><div class=\"wp-block-media-text__content\">\n<p class=\"has-text-align-right has-white-color has-text-color\">Disa studime kan\u00eb treguar nj\u00eb p\u00ebrmir\u00ebsim t\u00eb t\u00eb gjith\u00eb parametrave t\u00eb sperm\u00ebs q\u00eb kan\u00eb t\u00eb b\u00ebjn\u00eb me fertilitetin (p\u00ebrfshir\u00eb numrin e spermatozoideve dhe v\u00ebllimin e ejakulatit) pas marrjes s\u00eb PROFERTIL\u00ae p\u00ebr t\u00eb pakt\u00ebn 3 muaj.<\/p>\n<\/div><\/div>\n\n\n\n<div style=\"height:50px\" aria-hidden=\"true\" class=\"wp-block-spacer\"><\/div>\n\n\n\n\n\n<div id=\"anchorlink-block_5cf51f775bbc3\" class=\"anchorlink light \">\n            <a href=\"#section3\" data-smooth-scroll data-animation-duration=\"750\" data-animation-easing=\"swing\" data-offset=\"-23\"><i class=\"material-icons pro-pulse\">expand_more<\/i><\/a>\n    <\/div><\/div><\/div>\n\n\n\n<div class=\"wp-block-group alignfull window-height center has-red-gradient-background-color has-background\" id=\"section3\"><div class=\"wp-block-group__inner-container is-layout-flow wp-block-group-is-layout-flow\">\n<div style=\"height:50px\" aria-hidden=\"true\" class=\"wp-block-spacer\"><\/div>\n\n\n\n<h2 class=\"has-text-align-center has-text-color wp-block-heading\" style=\"color:#caabb5\">L\u00cbVIZSHM<meta charset=\"utf-8\">\u00cbRIA E DOB\u00cbT<\/h2>\n\n\n\n<div style=\"height:50px\" aria-hidden=\"true\" class=\"wp-block-spacer\"><\/div>\n\n\n\n<h3 class=\"has-text-align-center has-white-color has-text-color wp-block-heading\">ASTHENOZOOSPERMIE <\/h3>\n\n\n\n<p class=\"has-text-align-center has-white-color has-text-color has-medium-font-size\">(spermatozoidet n\u00eb ejakulat nuk l\u00ebvizin sa duhet)<\/p>\n\n\n\n<div style=\"height:70px\" aria-hidden=\"true\" class=\"wp-block-spacer\"><\/div>\n\n\n\n<div class=\"wp-block-columns has-2-columns is-layout-flex wp-container-core-columns-is-layout-9d6595d7 wp-block-columns-is-layout-flex\">\n<div class=\"wp-block-column is-vertically-aligned-center vertical-white-gradient-bg is-layout-flow wp-block-column-is-layout-flow\">\n<p class=\"has-white-color has-text-color\">Studimet kan\u00eb konfirmuar vazhdimisht se l\u00ebvizshm\u00ebria e spermatozoideve mund t\u00eb p\u00ebrmir\u00ebsohet duke marr\u00eb PROFERTIL\u00ae p\u00ebr t\u00eb pakt\u00ebn 3 muaj. N\u00eb m\u00ebnyr\u00eb t\u00eb ve\u00e7ant\u00eb, p\u00ebrqindja e sperm\u00ebs q\u00eb l\u00ebviz p\u00ebrpara u rrit, i cili \u00ebsht\u00eb nj\u00eb kusht i r\u00ebnd\u00ebsish\u00ebm p\u00ebr spermatozoidin p\u00ebr t\u00eb arritur dhe fekonduar qeliz\u00ebn vez\u00eb.<\/p>\n<\/div>\n\n\n\n<div class=\"wp-block-column is-vertically-aligned-top is-layout-flow wp-block-column-is-layout-flow\">\n<div class=\"wp-block-image\"><figure class=\"aligncenter size-large\"><img loading=\"lazy\" decoding=\"async\" width=\"998\" height=\"580\" src=\"http:\/\/profertil.mk\/al\/wp-content\/uploads\/2021\/05\/1profertil-improves-sperm-motility.png\" alt=\"\" class=\"wp-image-5769\" srcset=\"https:\/\/profertil.mk\/al\/wp-content\/uploads\/2021\/05\/1profertil-improves-sperm-motility.png 998w, https:\/\/profertil.mk\/al\/wp-content\/uploads\/2021\/05\/1profertil-improves-sperm-motility-300x174.png 300w, https:\/\/profertil.mk\/al\/wp-content\/uploads\/2021\/05\/1profertil-improves-sperm-motility-768x446.png 768w\" sizes=\"(max-width: 998px) 100vw, 998px\" \/><\/figure><\/div>\n<\/div>\n<\/div>\n\n\n\n<div style=\"height:50px\" aria-hidden=\"true\" class=\"wp-block-spacer\"><\/div>\n\n\n\n\n\n<div id=\"anchorlink-block_5cf522f95bbc4\" class=\"anchorlink light \">\n            <a href=\"#section4\" data-smooth-scroll data-animation-duration=\"750\" data-animation-easing=\"swing\" data-offset=\"-23\"><i class=\"material-icons pro-pulse\">expand_more<\/i><\/a>\n    <\/div><\/div><\/div>\n\n\n\n<div class=\"wp-block-group alignfull window-height center has-white-background-color has-background\" id=\"section4\"><div class=\"wp-block-group__inner-container is-layout-flow wp-block-group-is-layout-flow\">\n<div style=\"height:50px\" aria-hidden=\"true\" class=\"wp-block-spacer\"><\/div>\n\n\n\n<h2 class=\"has-text-align-center wp-block-heading\">SINDROMA \u201cOAT\u201d<\/h2>\n\n\n\n<div style=\"height:50px\" aria-hidden=\"true\" class=\"wp-block-spacer\"><\/div>\n\n\n\n<h3 class=\"has-text-align-center wp-block-heading\">OLIGOASTHENOTERATOZOOSPERMIA<\/h3>\n\n\n\n<p class=\"has-text-align-center has-medium-font-size\">Ndryshimi tre-dimensional patologjik n\u00eb spermatozoid\u00eb<\/p>\n\n\n\n<div style=\"height:50px\" aria-hidden=\"true\" class=\"wp-block-spacer\"><\/div>\n\n\n\n<div class=\"wp-block-columns has-2-columns is-layout-flex wp-container-core-columns-is-layout-9d6595d7 wp-block-columns-is-layout-flex\">\n<div class=\"wp-block-column vertical-grey-gradient-bg is-layout-flow wp-block-column-is-layout-flow\">\n<p class=\"has-text-align-left\"><strong>Tre faktor\u00ebt e sindrom\u00ebs OAT:<\/strong><\/p>\n\n\n\n<ul class=\"wp-block-list\"><li>Shum\u00eb pak spermatozoid\u00eb (oligo)<\/li><li>L\u00ebvizshm\u00ebria e pamjaftueshme e sperm\u00ebs (astheno)<\/li><li>Rritja e numrit t\u00eb sperm\u00ebs s\u00eb keqformuar (terato)<\/li><\/ul>\n<\/div>\n\n\n\n<div class=\"wp-block-column vertical-grey-gradient-bg is-layout-flow wp-block-column-is-layout-flow\">\n<p class=\"has-text-align-left\"><strong>Shkaqet e sindrom\u00ebs OAT:<\/strong><\/p>\n\n\n\n<ul class=\"wp-block-list\"><li>Pozicionimi jo i duhur i testikujve<\/li><li>Varikocela<\/li><li>Anomalit\u00eb kromozomale<\/li><li>\u00c7rregullimet hormonale<\/li><li>Infeksionet<\/li><li>Barnat<\/li><li>Alkooli \/ l\u00ebnd\u00ebt narkotike<\/li><\/ul>\n<\/div>\n<\/div>\n\n\n\n<div style=\"height:50px\" aria-hidden=\"true\" class=\"wp-block-spacer\"><\/div>\n\n\n\n<div class=\"wp-block-columns are-vertically-aligned-center has-2-columns is-layout-flex wp-container-core-columns-is-layout-9d6595d7 wp-block-columns-is-layout-flex\">\n<div class=\"wp-block-column is-vertically-aligned-center is-layout-flow wp-block-column-is-layout-flow\">\n<p class=\"medium-width\">Studimet kan\u00eb konfirmuar n\u00eb m\u00ebnyr\u00eb t\u00eb p\u00ebrs\u00ebritur se PROFERTIL\u00ae n\u00eb m\u00ebnyr\u00eb t\u00eb dukshme p\u00ebrmir\u00ebson t\u00eb gjith\u00eb parametrat e spermatozoideve q\u00eb lidhen me fertilitetin dhe rrit mund\u00ebsin\u00eb e nj\u00eb shtat\u00ebz\u00ebnie t\u00eb suksesshme. Asnj\u00eb formul\u00eb tjet\u00ebr nuk e ka mposhtur nivelin e PROFERTIL t\u00eb shtatz\u00ebnis\u00eb prej 26-41%.<\/p>\n\n\n\n<div style=\"height:50px\" aria-hidden=\"true\" class=\"wp-block-spacer\"><\/div>\n\n\n\n<p class=\"has-text-align-right\">Meqen\u00ebse sindroma OAT p\u00ebrfshin nj\u00eb num\u00ebr t\u00eb ul\u00ebt, l\u00ebvizje t\u00eb dob\u00ebt dhe form\u00eb anormale t\u00eb spermatozoideve, PROFERTIL\u00ae mund t\u00eb jap\u00eb nj\u00eb kontribut t\u00eb r\u00ebnd\u00ebsish\u00ebm n\u00eb p\u00ebrmir\u00ebsimin e fertilitetit.<\/p>\n<\/div>\n\n\n\n<div class=\"wp-block-column is-vertically-aligned-center is-layout-flow wp-block-column-is-layout-flow\">\n<div class=\"wp-block-image\"><figure class=\"aligncenter size-large\"><img loading=\"lazy\" decoding=\"async\" width=\"998\" height=\"580\" src=\"http:\/\/profertil.mk\/al\/wp-content\/uploads\/2021\/05\/1-profertil-improves-sperm-motility.png\" alt=\"\" class=\"wp-image-5770\" srcset=\"https:\/\/profertil.mk\/al\/wp-content\/uploads\/2021\/05\/1-profertil-improves-sperm-motility.png 998w, https:\/\/profertil.mk\/al\/wp-content\/uploads\/2021\/05\/1-profertil-improves-sperm-motility-300x174.png 300w, https:\/\/profertil.mk\/al\/wp-content\/uploads\/2021\/05\/1-profertil-improves-sperm-motility-768x446.png 768w\" sizes=\"(max-width: 998px) 100vw, 998px\" \/><\/figure><\/div>\n<\/div>\n<\/div>\n\n\n\n<div style=\"height:50px\" aria-hidden=\"true\" class=\"wp-block-spacer\"><\/div>\n\n\n\n\n\n<div id=\"anchorlink-block_5cf5319d52240\" class=\"anchorlink dark \">\n            <a href=\"#section5\" data-smooth-scroll data-animation-duration=\"750\" data-animation-easing=\"swing\" data-offset=\"-23\"><i class=\"material-icons pro-pulse\">expand_more<\/i><\/a>\n    <\/div><\/div><\/div>\n\n\n\n<div class=\"wp-block-group alignfull window-height center has-blue-gradient-background-color has-background\" id=\"section5\"><div class=\"wp-block-group__inner-container is-layout-flow wp-block-group-is-layout-flow\">\n<div style=\"height:50px\" aria-hidden=\"true\" class=\"wp-block-spacer\"><\/div>\n\n\n\n<h2 class=\"has-text-align-center has-light-grey-color has-text-color wp-block-heading\">COP\u00cbZIMI I FIJEVE T\u00cb ADN-S\u00cb <\/h2>\n\n\n\n<h3 class=\"has-text-align-center wp-block-heading\">Informacioni gjenetik \u00ebsht\u00eb i d\u00ebmtuar<\/h3>\n\n\n\n<div style=\"height:50px\" aria-hidden=\"true\" class=\"wp-block-spacer\"><\/div>\n\n\n\n<div class=\"wp-block-columns has-2-columns is-layout-flex wp-container-core-columns-is-layout-9d6595d7 wp-block-columns-is-layout-flex\">\n<div class=\"wp-block-column is-layout-flow wp-block-column-is-layout-flow\">\n<p class=\"has-white-color has-text-color\">N\u00eb zhvillimin embrional, informacioni gjenetik transferohet n\u00eb qelizat e krijuara s\u00eb fundmi gjat\u00eb procesit t\u00eb ndarjes qelizore. Sidoqoft\u00eb, n\u00ebse ka thyerje n\u00eb ADN (n\u00ebse informacioni gjenetik \u00ebsht\u00eb &#8220;thyer&#8221; ose &#8220;d\u00ebmtuar&#8221;), qelizat e krijuara s\u00eb fundmi do t\u00eb jen\u00eb jo t\u00eb plota, t\u00eb paafta p\u00ebr t\u00eb funksionuar si\u00e7 duhet, dhe si rezultat, embrioni vdes. N\u00eb ndarjen e qelizave, ADN-ja drejtohet si nj\u00eb tren n\u00eb binar\u00eb. N\u00eb rastin e d\u00ebmtimit t\u00eb ADN-s\u00eb, \u00ebsht\u00eb sikur nj\u00eb pjes\u00eb e shinave mungon &#8211; treni gjenetik prishet.<\/p>\n\n\n\n<p class=\"has-white-color has-text-color\">Detyra e nj\u00eb spermatozoidi \u00ebsht\u00eb t\u00eb transportoj\u00eb n\u00eb m\u00ebnyr\u00eb t\u00eb sigurt\u00eb bart\u00ebsin e informacionit gjenetik &#8211; ADN &#8211; n\u00eb qeliz\u00ebn vez\u00eb. Sa m\u00eb shum\u00eb nd\u00ebrprerje t\u00eb ket\u00eb n\u00eb ADN, aq m\u00eb e v\u00ebshtir\u00eb \u00ebsht\u00eb q\u00eb spermatozoidi t\u00eb kryej\u00eb detyr\u00ebn e tij. Metoda t\u00eb ndryshme testimi jan\u00eb n\u00eb dispozicion p\u00ebr t\u00eb vler\u00ebsuar d\u00ebmtimin e ADN-s\u00eb (shkalla e cop\u00ebzimit). <\/p>\n\n\n\n<p class=\"has-white-color has-text-color\">Tani dihet q\u00eb infertiliteti mashkullor shoq\u00ebrohet gjithashtu me material gjenetik t\u00eb d\u00ebmtuar. Sa m\u00eb shum\u00eb spermatozoide me ADN t\u00eb d\u00ebmtuar, aq m\u00eb i ul\u00ebt \u00ebsht\u00eb probabiliteti i shtatz\u00ebnis\u00eb s\u00eb suksesshme. PROfertil\u00ae mund t\u00eb jet\u00eb ve\u00e7an\u00ebrisht i dobish\u00ebm p\u00ebr burrat mbi mosh\u00ebn 35 vje\u00e7, sepse n\u00eb k\u00ebt\u00eb mosh\u00eb, rreziku i d\u00ebmtimit t\u00eb ADN-s\u00eb fillon t\u00eb rritet ndjesh\u00ebm. D\u00ebmtimi i ADN-s\u00eb lidhur me mosh\u00ebn mund t\u00eb lidhet me nj\u00eb rritje t\u00eb aborteve spontane<sup>1-2)<\/sup>.<\/p>\n<\/div>\n\n\n\n<div class=\"wp-block-column is-layout-flow wp-block-column-is-layout-flow\">\n<div class=\"wp-block-group vertical-white-gradient-bg\"><div class=\"wp-block-group__inner-container is-layout-flow wp-block-group-is-layout-flow\">\n<div style=\"height:20px\" aria-hidden=\"true\" class=\"wp-block-spacer\"><\/div>\n\n\n\n<p class=\"medium-width has-white-color has-text-color has-small-font-size\"><em>Burimet: <\/em> <\/p>\n\n\n\n<p class=\"medium-width has-white-color has-text-color has-small-font-size\"><em>1) Galaviz-Hernandez et al., Frontiers in Physiology 2019.<\/em><br><em>2) Sartorius et al., Human Reprod. 2010.<\/em><\/p>\n<\/div><\/div>\n<\/div>\n<\/div>\n\n\n\n<div class=\"wp-block-media-text has-media-on-the-right is-stacked-on-mobile is-vertically-aligned-bottom\"><figure class=\"wp-block-media-text__media\"><img loading=\"lazy\" decoding=\"async\" width=\"998\" height=\"580\" src=\"http:\/\/profertil.mk\/al\/wp-content\/uploads\/2021\/05\/mbron-kunder-demrimit-te-adn-s.png\" alt=\"\" class=\"wp-image-5771 size-full\" srcset=\"https:\/\/profertil.mk\/al\/wp-content\/uploads\/2021\/05\/mbron-kunder-demrimit-te-adn-s.png 998w, https:\/\/profertil.mk\/al\/wp-content\/uploads\/2021\/05\/mbron-kunder-demrimit-te-adn-s-300x174.png 300w, https:\/\/profertil.mk\/al\/wp-content\/uploads\/2021\/05\/mbron-kunder-demrimit-te-adn-s-768x446.png 768w\" sizes=\"(max-width: 998px) 100vw, 998px\" \/><\/figure><div class=\"wp-block-media-text__content\">\n<p class=\"has-text-align-right has-white-color has-text-color has-medium-font-size\">Dy studime klinike kan\u00eb treguar q\u00eb PROFERTIL\u00ae mund t\u00eb mbroj\u00eb nga d\u00ebmtimi i ADN-s\u00eb. 74.6% e p\u00ebrdoruesve t\u00eb PROFERTIL\u00ae kishin nj\u00eb rritje t\u00eb konsiderueshme n\u00eb p\u00ebrqindjen e ADN-s\u00eb t\u00eb spermatozoideve t\u00eb pad\u00ebmtuar 3 muaj pas p\u00ebrdorimit.  <\/p>\n<\/div><\/div>\n\n\n\n<div style=\"height:50px\" aria-hidden=\"true\" class=\"wp-block-spacer\"><\/div>\n\n\n\n<p class=\"has-text-align-left has-white-color has-text-color has-small-font-size\"><em><em>N. Phillips, L. Taylor, G. Bachmann. Maternal, infant and childhood risks associated \u00ebith advanced paternal age: The need for comprehensive counseling for men. Maturitas, 2019; 125: 81 DOI: 10.1016\/j.maturitas.2019.03.02<\/em><\/em><\/p>\n\n\n\n<div style=\"height:50px\" aria-hidden=\"true\" class=\"wp-block-spacer\"><\/div>\n\n\n\n\n\n<div id=\"anchorlink-block_5cf5349052241\" class=\"anchorlink light \">\n            <a href=\"#buynow\" data-smooth-scroll data-animation-duration=\"750\" data-animation-easing=\"swing\" data-offset=\"-23\"><i class=\"material-icons pro-pulse\">expand_more<\/i><\/a>\n    <\/div><\/div><\/div>\n","protected":false},"excerpt":{"rendered":"<p>L\u00ebvizshm\u00ebria e Spermatozoideve Shkalla e l\u00ebvizshm\u00ebris\u00eb s\u00eb qelizave spermatozoide \u00ebsht\u00eb nj\u00eb faktor i r\u00ebnd\u00ebsish\u00ebm kur b\u00ebhet fjal\u00eb p\u00ebr l\u00ebvizje efikase brenda traktit gjenital t\u00eb femr\u00ebs. N\u00ebse spermatozoid\u00ebt nuk jan\u00eb mjaft t\u00eb shpejt\u00eb, ata do t\u00eb vdesin para se t\u00eb arrijn\u00eb n\u00eb vezore (vez\u00eb).L\u00ebvizshm\u00ebria ndahet n\u00eb tre kategori:\u2022 L\u00ebvizshm\u00ebria progresive (PR) &#8211; l\u00ebvizja p\u00ebrpara\u2022 L\u00ebvizshm\u00ebria jo<a class=\"excerpt-read-more\" href=\"https:\/\/profertil.mk\/al\/sperm-health\/quality-factors\/\" title=\"ReadCil\u00ebsia e sperm\u00ebs\">&#8230; Read more &raquo;<\/a><\/p>\n","protected":false},"author":11,"featured_media":0,"parent":1422,"menu_order":2,"comment_status":"closed","ping_status":"closed","template":"template-full-width-no-title.php","meta":{"_acf_changed":false,"footnotes":""},"categories":[],"tags":[],"class_list":["post-1837","page","type-page","status-publish","hentry"],"acf":[],"_links":{"self":[{"href":"https:\/\/profertil.mk\/al\/wp-json\/wp\/v2\/pages\/1837","targetHints":{"allow":["GET"]}}],"collection":[{"href":"https:\/\/profertil.mk\/al\/wp-json\/wp\/v2\/pages"}],"about":[{"href":"https:\/\/profertil.mk\/al\/wp-json\/wp\/v2\/types\/page"}],"author":[{"embeddable":true,"href":"https:\/\/profertil.mk\/al\/wp-json\/wp\/v2\/users\/11"}],"replies":[{"embeddable":true,"href":"https:\/\/profertil.mk\/al\/wp-json\/wp\/v2\/comments?post=1837"}],"version-history":[{"count":51,"href":"https:\/\/profertil.mk\/al\/wp-json\/wp\/v2\/pages\/1837\/revisions"}],"predecessor-version":[{"id":6393,"href":"https:\/\/profertil.mk\/al\/wp-json\/wp\/v2\/pages\/1837\/revisions\/6393"}],"up":[{"embeddable":true,"href":"https:\/\/profertil.mk\/al\/wp-json\/wp\/v2\/pages\/1422"}],"wp:attachment":[{"href":"https:\/\/profertil.mk\/al\/wp-json\/wp\/v2\/media?parent=1837"}],"wp:term":[{"taxonomy":"category","embeddable":true,"href":"https:\/\/profertil.mk\/al\/wp-json\/wp\/v2\/categories?post=1837"},{"taxonomy":"post_tag","embeddable":true,"href":"https:\/\/profertil.mk\/al\/wp-json\/wp\/v2\/tags?post=1837"}],"curies":[{"name":"wp","href":"https:\/\/api.w.org\/{rel}","templated":true}]}}