{"id":1776,"date":"2019-06-19T12:26:02","date_gmt":"2019-06-19T12:26:02","guid":{"rendered":"http:\/\/profertil.local\/?page_id=1776"},"modified":"2022-04-15T13:07:58","modified_gmt":"2022-04-15T11:07:58","slug":"studies-overview","status":"publish","type":"page","link":"https:\/\/profertil.mk\/al\/studies\/studies-overview\/","title":{"rendered":"P\u00ebrmbledhja e studimeve"},"content":{"rendered":"\n<div class=\"wp-block-cover alignfull is-light\"><span aria-hidden=\"true\" class=\"has-background-dim-10 wp-block-cover__gradient-background has-background-dim\"><\/span><img fetchpriority=\"high\" decoding=\"async\" width=\"2048\" height=\"500\" class=\"wp-block-cover__image-background wp-image-1063\" alt=\"\" src=\"http:\/\/profertil.mk\/al\/wp-content\/uploads\/\/2019\/06\/spermiogramm.jpg\" style=\"object-position:18% 39%\" data-object-fit=\"cover\" data-object-position=\"18% 39%\" srcset=\"https:\/\/profertil.mk\/al\/wp-content\/uploads\/2019\/06\/spermiogramm.jpg 2048w, https:\/\/profertil.mk\/al\/wp-content\/uploads\/2019\/06\/spermiogramm-300x73.jpg 300w, https:\/\/profertil.mk\/al\/wp-content\/uploads\/2019\/06\/spermiogramm-768x188.jpg 768w, https:\/\/profertil.mk\/al\/wp-content\/uploads\/2019\/06\/spermiogramm-1024x250.jpg 1024w\" sizes=\"(max-width: 2048px) 100vw, 2048px\" \/><div class=\"wp-block-cover__inner-container is-layout-flow wp-block-cover-is-layout-flow\">\n<h1 class=\"has-text-align-right has-white-color has-text-color wp-block-heading\">STUDIMET PROVOJN\u00cb<br><span class=\"has-red-color\">P\u00cbRB\u00cbRJEN<\/span><\/h1>\n<\/div><\/div>\n\n\n\n<div class=\"wp-block-group alignfull has-red-gradient-background-color has-background\"><div class=\"wp-block-group__inner-container is-layout-flow wp-block-group-is-layout-flow\">\n<div style=\"height:30px\" aria-hidden=\"true\" class=\"wp-block-spacer\"><\/div>\n\n\n\n<p class=\"has-text-align-center medium-width\" style=\"font-size:30px\">Studimet e shumta d\u00ebshmojn\u00eb efikasitetin e formul\u00ebs s\u00eb patentuar t\u00eb PROFERTIL\u00ae.<\/p>\n\n\n\n<div style=\"height:30px\" aria-hidden=\"true\" class=\"wp-block-spacer\"><\/div>\n<\/div><\/div>\n\n\n\n<div style=\"height:111px\" aria-hidden=\"true\" class=\"wp-block-spacer\"><\/div>\n\n\n\n<div class=\"wp-block-columns is-layout-flex wp-container-core-columns-is-layout-9d6595d7 wp-block-columns-is-layout-flex\">\n<div class=\"wp-block-column is-layout-flow wp-block-column-is-layout-flow\">\n<p>STUDIMI I ADN-S\u00cb 2021<\/p>\n\n\n\n<p class=\"has-red-color has-text-color\" style=\"font-size:25px\"><strong>Reduktim i ndjesh\u00ebm i fragmentimit t\u00eb ADN-s\u00eb n\u00eb sperm\u00eb<\/strong><\/p>\n\n\n\n<div style=\"height:192px\" aria-hidden=\"true\" class=\"wp-block-spacer\"><\/div>\n\n\n\n<figure class=\"wp-block-image size-full is-resized\"><img decoding=\"async\" src=\"https:\/\/profertil.mk\/al\/wp-content\/uploads\/2022\/02\/DNA-Study-2021_Logo.png\" alt=\"\" class=\"wp-image-6264\" width=\"209\" height=\"140\" srcset=\"https:\/\/profertil.mk\/al\/wp-content\/uploads\/2022\/02\/DNA-Study-2021_Logo.png 466w, https:\/\/profertil.mk\/al\/wp-content\/uploads\/2022\/02\/DNA-Study-2021_Logo-300x201.png 300w\" sizes=\"(max-width: 209px) 100vw, 209px\" \/><\/figure>\n<\/div>\n\n\n\n<div class=\"wp-block-column is-layout-flow wp-block-column-is-layout-flow\">\n<figure class=\"wp-block-image size-large is-resized\"><img decoding=\"async\" src=\"https:\/\/profertil.mk\/al\/wp-content\/uploads\/2022\/03\/2021-study-1024x1024.png\" alt=\"\" class=\"wp-image-6406\" width=\"494\" height=\"494\" srcset=\"https:\/\/profertil.mk\/al\/wp-content\/uploads\/2022\/03\/2021-study-1024x1024.png 1024w, https:\/\/profertil.mk\/al\/wp-content\/uploads\/2022\/03\/2021-study-300x300.png 300w, https:\/\/profertil.mk\/al\/wp-content\/uploads\/2022\/03\/2021-study-150x150.png 150w, https:\/\/profertil.mk\/al\/wp-content\/uploads\/2022\/03\/2021-study-768x768.png 768w, https:\/\/profertil.mk\/al\/wp-content\/uploads\/2022\/03\/2021-study-125x125.png 125w, https:\/\/profertil.mk\/al\/wp-content\/uploads\/2022\/03\/2021-study-24x24.png 24w, https:\/\/profertil.mk\/al\/wp-content\/uploads\/2022\/03\/2021-study-36x36.png 36w, https:\/\/profertil.mk\/al\/wp-content\/uploads\/2022\/03\/2021-study-48x48.png 48w, https:\/\/profertil.mk\/al\/wp-content\/uploads\/2022\/03\/2021-study.png 1080w\" sizes=\"(max-width: 494px) 100vw, 494px\" \/><\/figure>\n\n\n\n<div class=\"wp-block-buttons alignwide is-content-justification-center is-layout-flex wp-container-core-buttons-is-layout-16018d1d wp-block-buttons-is-layout-flex\">\n<div class=\"wp-block-button has-custom-width wp-block-button__width-50 has-custom-font-size\" style=\"font-size:15px\"><a class=\"wp-block-button__link has-dark-grey-color has-white-background-color has-text-color has-background\" href=\"https:\/\/profertil.mk\/al\/studies\/studimi-i-adn-se-2021\/\">                                                     >FIND OUT MORE<\/a><\/div>\n<\/div>\n\n\n\n<div class=\"wp-block-buttons is-layout-flex wp-block-buttons-is-layout-flex\"><\/div>\n<\/div>\n<\/div>\n\n\n\n<hr class=\"wp-block-separator has-text-color has-background has-light-grey-background-color has-light-grey-color is-style-wide\"\/>\n\n\n\n\n\n\n    <div class=\"wp-block-columns block-study-wrapper has-2-columns grid-x grid-margin-x\">\n        <!-- left col -->\n        <div class=\"wp-block-column cell large-auto medium-8 large-8 title-logo-wrapper\">\n            <h2 class=\"study-title\">Studimi i ADN 2019<\/h2>\n                        <p class=\"main-finding\"><a href=\"https:\/\/profertil.mk\/al\/studies\/dna-study-2019\/\" title=\"More information\">Reduktim i ndjesh\u00ebm i fragmentimit t\u00eb ADN -s\u00eb<\/a><\/p>\n                                                                    <span class=\"logo\"><img decoding=\"async\" src=\"https:\/\/profertil.mk\/al\/wp-content\/uploads\/2019\/07\/aspire-logo.png\"><\/span>\n                    <\/div>\n        <!-- right col -->\n        <div class=\"wp-block-column cell large-auto medium-4 large-4\">\n                                            <div class=\"quote-img\"><img decoding=\"async\" src=\"https:\/\/profertil.mk\/al\/wp-content\/uploads\/2021\/10\/reduces-dna-damage-998x580_20191217-3-1.png\"><\/div>\n                <p class=\"more-link\"><a href=\"https:\/\/profertil.mk\/al\/studies\/dna-study-2019\/\" title=\"More information\">> Find out more<\/a><\/p>\n                    <\/div>\n    <\/div>\n\n\n\n\n\n\n    <div class=\"wp-block-columns block-study-wrapper has-2-columns grid-x grid-margin-x\">\n        <!-- left col -->\n        <div class=\"wp-block-column cell large-auto medium-8 large-8 title-logo-wrapper\">\n            <h2 class=\"study-title\">STUDIMET E ADN-S\u00cb 2014<\/h2>\n                        <p class=\"main-finding\"><a href=\"https:\/\/profertil.mk\/al\/studies\/dna-study-2014\/\" title=\"More information\">P\u00ebrmir\u00ebsim i duksh\u00ebm n\u00eb mbrojtjen kund\u00ebr fragmentimit t\u00eb ADN -s\u00eb<\/a><\/p>\n                                                                    <span class=\"logo\"><img decoding=\"async\" src=\"https:\/\/profertil.mk\/al\/wp-content\/uploads\/2019\/07\/EMJ_Logo.png\"><\/span>\n                    <\/div>\n        <!-- right col -->\n        <div class=\"wp-block-column cell large-auto medium-4 large-4\">\n                                            <div class=\"quote-img\"><img decoding=\"async\" src=\"https:\/\/profertil.mk\/al\/wp-content\/uploads\/2021\/10\/dna-study-2014-bubble.png\"><\/div>\n                <p class=\"more-link\"><a href=\"https:\/\/profertil.mk\/al\/studies\/dna-study-2014\/\" title=\"More information\">> Find out more<\/a><\/p>\n                    <\/div>\n    <\/div>\n\n\n\n\n\n\n    <div class=\"wp-block-columns block-study-wrapper has-2-columns grid-x grid-margin-x\">\n        <!-- left col -->\n        <div class=\"wp-block-column cell large-auto medium-8 large-8 title-logo-wrapper\">\n            <h2 class=\"study-title\">Studimi i kontrolluar 2012<\/h2>\n                        <p class=\"main-finding\"><a href=\"https:\/\/profertil.mk\/al\/studies\/controlled-study-2012\/\" title=\"More information\">P\u00ebrmir\u00ebsimi i cil\u00ebsis\u00eb s\u00eb sperm\u00ebs k\u00ebrkon m\u00eb shum\u00eb sesa nj\u00eb ndryshim n\u00eb stilin e jet\u00ebs<\/a><\/p>\n                                                                    <span class=\"logo\"><img decoding=\"async\" src=\"https:\/\/profertil.mk\/al\/wp-content\/uploads\/2019\/07\/e-spen-logo.png\"><\/span>\n                    <\/div>\n        <!-- right col -->\n        <div class=\"wp-block-column cell large-auto medium-4 large-4\">\n                                            <div class=\"quote-img\"><img decoding=\"async\" src=\"https:\/\/profertil.mk\/al\/wp-content\/uploads\/2021\/10\/controlled-study-2012-bubble.png\"><\/div>\n                <p class=\"more-link\"><a href=\"https:\/\/profertil.mk\/al\/studies\/controlled-study-2012\/\" title=\"More information\">> Find out more<\/a><\/p>\n                    <\/div>\n    <\/div>\n\n\n\n\n\n\n    <div class=\"wp-block-columns block-study-wrapper has-2-columns grid-x grid-margin-x\">\n        <!-- left col -->\n        <div class=\"wp-block-column cell large-auto medium-8 large-8 title-logo-wrapper\">\n            <h2 class=\"study-title\">Studimet e L-Karnitin\u00ebs 2016<\/h2>\n                        <p class=\"main-finding\"><a href=\"https:\/\/profertil.mk\/al\/studies\/l-carnitine-study-2016\/\" title=\"More information\">Efekti sinergjik i kombinimit tejkalon mono-substanc\u00ebn me doz\u00eb t\u00eb lart\u00eb<\/a><\/p>\n                                                                    <span class=\"logo\"><img decoding=\"async\" src=\"https:\/\/profertil.mk\/al\/wp-content\/uploads\/2019\/07\/BioMed-Central-Logo.png\"><\/span>\n                    <\/div>\n        <!-- right col -->\n        <div class=\"wp-block-column cell large-auto medium-4 large-4\">\n                                            <div class=\"quote-img\"><img decoding=\"async\" src=\"https:\/\/profertil.mk\/al\/wp-content\/uploads\/2021\/11\/Avantazh-i-ndjeshe\u0308m.png\"><\/div>\n                <p class=\"more-link\"><a href=\"https:\/\/profertil.mk\/al\/studies\/l-carnitine-study-2016\/\" title=\"More information\">> Find out more<\/a><\/p>\n                    <\/div>\n    <\/div>\n\n\n\n\n\n\n    <div class=\"wp-block-columns block-study-wrapper has-2-columns grid-x grid-margin-x\">\n        <!-- left col -->\n        <div class=\"wp-block-column cell large-auto medium-8 large-8 title-logo-wrapper\">\n            <h2 class=\"study-title\">Studimet n\u00ebnklinike t\u00eb varikocel\u00ebs 2010<\/h2>\n                        <p class=\"main-finding\"><a href=\"https:\/\/profertil.mk\/al\/studies\/subclinical-varikocele-study-2010\/\" title=\"More information\">Rrit pjellorin\u00eb tek meshkujt me varikocel\u00eb n\u00ebnklinike<\/a><\/p>\n                                                                    <span class=\"logo\"><img decoding=\"async\" src=\"https:\/\/profertil.mk\/al\/wp-content\/uploads\/2019\/07\/eau_Logo.png\"><\/span>\n                    <\/div>\n        <!-- right col -->\n        <div class=\"wp-block-column cell large-auto medium-4 large-4\">\n                                            <div class=\"quote-img\"><img decoding=\"async\" src=\"https:\/\/profertil.mk\/al\/wp-content\/uploads\/2021\/10\/varicocle-study-bubble.png\"><\/div>\n                <p class=\"more-link\"><a href=\"https:\/\/profertil.mk\/al\/studies\/subclinical-varikocele-study-2010\/\" title=\"More information\">> Find out more<\/a><\/p>\n                    <\/div>\n    <\/div>\n\n\n\n<div class=\"wp-block-group alignfull has-red-gradient-background-color has-background\" id=\"packshot\"><div class=\"wp-block-group__inner-container is-layout-flow wp-block-group-is-layout-flow\">\n<div class=\"wp-block-columns has-2-columns is-layout-flex wp-container-core-columns-is-layout-9d6595d7 wp-block-columns-is-layout-flex\">\n<div class=\"wp-block-column is-vertically-aligned-center is-layout-flow wp-block-column-is-layout-flow\">\n<div class=\"wp-block-image\"><figure class=\"aligncenter size-large\"><img loading=\"lazy\" decoding=\"async\" width=\"946\" height=\"352\" src=\"http:\/\/profertil.mk\/al\/wp-content\/uploads\/2021\/09\/nr1-proven-efficacy.png\" alt=\"\" class=\"wp-image-5838\" srcset=\"https:\/\/profertil.mk\/al\/wp-content\/uploads\/2021\/09\/nr1-proven-efficacy.png 946w, https:\/\/profertil.mk\/al\/wp-content\/uploads\/2021\/09\/nr1-proven-efficacy-300x112.png 300w, https:\/\/profertil.mk\/al\/wp-content\/uploads\/2021\/09\/nr1-proven-efficacy-768x286.png 768w\" sizes=\"(max-width: 946px) 100vw, 946px\" \/><\/figure><\/div>\n<\/div>\n\n\n\n<div class=\"wp-block-column is-vertically-aligned-center is-layout-flow wp-block-column-is-layout-flow\">\n<div style=\"height:50px\" aria-hidden=\"true\" class=\"wp-block-spacer\"><\/div>\n\n\n\n<div class=\"wp-block-image\"><figure class=\"aligncenter size-large\"><img loading=\"lazy\" decoding=\"async\" width=\"791\" height=\"390\" src=\"http:\/\/profertil.mk\/al\/wp-content\/uploads\/\/2019\/07\/PROfertil-male_60K_int_HG-drot.png\" alt=\"Packshot PROFERTIL\u00ae male\" class=\"wp-image-2728\" srcset=\"https:\/\/profertil.mk\/al\/wp-content\/uploads\/2019\/07\/PROfertil-male_60K_int_HG-drot.png 791w, https:\/\/profertil.mk\/al\/wp-content\/uploads\/2019\/07\/PROfertil-male_60K_int_HG-drot-300x148.png 300w, https:\/\/profertil.mk\/al\/wp-content\/uploads\/2019\/07\/PROfertil-male_60K_int_HG-drot-768x379.png 768w\" sizes=\"(max-width: 791px) 100vw, 791px\" \/><\/figure><\/div>\n\n\n\n<p class=\"has-text-align-center has-white-color has-text-color\"><strong>MESATARJA E SHKALL\u00cbS S\u00cb SUKSESIT \u00d8<\/strong> <strong>26-41%<\/strong><\/p>\n\n\n\n<div style=\"height:50px\" aria-hidden=\"true\" class=\"wp-block-spacer\"><\/div>\n<\/div>\n<\/div>\n\n\n\n\n\n<div id=\"anchorlink-block_5d02a16a1f77b\" class=\"anchorlink light \">\n            <a href=\"#buynow\" data-smooth-scroll data-animation-duration=\"750\" data-animation-easing=\"swing\" data-offset=\"-23\"><i class=\"material-icons pro-pulse\">expand_more<\/i><\/a>\n    <\/div>\n\n\n<p><\/p>\n<\/div><\/div>\n","protected":false},"excerpt":{"rendered":"<p>Studimet e shumta d\u00ebshmojn\u00eb efikasitetin e formul\u00ebs s\u00eb patentuar t\u00eb PROFERTIL\u00ae. STUDIMI I ADN-S\u00cb 2021 Reduktim i ndjesh\u00ebm i fragmentimit t\u00eb ADN-s\u00eb n\u00eb sperm\u00eb<\/p>\n","protected":false},"author":11,"featured_media":0,"parent":1430,"menu_order":1,"comment_status":"closed","ping_status":"closed","template":"template-study.php","meta":{"_acf_changed":false,"footnotes":""},"categories":[],"tags":[],"class_list":["post-1776","page","type-page","status-publish","hentry"],"acf":[],"_links":{"self":[{"href":"https:\/\/profertil.mk\/al\/wp-json\/wp\/v2\/pages\/1776","targetHints":{"allow":["GET"]}}],"collection":[{"href":"https:\/\/profertil.mk\/al\/wp-json\/wp\/v2\/pages"}],"about":[{"href":"https:\/\/profertil.mk\/al\/wp-json\/wp\/v2\/types\/page"}],"author":[{"embeddable":true,"href":"https:\/\/profertil.mk\/al\/wp-json\/wp\/v2\/users\/11"}],"replies":[{"embeddable":true,"href":"https:\/\/profertil.mk\/al\/wp-json\/wp\/v2\/comments?post=1776"}],"version-history":[{"count":47,"href":"https:\/\/profertil.mk\/al\/wp-json\/wp\/v2\/pages\/1776\/revisions"}],"predecessor-version":[{"id":6520,"href":"https:\/\/profertil.mk\/al\/wp-json\/wp\/v2\/pages\/1776\/revisions\/6520"}],"up":[{"embeddable":true,"href":"https:\/\/profertil.mk\/al\/wp-json\/wp\/v2\/pages\/1430"}],"wp:attachment":[{"href":"https:\/\/profertil.mk\/al\/wp-json\/wp\/v2\/media?parent=1776"}],"wp:term":[{"taxonomy":"category","embeddable":true,"href":"https:\/\/profertil.mk\/al\/wp-json\/wp\/v2\/categories?post=1776"},{"taxonomy":"post_tag","embeddable":true,"href":"https:\/\/profertil.mk\/al\/wp-json\/wp\/v2\/tags?post=1776"}],"curies":[{"name":"wp","href":"https:\/\/api.w.org\/{rel}","templated":true}]}}