{"id":1434,"date":"2019-06-12T10:03:39","date_gmt":"2019-06-12T10:03:39","guid":{"rendered":"http:\/\/profertil.local\/?page_id=1434"},"modified":"2022-03-31T11:20:42","modified_gmt":"2022-03-31T09:20:42","slug":"spermiogram","status":"publish","type":"page","link":"https:\/\/profertil.mk\/al\/sperm-health\/spermiogram\/","title":{"rendered":"Spermiograma"},"content":{"rendered":"\n<div class=\"wp-block-cover alignfull is-light\"><span aria-hidden=\"true\" class=\"has-black-background-color has-background-dim-20 wp-block-cover__gradient-background has-background-dim\"><\/span><img fetchpriority=\"high\" decoding=\"async\" width=\"2048\" height=\"500\" class=\"wp-block-cover__image-background wp-image-1062\" alt=\"\" src=\"http:\/\/profertil.mk\/al\/wp-content\/uploads\/2019\/06\/spermiogramm.jpg\" style=\"object-position:14% 42%\" data-object-fit=\"cover\" data-object-position=\"14% 42%\" srcset=\"https:\/\/profertil.mk\/al\/wp-content\/uploads\/2019\/06\/spermiogramm.jpg 2048w, https:\/\/profertil.mk\/al\/wp-content\/uploads\/2019\/06\/spermiogramm-300x73.jpg 300w, https:\/\/profertil.mk\/al\/wp-content\/uploads\/2019\/06\/spermiogramm-768x188.jpg 768w, https:\/\/profertil.mk\/al\/wp-content\/uploads\/2019\/06\/spermiogramm-1024x250.jpg 1024w\" sizes=\"(max-width: 2048px) 100vw, 2048px\" \/><div class=\"wp-block-cover__inner-container is-layout-flow wp-block-cover-is-layout-flow\">\n<h1 class=\"has-text-align-right wp-block-heading\"><span class=\"has-red-color\">MUND TA SHOH<\/span><br><span class=\"has-white-color\">QART\u00cb TANI<\/span><\/h1>\n<\/div><\/div>\n\n\n\n<div class=\"wp-block-group alignfull window-height minus-header center has-red-gradient-background-color has-background\"><div class=\"wp-block-group__inner-container is-layout-flow wp-block-group-is-layout-flow\">\n<div style=\"height:50px\" aria-hidden=\"true\" class=\"wp-block-spacer\"><\/div>\n\n\n\n<h2 class=\"has-text-align-center has-text-color wp-block-heading\" style=\"color:#c8aab5\">SPERMIOGRAMA<\/h2>\n\n\n\n<div style=\"height:50px\" aria-hidden=\"true\" class=\"wp-block-spacer\"><\/div>\n\n\n\n<div class=\"wp-block-columns has-2-columns is-layout-flex wp-container-core-columns-is-layout-9d6595d7 wp-block-columns-is-layout-flex\">\n<div class=\"wp-block-column is-layout-flow wp-block-column-is-layout-flow\">\n<div class=\"wp-block-image spermiogramm\"><figure class=\"aligncenter is-resized\"><img decoding=\"async\" src=\"http:\/\/profertil.eu\/wp-content\/uploads\/\/2019\/06\/spemiogramm-before-vorher-neu.gif\" alt=\"\" class=\"wp-image-1744\" width=\"306\" height=\"231\"\/><figcaption>Para<\/figcaption><\/figure><\/div>\n<\/div>\n\n\n\n<div class=\"wp-block-column is-layout-flow wp-block-column-is-layout-flow\">\n<div class=\"wp-block-image spermiogramm\"><figure class=\"aligncenter is-resized\"><img decoding=\"async\" src=\"http:\/\/profertil.eu\/wp-content\/uploads\/\/2019\/06\/spermiogramm-nachher-after.gif\" alt=\"\" class=\"wp-image-1243\" width=\"306\" height=\"231\"\/><figcaption>Pas<\/figcaption><\/figure><\/div>\n<\/div>\n<\/div>\n\n\n\n<div class=\"wp-block-columns has-2-columns is-layout-flex wp-container-core-columns-is-layout-9d6595d7 wp-block-columns-is-layout-flex\">\n<div class=\"wp-block-column is-layout-flow wp-block-column-is-layout-flow\">\n<p class=\"has-white-color has-text-color\">Spermiograma \u00ebsht\u00eb nj\u00eb metod\u00eb e r\u00ebnd\u00ebsishme e ekzaminimit p\u00ebr vler\u00ebsimin e fertilitetit mashkullor. Vler\u00ebsimi kryhet n\u00eb p\u00ebrputhje me udh\u00ebzimet e OBSH-s\u00eb. Fokusi i testit \u00ebsht\u00eb t\u00eb vler\u00ebsoj\u00eb qelizat e sperm\u00ebs n\u00eb lidhje me p\u00ebrqendrimin, l\u00ebvizshm\u00ebrin\u00eb dhe form\u00ebn e tyre.<\/p>\n<\/div>\n\n\n\n<div class=\"wp-block-column is-layout-flow wp-block-column-is-layout-flow\">\n<p class=\"has-white-color has-text-color\">Nj\u00eb spermiogram p\u00ebrdor analiz\u00ebn mikroskopike t\u00eb ejakulimit p\u00ebr t\u00eb mund\u00ebsuar nj\u00eb vler\u00ebsim t\u00eb fertilitetit t\u00eb mashkullit. M\u00eb konkretisht, i referohet list\u00ebs s\u00eb t\u00eb gjitha gjetjeve t\u00eb mbledhura gjat\u00eb ekzaminimit t\u00eb sperm\u00ebs.<\/p>\n<\/div>\n<\/div>\n\n\n\n<div style=\"height:50px\" aria-hidden=\"true\" class=\"wp-block-spacer\"><\/div>\n\n\n\n\n\n<div id=\"anchorlink-block_5cf5437598375\" class=\"anchorlink light \">\n            <a href=\"#section2\" data-smooth-scroll data-animation-duration=\"750\" data-animation-easing=\"swing\" data-offset=\"-23\"><i class=\"material-icons pro-pulse\">expand_more<\/i><\/a>\n    <\/div><\/div><\/div>\n\n\n\n<div class=\"wp-block-group alignfull window-height center has-blue-gradient-background-color has-background\" id=\"section2\"><div class=\"wp-block-group__inner-container is-layout-flow wp-block-group-is-layout-flow\">\n<div style=\"height:50px\" aria-hidden=\"true\" class=\"wp-block-spacer\"><\/div>\n\n\n\n<h2 class=\"has-text-align-center has-white-color has-text-color wp-block-heading\">RRUGA DREJT SIGURIS\u00cb<\/h2>\n\n\n\n<div style=\"height:50px\" aria-hidden=\"true\" class=\"wp-block-spacer\"><\/div>\n\n\n\n<div class=\"wp-block-columns has-2-columns is-layout-flex wp-container-core-columns-is-layout-9d6595d7 wp-block-columns-is-layout-flex\">\n<div class=\"wp-block-column is-layout-flow wp-block-column-is-layout-flow\">\n<p class=\"has-white-color has-text-color\">Spermiograma \u00ebsht\u00eb ekzaminimi m\u00eb i r\u00ebnd\u00ebsish\u00ebm p\u00ebr vler\u00ebsimin e fertilitetit t\u00eb mashkullit. Mostra e sperm\u00ebs merret p\u00ebrmes masturbimit n\u00eb kushte sterile, mund\u00ebsisht direkt n\u00eb vendin e ekzaminimit, n\u00eb m\u00ebnyr\u00eb q\u00eb t\u00eb mund\u00ebsohet p\u00ebrpunimi dhe analizimi i shpejt\u00eb i kampionit. N\u00eb laborator, ejakulati ekzaminohet n\u00ebn mikroskop. Nj\u00eb vler\u00ebsim vendimtar n\u00ebse qelizat e varfra t\u00eb sperm\u00ebs jan\u00eb shkak i infertilitetit mund t\u00eb arrihet vet\u00ebm p\u00ebrmes shum\u00ebs s\u00eb disa faktor\u00ebve, p\u00ebrfshir\u00eb sasin\u00eb, l\u00ebvizshm\u00ebrin\u00eb dhe cil\u00ebsin\u00eb e sperm\u00ebs. Nj\u00eb num\u00ebr i ul\u00ebt i spermatozoideve n\u00eb ejakulat nuk \u00ebsht\u00eb ekuivalente me sterilitetin, por kjo mund t\u00eb n\u00ebnkuptoj\u00eb se do t\u00eb duhet m\u00eb shum\u00eb koh\u00eb q\u00eb nj\u00eb vez\u00eb t\u00eb fekondohet me sukses. Spermatozoidet me l\u00ebvizshm\u00ebri t\u00eb kufizuar ose form\u00eb anormale gjithashtu mund t\u00eb ndikojn\u00eb negativisht n\u00eb lindjen natyrale.<\/p>\n<\/div>\n\n\n\n<div class=\"wp-block-column is-layout-flow wp-block-column-is-layout-flow\">\n<p class=\"has-white-color has-text-color\">Cilat jan\u00eb gj\u00ebrat q\u00eb duhet t\u00eb mendoni kur b\u00ebni<strong> spermiogram<meta charset=\"utf-8\">\u00eb?<\/strong><\/p>\n\n\n\n<p class=\"horizontal-white-gradient-bg reduce-padding has-white-color has-text-color\">Nj\u00eb spermiogram kryhet pas t\u00eb pakt\u00ebn 2 dit\u00ebve t\u00eb munges\u00ebs seksuale.<\/p>\n\n\n\n<p class=\"horizontal-white-gradient-bg reduce-padding has-white-color has-text-color\">Nj\u00eb spermiogram\u00eb p\u00ebrcjell\u00ebse duhet t\u00eb p\u00ebrs\u00ebritet pas rreth 4 jav\u00ebsh.<\/p>\n\n\n\n<p class=\"horizontal-white-gradient-bg reduce-padding has-white-color has-text-color\">Nxjerrja nga masturbimi \u00ebsht\u00eb e nevojshme p\u00ebr analiz\u00ebn e sperm\u00ebs.<\/p>\n\n\n\n<p class=\"horizontal-white-gradient-bg reduce-padding has-white-color has-text-color\">Nj\u00eb ekzaminim nga nj\u00eb urolog \u00ebsht\u00eb i nevojsh\u00ebm p\u00ebr t\u00eb p\u00ebrjashtuar faktor\u00eb t\u00eb till\u00eb si varikocela (venat varikoze).<\/p>\n<\/div>\n<\/div>\n\n\n\n<div style=\"height:50px\" aria-hidden=\"true\" class=\"wp-block-spacer\"><\/div>\n\n\n\n\n\n<div id=\"anchorlink-block_5cf543a498376\" class=\"anchorlink light \">\n            <a href=\"#section3\" data-smooth-scroll data-animation-duration=\"750\" data-animation-easing=\"swing\" data-offset=\"-23\"><i class=\"material-icons pro-pulse\">expand_more<\/i><\/a>\n    <\/div><\/div><\/div>\n\n\n\n<div class=\"wp-block-group alignfull window-height center has-white-background-color has-background\" id=\"section3\"><div class=\"wp-block-group__inner-container is-layout-flow wp-block-group-is-layout-flow\">\n<div style=\"height:50px\" aria-hidden=\"true\" class=\"wp-block-spacer\"><\/div>\n\n\n\n<h2 class=\"has-text-align-center has-red-color has-text-color wp-block-heading\">KRITERET E OBSH P\u00cbR NJ\u00cb<\/h2>\n\n\n\n<h2 class=\"has-text-align-center has-light-grey-color has-text-color wp-block-heading\">\u00abSPERMIOGRAM\u00cb NORMALE\u00bb<\/h2>\n\n\n\n<div style=\"height:50px\" aria-hidden=\"true\" class=\"wp-block-spacer\"><\/div>\n\n\n\n<div class=\"wp-block-columns has-2-columns is-layout-flex wp-container-core-columns-is-layout-9d6595d7 wp-block-columns-is-layout-flex\">\n<div class=\"wp-block-column is-layout-flow wp-block-column-is-layout-flow\">\n<p>M\u00eb shum\u00eb se 15 milion qeliza spermatozoide p\u00ebr mililit\u00ebr l\u00ebng seminal priten n\u00eb nj\u00eb v\u00ebllim ejakulimi prej t\u00eb pakt\u00ebn 1.5 ml. Gjithashtu, m\u00eb shum\u00eb se 32% e qelizave t\u00eb sperm\u00ebs duhet t\u00eb ken\u00eb nj\u00eb l\u00ebvizje t\u00eb shpejt\u00eb p\u00ebrpara, dhe t\u00eb pakt\u00ebn 4% duhet t\u00eb jen\u00eb qeliza spermatozoide t\u00eb formuara n\u00eb m\u00ebnyr\u00eb normale.<\/p>\n\n\n\n<p>N\u00ebse k\u00ebto kritere jan\u00eb p\u00ebrmbushur, mashkulli konsiderohet i aft\u00eb p\u00ebr t\u00eb ngjizur.<br>P\u00ebrve\u00e7 gjetjeve t\u00eb qelizave t\u00eb sperm\u00ebs, ejakulati duhet t\u00eb p\u00ebrmbaj\u00eb jo m\u00eb shum\u00eb se nj\u00eb milion p\u00ebr mililit\u00ebr leukocite. P\u00ebr t\u00eb qen\u00eb t\u00eb sigurt\u00eb, ejakulati duhet t\u00eb analizohet gjithmon\u00eb dy her\u00eb.<\/p>\n\n\n\n<p>N\u00ebse spermiograma \u00ebsht\u00eb patologjike (anormale), d.m.th. nj\u00eb ose m\u00eb shum\u00eb parametra devijojn\u00eb nga norma e OBSH-s\u00eb, trajtimi \u00ebsht\u00eb i domosdosh\u00ebm.<\/p>\n\n\n\n<p>Standardi aktual i OBSH-s\u00eb thot\u00eb se m\u00eb shum\u00eb se 15 milion qeliza spermatozoide duhet t\u00eb jen\u00eb t\u00eb pranishme n\u00eb nj\u00eb mililit\u00ebr ejakulat. V\u00ebllimi i ejakulatit nuk duhet t\u00eb jet\u00eb m\u00eb i vog\u00ebl se 1.4 mililitra.<\/p>\n<\/div>\n\n\n\n<div class=\"wp-block-column is-layout-flow wp-block-column-is-layout-flow\">\n<div style=\"height:50px\" aria-hidden=\"true\" class=\"wp-block-spacer hide-for-large\"><\/div>\n\n\n\n<figure class=\"wp-block-table is-style-regular center-after-first-col who\"><table class=\"has-fixed-layout\"><thead><tr><th><\/th><th>OBSH<br>1998<\/th><th>OBSH<br>2010<\/th><\/tr><\/thead><tbody><tr><td>V\u00ebllimi i ejakulatit<\/td><td>2ml<\/td><td>1,5ml<\/td><\/tr><tr><td>Numri total i spermatozoideve n<meta charset=\"utf-8\">\u00eb ejakulat<\/td><td>40 mill.<\/td><td>39 mill.<\/td><\/tr><tr><td>Numri i spermatozoideve<\/td><td>20 mill.\/ml<\/td><td>17 mill.\/ml<\/td><\/tr><tr><td>L<meta charset=\"utf-8\">\u00ebvizshmeria progresive<\/td><td>50%<\/td><td>32%<\/td><\/tr><tr><td>Spermatozoidet e sh<meta charset=\"utf-8\">\u00ebndetsh<meta charset=\"utf-8\">\u00ebm<\/td><td>75%<\/td><td>38%<\/td><\/tr><tr><td>Spermatozoid<meta charset=\"utf-8\">\u00ebt me morfologji normale<\/td><td>30%<\/td><td>4%<\/td><\/tr><tr><td>L<meta charset=\"utf-8\">\u00ebvizshm<meta charset=\"utf-8\">\u00ebria e p<meta charset=\"utf-8\">\u00ebrgjithshme<\/td><td>50%<\/td><td>40%<\/td><\/tr><tr><td>Vlera e pH<\/td><td>\u2265 7,2 \u2013 7,8<\/td><td>\u2265 7,2<\/td><\/tr><\/tbody><\/table><\/figure>\n<\/div>\n<\/div>\n\n\n\n<div style=\"height:50px\" aria-hidden=\"true\" class=\"wp-block-spacer\"><\/div>\n\n\n\n\n\n<div id=\"anchorlink-block_5cf5465198377\" class=\"anchorlink dark \">\n            <a href=\"#buynow\" data-smooth-scroll data-animation-duration=\"750\" data-animation-easing=\"swing\" data-offset=\"-23\"><i class=\"material-icons pro-pulse\">expand_more<\/i><\/a>\n    <\/div><\/div><\/div>\n","protected":false},"excerpt":{"rendered":"<p>SPERMIOGRAMA Spermiograma \u00ebsht\u00eb nj\u00eb metod\u00eb e r\u00ebnd\u00ebsishme e ekzaminimit p\u00ebr vler\u00ebsimin e fertilitetit mashkullor. Vler\u00ebsimi kryhet n\u00eb p\u00ebrputhje me udh\u00ebzimet e OBSH-s\u00eb. Fokusi i testit \u00ebsht\u00eb t\u00eb vler\u00ebsoj\u00eb qelizat e sperm\u00ebs n\u00eb lidhje me p\u00ebrqendrimin, l\u00ebvizshm\u00ebrin\u00eb dhe form\u00ebn e tyre. Nj\u00eb spermiogram p\u00ebrdor analiz\u00ebn mikroskopike t\u00eb ejakulimit p\u00ebr t\u00eb mund\u00ebsuar nj\u00eb vler\u00ebsim t\u00eb fertilitetit t\u00eb<a class=\"excerpt-read-more\" href=\"https:\/\/profertil.mk\/al\/sperm-health\/spermiogram\/\" title=\"ReadSpermiograma\">&#8230; Read more &raquo;<\/a><\/p>\n","protected":false},"author":11,"featured_media":0,"parent":1422,"menu_order":3,"comment_status":"closed","ping_status":"closed","template":"template-full-width-no-title.php","meta":{"_acf_changed":false,"footnotes":""},"categories":[],"tags":[],"class_list":["post-1434","page","type-page","status-publish","hentry"],"acf":[],"_links":{"self":[{"href":"https:\/\/profertil.mk\/al\/wp-json\/wp\/v2\/pages\/1434","targetHints":{"allow":["GET"]}}],"collection":[{"href":"https:\/\/profertil.mk\/al\/wp-json\/wp\/v2\/pages"}],"about":[{"href":"https:\/\/profertil.mk\/al\/wp-json\/wp\/v2\/types\/page"}],"author":[{"embeddable":true,"href":"https:\/\/profertil.mk\/al\/wp-json\/wp\/v2\/users\/11"}],"replies":[{"embeddable":true,"href":"https:\/\/profertil.mk\/al\/wp-json\/wp\/v2\/comments?post=1434"}],"version-history":[{"count":17,"href":"https:\/\/profertil.mk\/al\/wp-json\/wp\/v2\/pages\/1434\/revisions"}],"predecessor-version":[{"id":6394,"href":"https:\/\/profertil.mk\/al\/wp-json\/wp\/v2\/pages\/1434\/revisions\/6394"}],"up":[{"embeddable":true,"href":"https:\/\/profertil.mk\/al\/wp-json\/wp\/v2\/pages\/1422"}],"wp:attachment":[{"href":"https:\/\/profertil.mk\/al\/wp-json\/wp\/v2\/media?parent=1434"}],"wp:term":[{"taxonomy":"category","embeddable":true,"href":"https:\/\/profertil.mk\/al\/wp-json\/wp\/v2\/categories?post=1434"},{"taxonomy":"post_tag","embeddable":true,"href":"https:\/\/profertil.mk\/al\/wp-json\/wp\/v2\/tags?post=1434"}],"curies":[{"name":"wp","href":"https:\/\/api.w.org\/{rel}","templated":true}]}}