{"id":1424,"date":"2019-06-11T14:39:55","date_gmt":"2019-06-11T14:39:55","guid":{"rendered":"http:\/\/profertil.local\/?page_id=1424"},"modified":"2022-03-31T11:20:05","modified_gmt":"2022-03-31T09:20:05","slug":"sperm-production","status":"publish","type":"page","link":"https:\/\/profertil.mk\/al\/sperm-health\/sperm-production\/","title":{"rendered":"Spermatogjeneza"},"content":{"rendered":"\n<div class=\"wp-block-cover alignfull is-light\"><span aria-hidden=\"true\" class=\"has-background-dim-0 wp-block-cover__gradient-background has-background-dim\"><\/span><img fetchpriority=\"high\" decoding=\"async\" width=\"2048\" height=\"500\" class=\"wp-block-cover__image-background wp-image-872\" alt=\"\" src=\"http:\/\/profertil.mk\/al\/wp-content\/uploads\/2019\/06\/spermienproduktion.jpg\" style=\"object-position:82% 44%\" data-object-fit=\"cover\" data-object-position=\"82% 44%\" srcset=\"https:\/\/profertil.mk\/al\/wp-content\/uploads\/2019\/06\/spermienproduktion.jpg 2048w, https:\/\/profertil.mk\/al\/wp-content\/uploads\/2019\/06\/spermienproduktion-300x73.jpg 300w, https:\/\/profertil.mk\/al\/wp-content\/uploads\/2019\/06\/spermienproduktion-768x188.jpg 768w, https:\/\/profertil.mk\/al\/wp-content\/uploads\/2019\/06\/spermienproduktion-1024x250.jpg 1024w\" sizes=\"(max-width: 2048px) 100vw, 2048px\" \/><div class=\"wp-block-cover__inner-container is-layout-flow wp-block-cover-is-layout-flow\">\n<h1 class=\"wp-block-heading\"><span class=\"has-white-color\">SI REALIZOHET PRODHIMI I<\/span> <span class=\"has-red-color\">SPERM\u00cbS<\/span><\/h1>\n<\/div><\/div>\n\n\n\n<div class=\"wp-block-group alignfull center has-blue-gradient-background-color has-background\"><div class=\"wp-block-group__inner-container is-layout-flow wp-block-group-is-layout-flow\">\n<div style=\"height:50px\" aria-hidden=\"true\" class=\"wp-block-spacer\"><\/div>\n\n\n\n<div class=\"wp-block-columns has-2-columns is-layout-flex wp-container-core-columns-is-layout-9d6595d7 wp-block-columns-is-layout-flex\">\n<div class=\"wp-block-column is-layout-flow wp-block-column-is-layout-flow\">\n<p class=\"has-white-color has-text-color\">Hormonet luajn\u00eb nj\u00eb rol vendimtar n\u00eb prodhimin e spermatozoideve (= spermatogjeneza). Hipofiza gjeneron nj\u00eb hormon t\u00eb njohur si hormon stimulues i folikulit (FSH). Hormoni luteinizues (LH) gjenerohet n\u00eb t\u00eb nj\u00ebjt\u00ebn koh\u00eb. Nd\u00ebrsa t\u00eb dy hormonet \u00e7ojn\u00eb n\u00eb maturimin e qelizave vez\u00eb tek femrat, tek meshkujt ato jan\u00eb p\u00ebrgjegj\u00ebs p\u00ebr formimin e qelizave t\u00eb sperm\u00ebs.<\/p>\n\n\n\n<p class=\"has-white-color has-text-color\">N\u00eb fillim, prodhimi i sperm\u00ebs dhe procesi i maturimit mund t\u00eb ting\u00eblloj\u00eb i shkurt\u00ebr, q\u00eb zgjat rreth dy deri n\u00eb tre muaj (d.m.th. \u00e7do tre muaj formohet nj\u00eb &#8220;grup i ri qelizash spermatozoide&#8221; n\u00eb epididim (testikuj)). Sidoqoft\u00eb, kryesisht jan\u00eb qelizat plot\u00ebsisht t\u00eb maturuara spermatozoide q\u00eb kan\u00eb nj\u00eb mund\u00ebsi luftimi n\u00eb fekondimin e vez\u00ebs. Dy-tre muaj, pra, \u00ebsht\u00eb nj\u00eb dritare e madhe e mund\u00ebsive q\u00eb \u00e7rregullimet e zhvillimit t\u00eb spermatozoideve t\u00eb ken\u00eb nj\u00eb ndikim fatal.   <\/p>\n<\/div>\n\n\n\n<div class=\"wp-block-column is-layout-flow wp-block-column-is-layout-flow\">\n<p class=\"has-white-color has-text-color\">Numri i spermatozoideve t\u00eb prodhuar tek nj\u00eb mashkull varet nga shum\u00eb faktor\u00eb t\u00eb ndrysh\u00ebm, t\u00eb tilla si gjenetika e tij, mjedisi, gjendja fizike dhe frekuenca e kontaktit seksual. Prandaj, numri i spermatozoideve mund t\u00eb ndryshoj\u00eb nga personi n\u00eb person. Njeriu mesatar, i pjekur seksualisht ka rreth dy deri n\u00eb tre miliard\u00eb spermatozoide t\u00eb disponuesh\u00ebm n\u00eb \u00e7do koh\u00eb t\u00eb dh\u00ebn\u00eb. Por p\u00ebr shkak se qelizat e spermatozoideve n\u00eb tubulat seminifer rigjenerohen vazhdimisht, k\u00ebto rezerva jan\u00eb gjithmon\u00eb nj\u00eb qese e p\u00ebrzier me qeliza spermatozoide n\u00eb faza t\u00eb ndryshme t\u00eb maturimit.  <\/p>\n<\/div>\n<\/div>\n\n\n\n<div style=\"height:50px\" aria-hidden=\"true\" class=\"wp-block-spacer\"><\/div>\n<\/div><\/div>\n\n\n\n<div style=\"height:20px\" aria-hidden=\"true\" class=\"wp-block-spacer\"><\/div>\n\n\n\n<div class=\"wp-block-image sperm-cell-section\"><figure class=\"aligncenter is-resized\"><img decoding=\"async\" src=\"http:\/\/profertil.eu\/wp-content\/uploads\/\/2019\/06\/befruchtungsstadien.png\" alt=\"Die Stadien der Befruchtung.\" class=\"wp-image-895\" width=\"317\" height=\"73\" srcset=\"https:\/\/profertil.mk\/al\/wp-content\/uploads\/2019\/06\/befruchtungsstadien.png 634w, https:\/\/profertil.mk\/al\/wp-content\/uploads\/2019\/06\/befruchtungsstadien-300x69.png 300w\" sizes=\"(max-width: 317px) 100vw, 317px\" \/><\/figure><\/div>\n\n\n\n<div class=\"wp-block-group alignfull window-height center has-red-gradient-background-color has-background\" id=\"section2\"><div class=\"wp-block-group__inner-container is-layout-flow wp-block-group-is-layout-flow\">\n<div style=\"height:50px\" aria-hidden=\"true\" class=\"wp-block-spacer\"><\/div>\n\n\n\n<h2 class=\"has-text-align-center has-white-color has-text-color wp-block-heading\">P\u00cbR \u00c7FAR\u00cb KAN\u00cb NEVOJ\u00cb SPERMATOZOIDET<\/h2>\n\n\n\n<div style=\"height:50px\" aria-hidden=\"true\" class=\"wp-block-spacer\"><\/div>\n\n\n\n<div class=\"wp-block-columns has-2-columns is-layout-flex wp-container-core-columns-is-layout-9d6595d7 wp-block-columns-is-layout-flex\">\n<div class=\"wp-block-column is-layout-flow wp-block-column-is-layout-flow\">\n<p class=\"has-white-color has-text-color\">Gjat\u00eb procesit t\u00eb maturimit t\u00eb qelizave spermatozoide, trupi k\u00ebrkon l\u00ebnd\u00eb ushqyese t\u00eb ve\u00e7anta t\u00eb tilla si aminoacide, mikroelement\u00eb, vitamina dhe substanca t\u00eb ngjashme me vitamin\u00ebn n\u00eb faza t\u00eb ndryshme t\u00eb zhvillimit. Kushtet optimale t\u00eb domosdoshme p\u00ebr spermatogjenez\u00ebn normale dhe t\u00eb sh\u00ebndetshme garantohen vet\u00ebm n\u00ebse sigurohen k\u00ebto substanca t\u00eb ve\u00e7anta jet\u00ebsore.<\/p>\n<\/div>\n\n\n\n<div class=\"wp-block-column is-layout-flow wp-block-column-is-layout-flow\">\n<p class=\"has-white-color has-text-color\">Situata t\u00eb caktuara t\u00eb jet\u00ebs dhe nj\u00eb m\u00ebnyr\u00eb jetese jo t\u00eb sh\u00ebndetshme mund t\u00eb \u00e7ojn\u00eb shpejt n\u00eb nj\u00eb munges\u00eb t\u00eb k\u00ebtyre substancave, t\u00eb cilat personi i interesuar as nuk i v\u00eb re n\u00eb shumic\u00ebn e rasteve. Mbi t\u00eb gjitha, qelizat e sperm\u00ebs reagojn\u00eb n\u00eb m\u00ebnyr\u00eb t\u00eb pafavorshme ndaj faktor\u00ebve t\u00eb jasht\u00ebm si infeksionet, barnat dhe rrezet X.<\/p>\n<\/div>\n<\/div>\n\n\n\n<div style=\"height:50px\" aria-hidden=\"true\" class=\"wp-block-spacer\"><\/div>\n\n\n\n<h4 class=\"has-text-align-center medium-width wp-block-heading\">Formula e testuar e PROFERTIL\u00ae mb\u00ebshtet procesin e maturimit t\u00eb spermatozoideve n\u00eb \u00e7do faz\u00eb t\u00eb prodhimit t\u00eb sperm\u00ebs.<\/h4>\n\n\n\n<div style=\"height:50px\" aria-hidden=\"true\" class=\"wp-block-spacer\"><\/div>\n\n\n\n\n\n<div id=\"anchorlink-block_5cf4fce25def0\" class=\"anchorlink light \">\n            <a href=\"#section3\" data-smooth-scroll data-animation-duration=\"750\" data-animation-easing=\"swing\" data-offset=\"-23\"><i class=\"material-icons pro-pulse\">expand_more<\/i><\/a>\n    <\/div><\/div><\/div>\n\n\n\n<div class=\"wp-block-group alignfull window-height has-white-background-color has-background\" id=\"section3\"><div class=\"wp-block-group__inner-container is-layout-flow wp-block-group-is-layout-flow\">\n<div style=\"height:100px\" aria-hidden=\"true\" class=\"wp-block-spacer\"><\/div>\n\n\n\n<div class=\"wp-block-image\"><figure class=\"aligncenter size-full\"><img decoding=\"async\" width=\"1024\" height=\"704\" src=\"https:\/\/profertil.mk\/al\/wp-content\/uploads\/2021\/10\/synergistic-effect-1024x704-1.png\" alt=\"\" class=\"wp-image-5966\" srcset=\"https:\/\/profertil.mk\/al\/wp-content\/uploads\/2021\/10\/synergistic-effect-1024x704-1.png 1024w, https:\/\/profertil.mk\/al\/wp-content\/uploads\/2021\/10\/synergistic-effect-1024x704-1-300x206.png 300w, https:\/\/profertil.mk\/al\/wp-content\/uploads\/2021\/10\/synergistic-effect-1024x704-1-768x528.png 768w\" sizes=\"(max-width: 1024px) 100vw, 1024px\" \/><\/figure><\/div>\n\n\n\n<div style=\"height:50px\" aria-hidden=\"true\" class=\"wp-block-spacer\"><\/div>\n\n\n\n\n\n<div id=\"anchorlink-block_5cf502085def1\" class=\"anchorlink dark \">\n            <a href=\"#buynow\" data-smooth-scroll data-animation-duration=\"750\" data-animation-easing=\"swing\" data-offset=\"-23\"><i class=\"material-icons pro-pulse\">expand_more<\/i><\/a>\n    <\/div>\n\n\n<div style=\"height:50px\" aria-hidden=\"true\" class=\"wp-block-spacer\"><\/div>\n\n\n\n<p><\/p>\n<\/div><\/div>\n","protected":false},"excerpt":{"rendered":"<p>Hormonet luajn\u00eb nj\u00eb rol vendimtar n\u00eb prodhimin e spermatozoideve (= spermatogjeneza). Hipofiza gjeneron nj\u00eb hormon t\u00eb njohur si hormon stimulues i folikulit (FSH). Hormoni luteinizues (LH) gjenerohet n\u00eb t\u00eb nj\u00ebjt\u00ebn koh\u00eb. Nd\u00ebrsa t\u00eb dy hormonet \u00e7ojn\u00eb n\u00eb maturimin e qelizave vez\u00eb tek femrat, tek meshkujt ato jan\u00eb p\u00ebrgjegj\u00ebs p\u00ebr formimin e qelizave t\u00eb sperm\u00ebs. N\u00eb<a class=\"excerpt-read-more\" href=\"https:\/\/profertil.mk\/al\/sperm-health\/sperm-production\/\" title=\"ReadSpermatogjeneza\">&#8230; Read more &raquo;<\/a><\/p>\n","protected":false},"author":11,"featured_media":0,"parent":1422,"menu_order":1,"comment_status":"closed","ping_status":"closed","template":"template-full-width-no-title.php","meta":{"_acf_changed":false,"footnotes":""},"categories":[],"tags":[],"class_list":["post-1424","page","type-page","status-publish","hentry"],"acf":[],"_links":{"self":[{"href":"https:\/\/profertil.mk\/al\/wp-json\/wp\/v2\/pages\/1424","targetHints":{"allow":["GET"]}}],"collection":[{"href":"https:\/\/profertil.mk\/al\/wp-json\/wp\/v2\/pages"}],"about":[{"href":"https:\/\/profertil.mk\/al\/wp-json\/wp\/v2\/types\/page"}],"author":[{"embeddable":true,"href":"https:\/\/profertil.mk\/al\/wp-json\/wp\/v2\/users\/11"}],"replies":[{"embeddable":true,"href":"https:\/\/profertil.mk\/al\/wp-json\/wp\/v2\/comments?post=1424"}],"version-history":[{"count":17,"href":"https:\/\/profertil.mk\/al\/wp-json\/wp\/v2\/pages\/1424\/revisions"}],"predecessor-version":[{"id":6392,"href":"https:\/\/profertil.mk\/al\/wp-json\/wp\/v2\/pages\/1424\/revisions\/6392"}],"up":[{"embeddable":true,"href":"https:\/\/profertil.mk\/al\/wp-json\/wp\/v2\/pages\/1422"}],"wp:attachment":[{"href":"https:\/\/profertil.mk\/al\/wp-json\/wp\/v2\/media?parent=1424"}],"wp:term":[{"taxonomy":"category","embeddable":true,"href":"https:\/\/profertil.mk\/al\/wp-json\/wp\/v2\/categories?post=1424"},{"taxonomy":"post_tag","embeddable":true,"href":"https:\/\/profertil.mk\/al\/wp-json\/wp\/v2\/tags?post=1424"}],"curies":[{"name":"wp","href":"https:\/\/api.w.org\/{rel}","templated":true}]}}