{"id":1411,"date":"2019-06-11T13:02:06","date_gmt":"2019-06-11T13:02:06","guid":{"rendered":"http:\/\/profertil.local\/?page_id=1411"},"modified":"2022-03-31T11:19:18","modified_gmt":"2022-03-31T09:19:18","slug":"diagnose","status":"publish","type":"page","link":"https:\/\/profertil.mk\/al\/infertility\/diagnose\/","title":{"rendered":"Diagnoza"},"content":{"rendered":"\n<div class=\"wp-block-cover alignfull is-light\"><span aria-hidden=\"true\" class=\"has-background-dim-0 wp-block-cover__gradient-background has-background-dim\"><\/span><img fetchpriority=\"high\" decoding=\"async\" width=\"2048\" height=\"500\" class=\"wp-block-cover__image-background wp-image-784\" alt=\"\" src=\"http:\/\/profertil.mk\/al\/wp-content\/uploads\/2019\/05\/diagnose.jpg\" style=\"object-position:11% 14%\" data-object-fit=\"cover\" data-object-position=\"11% 14%\" srcset=\"https:\/\/profertil.mk\/al\/wp-content\/uploads\/2019\/05\/diagnose.jpg 2048w, https:\/\/profertil.mk\/al\/wp-content\/uploads\/2019\/05\/diagnose-300x73.jpg 300w, https:\/\/profertil.mk\/al\/wp-content\/uploads\/2019\/05\/diagnose-768x188.jpg 768w, https:\/\/profertil.mk\/al\/wp-content\/uploads\/2019\/05\/diagnose-1024x250.jpg 1024w\" sizes=\"(max-width: 2048px) 100vw, 2048px\" \/><div class=\"wp-block-cover__inner-container is-layout-flow wp-block-cover-is-layout-flow\">\n<h1 class=\"has-text-align-right has-red-color has-text-color wp-block-heading\">FERTILITET!<\/h1>\n\n\n\n<p><\/p>\n<\/div><\/div>\n\n\n\n<div class=\"wp-block-group alignfull window-height minus-header center has-white-background-color has-background\"><div class=\"wp-block-group__inner-container is-layout-flow wp-block-group-is-layout-flow\">\n<div style=\"height:50px\" aria-hidden=\"true\" class=\"wp-block-spacer\"><\/div>\n\n\n\n<h2 class=\"has-text-align-center has-light-grey-color has-text-color wp-block-heading\">HAPI I PAR\u00cb DREJT G\u00cbZIMIT T\u00cb NJ<meta charset=\"utf-8\">\u00cb F<meta charset=\"utf-8\">\u00cbMIJE<\/h2>\n\n\n\n<div style=\"height:50px\" aria-hidden=\"true\" class=\"wp-block-spacer\"><\/div>\n\n\n\n<p class=\"has-text-align-center medium-width\">N\u00ebse ende nuk \u00ebsht\u00eb e mundur t\u00eb keni f\u00ebmij\u00eb pas nj\u00eb viti marr\u00ebdh\u00ebniesh seksuale t\u00eb pambrojtura, k\u00ebrkohet vler\u00ebsimi mjek\u00ebsor. OBSH e p\u00ebrkufizon infertilitetin si &#8220;munges\u00eb ngjizje brenda nj\u00eb periudhe dymb\u00ebdhjet\u00eb mujore, duke siguruar marr\u00ebdh\u00ebnie t\u00eb rregullta dhe t\u00eb pambrojtura&#8221;. Nj\u00eb diagnoz\u00eb e sakt\u00eb \u00ebsht\u00eb vendimtare p\u00ebr gjetjen e metod\u00ebs s\u00eb duhur t\u00eb trajtimit. <\/p>\n\n\n\n<p class=\"has-text-align-center medium-width\">Fertiliteti i nj\u00eb mashkulli varet, nd\u00ebr t\u00eb tjera, nga aft\u00ebsia p\u00ebr t\u00eb depozituar nj\u00eb num\u00ebr mjaft t\u00eb madh t\u00eb spermatozoideve t\u00eb pjekura dhe funksionale n\u00eb traktin gjenital t\u00eb femrave n\u00eb koh\u00ebn e ovulimit. \u00c7do \u00e7ift q\u00eb d\u00ebshiron t\u00eb ket\u00eb f\u00ebmij\u00eb duhet t\u00eb jet\u00eb i vet\u00ebdijsh\u00ebm se funksionet riprodhuese t\u00eb meshkujve dhe femrave duhet t\u00eb punojn\u00eb s\u00eb bashku. P\u00ebr k\u00ebt\u00eb arsye, vler\u00ebsimi diagnostik \u00ebsht\u00eb i nj\u00eb r\u00ebnd\u00ebsie t\u00eb nj\u00ebjt\u00eb si p\u00ebr meshkujt dhe p\u00ebr femrat.<\/p>\n\n\n\n<div class=\"wp-block-image\"><figure class=\"aligncenter is-resized\"><img decoding=\"async\" src=\"http:\/\/profertil.eu\/wp-content\/uploads\/\/2019\/05\/schnuller.jpg\" alt=\"Eine Diagnose ist der erste Schritt auf dem Weg zum Babygl\u00fcck.\" class=\"wp-image-804\" width=\"357\" height=\"250\" srcset=\"https:\/\/profertil.mk\/al\/wp-content\/uploads\/2019\/05\/schnuller.jpg 713w, https:\/\/profertil.mk\/al\/wp-content\/uploads\/2019\/05\/schnuller-300x210.jpg 300w\" sizes=\"(max-width: 357px) 100vw, 357px\" \/><\/figure><\/div>\n\n\n\n<div style=\"height:50px\" aria-hidden=\"true\" class=\"wp-block-spacer\"><\/div>\n\n\n\n\n\n<div id=\"anchorlink-block_5cf1469556d6c\" class=\"anchorlink dark \">\n            <a href=\"#section2\" data-smooth-scroll data-animation-duration=\"750\" data-animation-easing=\"swing\" data-offset=\"-23\"><i class=\"material-icons pro-pulse\">expand_more<\/i><\/a>\n    <\/div>\n\n\n<div style=\"height:50px\" aria-hidden=\"true\" class=\"wp-block-spacer\"><\/div>\n<\/div><\/div>\n\n\n\n<div class=\"wp-block-group alignfull window-height center has-blue-gradient-background-color has-background\" id=\"section2\"><div class=\"wp-block-group__inner-container is-layout-flow wp-block-group-is-layout-flow\">\n<div style=\"height:50px\" aria-hidden=\"true\" class=\"wp-block-spacer\"><\/div>\n\n\n\n<h2 class=\"has-text-align-center has-white-color has-text-color wp-block-heading\">ANDROLOG (m)<\/h2>\n\n\n\n<h4 class=\"has-text-align-center wp-block-heading\"><em>Ekspert i infertilitetit mashkullor<\/em><\/h4>\n\n\n\n<div style=\"height:50px\" aria-hidden=\"true\" class=\"wp-block-spacer\"><\/div>\n\n\n\n<div class=\"wp-block-columns has-2-columns is-layout-flex wp-container-core-columns-is-layout-9d6595d7 wp-block-columns-is-layout-flex\">\n<div class=\"wp-block-column is-layout-flow wp-block-column-is-layout-flow\">\n<p class=\"has-white-color has-text-color\">Andrologjia merret me &#8220;sh\u00ebndetin riprodhues t\u00eb meshkujve&#8221; dhe \u00ebsht\u00eb nj\u00eb fush\u00eb e specializuar e urologjis\u00eb. N\u00eb k\u00ebto terma, \u00ebsht\u00eb homologu mashkull i gjinekologjis\u00eb. Nj\u00eb ekzaminim andrologjik fillon duke vler\u00ebsuar historin\u00eb e m\u00ebparshme sh\u00ebndet\u00ebsore t\u00eb pacientit. Mjeku b\u00ebn pyetje n\u00eb lidhje me f\u00ebmij\u00ebrin\u00eb dhe zhvillimin e pacientit n\u00eb pubertet. Pyetjet fillestare vler\u00ebsojn\u00eb gjithashtu sjelljen seksuale n\u00eb marr\u00ebdh\u00ebnie (frekuenca e marr\u00ebdh\u00ebnieve seksuale, etj.). Kjo pasohet nga nj\u00eb ekzaminim fizik i organeve gjenitale t\u00eb jashtme dhe nj\u00eb ekzaminim me ultratinguj i testikujve.<\/p>\n<\/div>\n\n\n\n<div class=\"wp-block-column is-layout-flow wp-block-column-is-layout-flow\">\n<p class=\"has-white-color has-text-color\">Procesi mund t\u00eb p\u00ebrfshij\u00eb gjithashtu p\u00ebrcaktimin e parametrave p\u00ebrkat\u00ebs laboratorik\u00eb (p.sh. testosteroni, FSH, LH, prolaktina). Fokusi i ekzaminimit \u00ebsht\u00eb t\u00eb analizoj\u00eb sakt\u00ebsisht l\u00ebngun seminal. Nj\u00eb spermiogram luan nj\u00eb rol t\u00eb r\u00ebnd\u00ebsish\u00ebm n\u00eb identifikimin e infertilitetit t\u00eb mundsh\u00ebm mashkullor. Kjo analiz\u00eb p\u00ebrfshin ekzaminimin e cil\u00ebsis\u00eb s\u00eb qelizave t\u00eb spermatozoideve n\u00ebn mikroskop p\u00ebr t\u00eb p\u00ebrcaktuar mund\u00ebsit\u00eb e suksesshme p\u00ebr ngjizje. Ekspert\u00ebt shqyrtojn\u00eb numrin, l\u00ebvizshm\u00ebrin\u00eb dhe form\u00ebn e spermatozoideve.<\/p>\n<\/div>\n<\/div>\n\n\n\n<div style=\"height:50px\" aria-hidden=\"true\" class=\"wp-block-spacer\"><\/div>\n\n\n\n\n\n<div id=\"anchorlink-block_5cf1478256d6d\" class=\"anchorlink light \">\n            <a href=\"#section3\" data-smooth-scroll data-animation-duration=\"750\" data-animation-easing=\"swing\" data-offset=\"-23\"><i class=\"material-icons pro-pulse\">expand_more<\/i><\/a>\n    <\/div><\/div><\/div>\n\n\n\n<div class=\"wp-block-group alignfull window-height center has-white-color has-red-gradient-background-color has-text-color has-background\" id=\"section3\"><div class=\"wp-block-group__inner-container is-layout-flow wp-block-group-is-layout-flow\">\n<div style=\"height:50px\" aria-hidden=\"true\" class=\"wp-block-spacer\"><\/div>\n\n\n\n<h2 class=\"has-text-align-center has-white-color has-text-color wp-block-heading\">\u00c7FAR\u00cb DUHET T\u00cb DIJ\u00cb MJEKU JUAJ<strong>:<\/strong><\/h2>\n\n\n\n<div style=\"height:50px\" aria-hidden=\"true\" class=\"wp-block-spacer\"><\/div>\n\n\n\n<p class=\"has-text-align-center has-white-color has-text-color\">Historia e nj\u00eb pacienti mund t\u00eb jap\u00eb indikacione t\u00eb r\u00ebnd\u00ebsishme t\u00eb \u00e7rregullimeve t\u00eb mundshme.<\/p>\n\n\n\n<div style=\"height:50px\" aria-hidden=\"true\" class=\"wp-block-spacer\"><\/div>\n\n\n\n<p class=\"has-white-color has-text-color\">P\u00ebr k\u00ebt\u00eb arsye, duhet t\u00eb informoni mjekun tuaj p\u00ebr sa vijon:<\/p>\n\n\n\n<ul class=\"wp-block-list\"><li>S\u00ebmundje t\u00eb p\u00ebrgjithshme<\/li><li>Shytat pas pubertetit<\/li><li>L\u00ebndime t\u00eb testikujve<\/li><li>Operacione (p.sh. hernia inguinale)<\/li><li>Venat varikoze<\/li><li>Trajtimi mjek\u00ebsor p\u00ebr shkak t\u00eb nj\u00ebrit ose t\u00eb dy testikujve q\u00eb jan\u00eb jasht\u00eb skrotumit gjat\u00eb lindjes<\/li><li>Infeksionet e fshik\u00ebz\u00ebs<\/li><li>Diabeti<\/li><li>\u00c7rregullimet e tiroides<\/li><li>Radioterapit\u00eb<\/li><li>S\u00ebmundjet veneriane<\/li><li>Nikotina, alkooli ose barnat<\/li><li>Ekspozimi i mundsh\u00ebm ndaj ndotjes mjedisore<\/li><li>Barnat e marra nga n\u00ebna gjat\u00eb shtatz\u00ebnis\u00eb<\/li><li>S\u00ebmundjet e trash\u00ebguara n\u00eb familje<\/li><\/ul>\n\n\n\n<div style=\"height:50px\" aria-hidden=\"true\" class=\"wp-block-spacer\"><\/div>\n\n\n\n\n\n<div id=\"anchorlink-block_5cf1491277201\" class=\"anchorlink light \">\n            <a href=\"#section4\" data-smooth-scroll data-animation-duration=\"750\" data-animation-easing=\"swing\" data-offset=\"-23\"><i class=\"material-icons pro-pulse\">expand_more<\/i><\/a>\n    <\/div><\/div><\/div>\n\n\n\n<div class=\"wp-block-group alignfull window-height center has-blue-gradient-background-color has-background\" id=\"section4\"><div class=\"wp-block-group__inner-container is-layout-flow wp-block-group-is-layout-flow\">\n<div style=\"height:50px\" aria-hidden=\"true\" class=\"wp-block-spacer\"><\/div>\n\n\n\n<h2 class=\"has-text-align-center has-light-grey-color has-text-color wp-block-heading\">\u00c7FAR\u00cb MUND T\u2019JU VIJ\u00cb N\u00cb NDIHM\u00cb?<\/h2>\n\n\n\n<h2 class=\"has-text-align-center has-white-color has-text-color wp-block-heading\">PROFERTIL \u00cbSHT\u00cb ZGJIDHJE E TESTUAR<\/h2>\n\n\n\n<div style=\"height:50px\" aria-hidden=\"true\" class=\"wp-block-spacer\"><\/div>\n\n\n\n<div class=\"wp-block-image\"><figure class=\"aligncenter size-large is-resized\"><img decoding=\"async\" src=\"http:\/\/profertil.eu\/wp-content\/uploads\/\/2019\/07\/PROfertil_Pillensperm-2.gif\" alt=\"\" class=\"wp-image-3013\" width=\"467\" height=\"50\"\/><\/figure><\/div>\n\n\n\n<div style=\"height:50px\" aria-hidden=\"true\" class=\"wp-block-spacer\"><\/div>\n\n\n\n<p class=\"has-text-align-center has-white-color has-text-color\"><strong>Ndryshimet e sh\u00ebndetshme t\u00eb stilit t\u00eb jetes\u00ebs:<br><\/strong> p.sh. nj\u00eb diet\u00eb e ekuilibruar, l\u00ebnia e nikotin\u00ebs dhe alkoolit, aktivitet fizik dhe momente qet\u00ebsimi t\u00eb rregullta<\/p>\n\n\n\n<p class=\"has-text-align-center has-white-color has-text-color\"><strong>Normalizimi i pesh\u00ebs<\/strong><\/p>\n\n\n\n<p class=\"has-text-align-center has-white-color has-text-color\"><strong>Psikoterapi<\/strong><\/p>\n\n\n\n<p class=\"has-text-align-center has-white-color has-text-color\"><strong>Procedurat mjek\u00ebsore riprodhuese<\/strong><br>p.sh. far\u00ebzimi artificial, fekondim in-vitro ose ICSI (injeksion intracitoplazmatik i sperm\u00ebs)<\/p>\n\n\n\n<div style=\"height:50px\" aria-hidden=\"true\" class=\"wp-block-spacer\"><\/div>\n\n\n\n\n\n<div id=\"anchorlink-block_5cf14abf77202\" class=\"anchorlink light \">\n            <a href=\"#buynow\" data-smooth-scroll data-animation-duration=\"750\" data-animation-easing=\"swing\" data-offset=\"-23\"><i class=\"material-icons pro-pulse\">expand_more<\/i><\/a>\n    <\/div><\/div><\/div>\n\n\n\n<p><\/p>\n","protected":false},"excerpt":{"rendered":"<p>HAPI I PAR\u00cb DREJT G\u00cbZIMIT T\u00cb NJ\u00cb F\u00cbMIJE N\u00ebse ende nuk \u00ebsht\u00eb e mundur t\u00eb keni f\u00ebmij\u00eb pas nj\u00eb viti marr\u00ebdh\u00ebniesh seksuale t\u00eb pambrojtura, k\u00ebrkohet vler\u00ebsimi mjek\u00ebsor. OBSH e p\u00ebrkufizon infertilitetin si &#8220;munges\u00eb ngjizje brenda nj\u00eb periudhe dymb\u00ebdhjet\u00eb mujore, duke siguruar marr\u00ebdh\u00ebnie t\u00eb rregullta dhe t\u00eb pambrojtura&#8221;. Nj\u00eb diagnoz\u00eb e sakt\u00eb \u00ebsht\u00eb vendimtare p\u00ebr gjetjen<a class=\"excerpt-read-more\" href=\"https:\/\/profertil.mk\/al\/infertility\/diagnose\/\" title=\"ReadDiagnoza\">&#8230; Read more &raquo;<\/a><\/p>\n","protected":false},"author":11,"featured_media":0,"parent":1388,"menu_order":3,"comment_status":"closed","ping_status":"closed","template":"template-full-width-no-title.php","meta":{"_acf_changed":false,"footnotes":""},"categories":[],"tags":[],"class_list":["post-1411","page","type-page","status-publish","hentry"],"acf":[],"_links":{"self":[{"href":"https:\/\/profertil.mk\/al\/wp-json\/wp\/v2\/pages\/1411","targetHints":{"allow":["GET"]}}],"collection":[{"href":"https:\/\/profertil.mk\/al\/wp-json\/wp\/v2\/pages"}],"about":[{"href":"https:\/\/profertil.mk\/al\/wp-json\/wp\/v2\/types\/page"}],"author":[{"embeddable":true,"href":"https:\/\/profertil.mk\/al\/wp-json\/wp\/v2\/users\/11"}],"replies":[{"embeddable":true,"href":"https:\/\/profertil.mk\/al\/wp-json\/wp\/v2\/comments?post=1411"}],"version-history":[{"count":20,"href":"https:\/\/profertil.mk\/al\/wp-json\/wp\/v2\/pages\/1411\/revisions"}],"predecessor-version":[{"id":6390,"href":"https:\/\/profertil.mk\/al\/wp-json\/wp\/v2\/pages\/1411\/revisions\/6390"}],"up":[{"embeddable":true,"href":"https:\/\/profertil.mk\/al\/wp-json\/wp\/v2\/pages\/1388"}],"wp:attachment":[{"href":"https:\/\/profertil.mk\/al\/wp-json\/wp\/v2\/media?parent=1411"}],"wp:term":[{"taxonomy":"category","embeddable":true,"href":"https:\/\/profertil.mk\/al\/wp-json\/wp\/v2\/categories?post=1411"},{"taxonomy":"post_tag","embeddable":true,"href":"https:\/\/profertil.mk\/al\/wp-json\/wp\/v2\/tags?post=1411"}],"curies":[{"name":"wp","href":"https:\/\/api.w.org\/{rel}","templated":true}]}}