{"id":1401,"date":"2019-06-11T12:41:38","date_gmt":"2019-06-11T12:41:38","guid":{"rendered":"http:\/\/profertil.local\/?page_id=1401"},"modified":"2022-03-31T11:18:50","modified_gmt":"2022-03-31T09:18:50","slug":"male-infertility","status":"publish","type":"page","link":"https:\/\/profertil.mk\/al\/infertility\/male-infertility\/","title":{"rendered":"Infertiliteti mashkullor"},"content":{"rendered":"\n<div class=\"wp-block-cover is-light alignfull\"><span aria-hidden=\"true\" class=\"has-background-dim-0 wp-block-cover__gradient-background has-background-dim\"><\/span><img fetchpriority=\"high\" decoding=\"async\" width=\"2048\" height=\"500\" class=\"wp-block-cover__image-background wp-image-712\" alt=\"\" src=\"http:\/\/profertil.mk\/al\/wp-content\/uploads\/2019\/05\/maennliche-infertilitaet.jpg\" style=\"object-position:83% 1%\" data-object-fit=\"cover\" data-object-position=\"83% 1%\" srcset=\"https:\/\/profertil.mk\/al\/wp-content\/uploads\/2019\/05\/maennliche-infertilitaet.jpg 2048w, https:\/\/profertil.mk\/al\/wp-content\/uploads\/2019\/05\/maennliche-infertilitaet-300x73.jpg 300w, https:\/\/profertil.mk\/al\/wp-content\/uploads\/2019\/05\/maennliche-infertilitaet-768x188.jpg 768w, https:\/\/profertil.mk\/al\/wp-content\/uploads\/2019\/05\/maennliche-infertilitaet-1024x250.jpg 1024w\" sizes=\"(max-width: 2048px) 100vw, 2048px\" \/><div class=\"wp-block-cover__inner-container is-layout-flow wp-block-cover-is-layout-flow\">\n<h1 class=\"has-red-color has-text-color wp-block-heading\">INFERTILITETI <span class=\"has-white-color\">MASHKULLOR<\/span><\/h1>\n<\/div><\/div>\n\n\n\n<div class=\"wp-block-group alignfull window-height minus-header center has-blue-gradient-background-color has-background\"><div class=\"wp-block-group__inner-container is-layout-flow wp-block-group-is-layout-flow\">\n<div style=\"height:50px\" aria-hidden=\"true\" class=\"wp-block-spacer\"><\/div>\n\n\n\n<h2 class=\"has-text-align-center has-light-grey-color has-text-color wp-block-heading\">\u00c7FAR\u00cb DO T\u00cb THOT\u00cb SAKT\u00cbSISHT <\/h2>\n\n\n\n<h2 class=\"has-text-align-center has-light-grey-color has-text-color wp-block-heading\">INFERTILITET MASHKULLOR?<\/h2>\n\n\n\n<div style=\"height:50px\" aria-hidden=\"true\" class=\"wp-block-spacer\"><\/div>\n\n\n\n<div class=\"wp-block-columns has-2-columns is-layout-flex wp-container-core-columns-is-layout-9d6595d7 wp-block-columns-is-layout-flex\">\n<div class=\"wp-block-column is-layout-flow wp-block-column-is-layout-flow\">\n<p class=\"has-white-color has-text-color\">Infertiliteti \u00ebsht\u00eb termi mjek\u00ebsor p\u00ebr sterilitetin. Ky \u00ebsht\u00eb rasti kur marr\u00ebdh\u00ebniet e rregullta seksuale pa kontraceptiv\u00eb nuk \u00e7ojn\u00eb n\u00eb shtatz\u00ebni brenda periudh\u00ebs kohor prej 12 muajsh.<\/p>\n\n\n\n<p class=\"has-white-color has-text-color\">Ekziston nj\u00eb dallim i p\u00ebrgjithsh\u00ebm midis infertilitetit primar dhe sekondar:<\/p>\n<\/div>\n\n\n\n<div class=\"wp-block-column is-layout-flow wp-block-column-is-layout-flow\">\n<p class=\"has-white-color has-text-color\"><strong>Infertiliteti primar:<\/strong><br>Rasti kur nje mashkull nuk ka bere kurre me pare femije.<\/p>\n\n\n\n<p class=\"has-white-color has-text-color\"><strong>Infertiliteti sekondar:<\/strong><br>Rasti kur mashkulli tashm\u00eb ka b\u00ebr\u00eb nj\u00eb ose m\u00eb shum\u00eb f\u00ebmij\u00eb, qoft\u00eb me partneren e tij aktuale ose me nj\u00eb partnere tjet\u00ebr.<\/p>\n<\/div>\n<\/div>\n\n\n\n<div style=\"height:50px\" aria-hidden=\"true\" class=\"wp-block-spacer\"><\/div>\n\n\n\n<p class=\"has-text-align-center medium-width has-white-color has-text-color\">N\u00eb shum\u00eb raste t\u00eb infertilitetit, femra ekzaminohet para mashkullit; megjith\u00ebse n\u00eb rreth gjysm\u00ebn e t\u00eb gjitha rasteve, <strong> Shkaku gjendet tek mashkulli<\/strong>.<\/p>\n\n\n\n<div style=\"height:50px\" aria-hidden=\"true\" class=\"wp-block-spacer\"><\/div>\n\n\n\n\n\n<div id=\"anchorlink-block_5cf1243da1895\" class=\"anchorlink light \">\n            <a href=\"#section2\" data-smooth-scroll data-animation-duration=\"750\" data-animation-easing=\"swing\" data-offset=\"-23\"><i class=\"material-icons pro-pulse\">expand_more<\/i><\/a>\n    <\/div>\n\n\n<p><\/p>\n<\/div><\/div>\n\n\n\n<div class=\"wp-block-group alignfull window-height center has-red-gradient-background-color has-background\" id=\"section2\"><div class=\"wp-block-group__inner-container is-layout-flow wp-block-group-is-layout-flow\">\n<div style=\"height:50px\" aria-hidden=\"true\" class=\"wp-block-spacer\"><\/div>\n\n\n\n<h2 class=\"has-text-align-center window-height has-white-color has-text-color wp-block-heading\" id=\"section2\">\u00c7FAR\u00cb E SHKAKTON INFERTILITETIN?<\/h2>\n\n\n\n<div style=\"height:50px\" aria-hidden=\"true\" class=\"wp-block-spacer\"><\/div>\n\n\n\n<div class=\"wp-block-columns has-2-columns is-layout-flex wp-container-core-columns-is-layout-9d6595d7 wp-block-columns-is-layout-flex\">\n<div class=\"wp-block-column is-layout-flow wp-block-column-is-layout-flow\">\n<p class=\"has-white-color has-text-color\">Infertiliteti mashkullor mund t\u00eb ket\u00eb shum\u00eb shkaqe. Gjenetika, stresi, ndryshimet n\u00eb stilin e jetes\u00ebs dhe regjimi ushqimor, t\u00eb gjitha \u00e7ojn\u00eb n\u00eb nj\u00eb ulje dramatike t\u00eb prodhimit dhe cil\u00ebsis\u00eb s\u00eb qelizave permatozoide. D\u00ebshira p\u00ebr t\u00eb pasur nj\u00eb f\u00ebmij\u00eb i mohohet rreth 15% t\u00eb t\u00eb gjitha \u00e7ifteve, edhe pas nj\u00eb viti marr\u00ebdh\u00ebnie seksuale t\u00eb pambrojtur.<\/p>\n<\/div>\n\n\n\n<div class=\"wp-block-column is-layout-flow wp-block-column-is-layout-flow\">\n<p class=\"has-white-color has-text-color\">B\u00ebhet nj\u00eb dallim themelor midis \u00e7rregullimeve t\u00eb trash\u00ebguara dhe atyre t\u00eb fituara. P\u00ebr m\u00eb tep\u00ebr, b\u00ebhet nj\u00eb dallim midis s\u00ebmundjeve q\u00eb kan\u00eb t\u00eb b\u00ebjn\u00eb me kontrollin hormonal t\u00eb funksionit t\u00eb testikujve (rreth 12%), s\u00ebmundjeve t\u00eb formimit t\u00eb sperm\u00ebs n\u00eb testikuj (rreth 30-40%) dhe s\u00ebmundjeve t\u00eb sistemit t\u00eb transportit t\u00eb sperm\u00ebs (rreth 10-20 %).<\/p>\n<\/div>\n<\/div>\n\n\n\n<div style=\"height:50px\" aria-hidden=\"true\" class=\"wp-block-spacer\"><\/div>\n\n\n\n\n\n<div id=\"anchorlink-block_5cf12484a1896\" class=\"anchorlink light \">\n            <a href=\"#section3\" data-smooth-scroll data-animation-duration=\"750\" data-animation-easing=\"swing\" data-offset=\"-23\"><i class=\"material-icons pro-pulse\">expand_more<\/i><\/a>\n    <\/div>\n\n\n<p><\/p>\n<\/div><\/div>\n\n\n\n<div class=\"wp-block-group alignfull window-height center has-white-background-color has-background\" id=\"section3\"><div class=\"wp-block-group__inner-container is-layout-flow wp-block-group-is-layout-flow\">\n<div style=\"height:50px\" aria-hidden=\"true\" class=\"wp-block-spacer\"><\/div>\n\n\n\n<h2 class=\"has-text-align-center has-red-color has-text-color wp-block-heading\">INFERTILITETI SI PASOJ\u00cb <\/h2>\n\n\n\n<h2 class=\"has-text-align-center has-light-grey-color has-text-color wp-block-heading\">E SHKAQEVE MJEKSORE<\/h2>\n\n\n\n<div style=\"height:50px\" aria-hidden=\"true\" class=\"wp-block-spacer\"><\/div>\n\n\n\n<figure class=\"wp-block-table is-style-profertil stack\"><table><tbody><tr><td><strong>S<meta charset=\"utf-8\">\u00ebmundjet e<\/strong><br><strong>testikujve<\/strong><\/td><td>S\u00ebmundjet e testikujve dhe epididimeve t\u00eb tilla si inflamacionet, venat varikoze ose p\u00ebrdredhja e testikujve zakonisht prekin meshkujt e rinj dhe duhen marr\u00eb shum\u00eb seriozisht, pasi ato mund t\u00eb d\u00ebmtojn\u00eb fertilitetin.<\/td><\/tr><tr><td><strong>\u00c7rregullimet e prodhimit t<meta charset=\"utf-8\">\u00eb<br>hormoneve<\/strong><\/td><td>Hormonet, konkretisht hormoni FSH kontrollojn<meta charset=\"utf-8\">\u00eb prodhimin e spermatozoideve n<meta charset=\"utf-8\">\u00eb testikuj. N<meta charset=\"utf-8\">\u00ebse ka mjaftuesh<meta charset=\"utf-8\">\u00ebm FSH n<meta charset=\"utf-8\">\u00eb trup, duhet t<meta charset=\"utf-8\">\u00eb merret parasysh trajtimi hormonal.<\/td><\/tr><tr><td><strong>Venat varikoze n<\/strong><meta charset=\"utf-8\"><strong>\u00eb<\/strong><br><strong>testikuj<br>(varikocela)<\/strong><\/td><td>Varikocela jan<meta charset=\"utf-8\">\u00eb venat varikoze n<meta charset=\"utf-8\">\u00eb zon<meta charset=\"utf-8\">\u00ebn e testikujve dhe kordonit spermatik. Kjo gjendje prek af<meta charset=\"utf-8\">\u00ebrsisht 15% t<meta charset=\"utf-8\">\u00eb t<meta charset=\"utf-8\">\u00eb gjith<meta charset=\"utf-8\">\u00eb meshkujve. Varikocela e pa trajtuar <meta charset=\"utf-8\">\u00ebsht<meta charset=\"utf-8\">\u00eb nj<meta charset=\"utf-8\">\u00eb shkak i zakonsh<meta charset=\"utf-8\">\u00ebm i infertilitetit mashkullore, pasi bllokimi i gjakut n<meta charset=\"utf-8\">\u00eb skrotum mund t<meta charset=\"utf-8\">\u00eb rris<meta charset=\"utf-8\">\u00eb temperatur<meta charset=\"utf-8\">\u00ebn e testikujve me 0.5-1 C\u00b0, e cila nga ana tjet<meta charset=\"utf-8\">\u00ebr ka efekt negativ n<meta charset=\"utf-8\">\u00eb prodhimin e sperm<meta charset=\"utf-8\">\u00ebs. Varikocela <meta charset=\"utf-8\">\u00ebsht<meta charset=\"utf-8\">\u00eb shkaku i infertilitetit n<meta charset=\"utf-8\">\u00eb rreth 25-40% t<meta charset=\"utf-8\">\u00eb t<meta charset=\"utf-8\">\u00eb gjith<meta charset=\"utf-8\">\u00eb meshkujve infertil<meta charset=\"utf-8\">\u00eb.<br>N<meta charset=\"utf-8\">\u00eb nj<meta charset=\"utf-8\">\u00eb studim t<meta charset=\"utf-8\">\u00eb krijuar posa\u00e7<meta charset=\"utf-8\">\u00ebrisht p<meta charset=\"utf-8\">\u00ebr burrat e prekur nga varikocela subklinike, u tregua se marrja e PROFERTIL  p<meta charset=\"utf-8\">\u00ebr nj<meta charset=\"utf-8\">\u00eb minimun prej 3 muajsh p<meta charset=\"utf-8\">\u00ebrmir<meta charset=\"utf-8\">\u00ebson t<meta charset=\"utf-8\">\u00eb gjitha parametrat e sperm<meta charset=\"utf-8\">\u00ebs.<\/td><\/tr><tr><td><strong>Antitrupat<\/strong><br><strong>n<meta charset=\"utf-8\"><strong>\u00eb<\/strong> qelizat <br>e sperm<meta charset=\"utf-8\"><strong>\u00eb<\/strong>s<\/strong><\/td><td>Meqen\u00ebse prodhimi i sperm\u00ebs fillon vet\u00ebm gjat\u00eb pubertetit, trupi mund t\u00eb identifikoj\u00eb qelizat e sperm\u00ebs si objekte t\u00eb huaja dhe t\u00eb zhvilloj\u00eb antitrupa. K\u00ebto antitrupa mund t\u00eb minimizojn\u00eb mund\u00ebsin\u00eb e shtatz\u00ebnis\u00eb.<\/td><\/tr><tr><td><strong>\u00c7rregullimet <br>e kanaleve<br>seminale<\/strong><\/td><td>Epididimi \u00ebsht\u00eb vendi ku ndodh maturimi i spermatozoideve. Ai p\u00ebrb\u00ebhet nga nj\u00eb kanal me gjat\u00ebsi dy deri n\u00eb kat\u00ebr metra p\u00ebrmes t\u00eb cilit transportohen spermatozoid\u00ebt. Edhe inflamacioni m\u00eb i vog\u00ebl mund t\u00eb \u00e7oj\u00eb n\u00eb adezion. Me k\u00ebt\u00eb \u00e7rregullim t\u00eb transportit t\u00eb sperm\u00ebs, spermatozoidet nuk jan\u00eb n\u00eb gjendje t\u00eb lidhen me l\u00ebngun e sperm\u00ebs, i cili l\u00eb shum\u00eb pak sperm\u00eb t\u00eb paprekur n\u00eb ejakulat, ose aspak.<\/td><\/tr><\/tbody><\/table><\/figure>\n\n\n\n<div style=\"height:50px\" aria-hidden=\"true\" class=\"wp-block-spacer\"><\/div>\n\n\n\n\n\n<div id=\"anchorlink-block_5cf13991a1897\" class=\"anchorlink dark \">\n            <a href=\"#section4\" data-smooth-scroll data-animation-duration=\"750\" data-animation-easing=\"swing\" data-offset=\"-23\"><i class=\"material-icons pro-pulse\">expand_more<\/i><\/a>\n    <\/div><\/div><\/div>\n\n\n\n<div class=\"wp-block-group alignfull window-height center has-blue-gradient-background-color has-background\" id=\"section4\"><div class=\"wp-block-group__inner-container is-layout-flow wp-block-group-is-layout-flow\">\n<div style=\"height:50px\" aria-hidden=\"true\" class=\"wp-block-spacer\"><\/div>\n\n\n\n<h2 class=\"has-text-align-center has-light-grey-color has-text-color wp-block-heading\">INFERTILITETI SI PASOJ\u00cb <\/h2>\n\n\n\n<h2 class=\"has-text-align-center has-white-color has-text-color wp-block-heading\">E NJ\u00cb JETESE JO T\u00cb SH\u00cbNDETSHME<\/h2>\n\n\n\n<div style=\"height:50px\" aria-hidden=\"true\" class=\"wp-block-spacer\"><\/div>\n\n\n\n<p class=\"has-text-align-center medium-width has-white-color has-blue-gradient-background-color has-text-color has-background\">N\u00ebse shkaqet mjek\u00ebsore t\u00eb infertilitetit jan\u00eb p\u00ebrjashtuar, shkenca e sotme supozon se shkaku q\u00ebndron kryesisht n\u00eb stilin e jetes\u00ebs dhe regjimin ushqimor.<\/p>\n\n\n\n<div style=\"height:50px\" aria-hidden=\"true\" class=\"wp-block-spacer\"><\/div>\n\n\n\n<figure class=\"wp-block-table stack is-style-profertil\"><table><tbody><tr><td><strong>Mbipesha<\/strong><\/td><td>Duke qen\u00eb vet\u00ebm 10 kg mbipesh\u00eb rritet rreziku i infertilitetit me 10%. Ve\u00e7an\u00ebrisht nj\u00eb rritje e mas\u00ebs dhjamore t\u00eb trupit n\u00eb bark zvog\u00eblon pjes\u00ebn e lir\u00eb, biologjikisht aktive t\u00eb testosteronit.<\/td><\/tr><tr><td><strong>Pirja e<\/strong><br><strong>duhanit<\/strong><\/td><td>Pirja e duhanit ndikon n\u00eb dend\u00ebsin\u00eb, l\u00ebvizshm\u00ebrin\u00eb (l\u00ebvizshm\u00ebrin\u00eb e sperm\u00ebs) dhe form\u00ebn (morfologjin\u00eb) e sperm\u00ebs. Mund t\u00eb supozohet nj\u00eb efekt i drejtp\u00ebrdrejt\u00eb n\u00eb funksionin e testikujve dhe spermatogjenez\u00ebs (= procesi i maturimit t\u00eb qelizave t\u00eb sperm\u00ebs). Metabolitet nga p\u00ebrb\u00ebr\u00ebsit e tymit t\u00eb cigares mund t\u00eb shkaktojn\u00eb reaksione inflamatore n\u00eb traktin gjenital t\u00eb mashkullor, t\u00eb cilat mund t\u00eb \u00e7ojn\u00eb n\u00eb d\u00ebmtim oksidativ t\u00eb sperm\u00ebs.<\/td><\/tr><tr><td><strong>Alkoli<\/strong><\/td><td>Abuzimi i r\u00ebnd\u00eb kronik me alkool mund t\u00eb ket\u00eb efekte toksike n\u00eb testikuj. Kjo shprehet n\u00eb spermatogjenez\u00ebn e kompromentuar (= procesi i maturimit t\u00eb qelizave t\u00eb sperm\u00ebs). Kjo mund t\u00eb d\u00ebmtoj\u00eb l\u00ebvizjen dhe form\u00ebn e spermatozoideve.<\/td><\/tr><tr><td><strong>Ushqimi<\/strong><\/td><td>Nj\u00eb diet\u00eb jo e sh\u00ebndetshme mund t\u00eb \u00e7oj\u00eb n\u00eb zhvillimin e mang\u00ebsive dhe t\u00eb rezultoj\u00eb n\u00eb cil\u00ebsi t\u00eb kufizuar t\u00eb sperm\u00ebs. N\u00eb ve\u00e7anti, vitaminat dhe mikroelement\u00ebt e tjer\u00eb q\u00eb merren p\u00ebrmes ushqimit sh\u00ebrbejn\u00eb si bashk\u00ebfaktor\u00eb p\u00ebr reaksionet enzimatike dhe kan\u00eb nj\u00eb efekt antioksidant.<\/td><\/tr><\/tbody><\/table><\/figure>\n\n\n\n<div style=\"height:50px\" aria-hidden=\"true\" class=\"wp-block-spacer\"><\/div>\n\n\n\n\n\n<div id=\"anchorlink-block_5cf139aca1898\" class=\"anchorlink light \">\n            <a href=\"#section5\" data-smooth-scroll data-animation-duration=\"750\" data-animation-easing=\"swing\" data-offset=\"-23\"><i class=\"material-icons pro-pulse\">expand_more<\/i><\/a>\n    <\/div><\/div><\/div>\n\n\n\n<div class=\"wp-block-group alignfull window-height center exogen-reasons has-background\" id=\"section5\" style=\"background:linear-gradient(135deg,rgb(67,0,17) 0%,rgb(127,3,52) 96%)\"><div class=\"wp-block-group__inner-container is-layout-flow wp-block-group-is-layout-flow\">\n<div style=\"height:50px\" aria-hidden=\"true\" class=\"wp-block-spacer\"><\/div>\n\n\n\n<h2 class=\"has-text-align-center has-light-grey-color has-text-color wp-block-heading\">INFERTILITETI SI PASOJ\u00cb <\/h2>\n\n\n\n<h2 class=\"has-text-align-center has-white-color has-text-color wp-block-heading\">E SHKAQEVE T\u00cb JASHTME<\/h2>\n\n\n\n<div style=\"height:50px\" aria-hidden=\"true\" class=\"wp-block-spacer\"><\/div>\n\n\n\n<figure class=\"wp-block-table stack is-style-regular\"><table class=\"has-white-color has-text-color has-fixed-layout\"><tbody><tr><td><strong>Ushqimi<\/strong><\/td><td>Studime tregojn\u00eb se frutat dhe perimet nuk p\u00ebrmbajn\u00eb m\u00eb aq vitamina sa m\u00eb par\u00eb. Cil\u00ebsia e ushqimit \u00ebsht\u00eb p\u00ebrkeq\u00ebsuar p\u00ebr shkak t\u00eb p\u00ebrdorimit intensiv t\u00eb tok\u00ebs e dheut.<\/td><\/tr><tr><td><strong>Mosha<\/strong><\/td><td>Cil\u00ebsia e sperm\u00ebs mund t\u00eb filloj\u00eb t\u00eb ulet nga mosha 35 vje\u00e7. P\u00ebr nj\u00eb person n\u00ebn 30 vje\u00e7 me nj\u00eb partner mbi 40 vje\u00e7, shansi p\u00ebr t\u00eb mbetur shtatz\u00ebn\u00eb \u00ebsht\u00eb tashm\u00eb 25% m\u00eb i ul\u00ebt se nj\u00eb person me nj\u00eb partner m\u00eb t\u00eb ri. Pavar\u00ebsisht k\u00ebsaj, t\u00eb b\u00ebrit baba n\u00eb mosh\u00eb t\u00eb madhe duket t\u00eb jet\u00eb n\u00eb mod\u00eb n\u00eb bot\u00ebn moderne. Sot, ka gjithnj\u00eb e m\u00eb shum\u00eb meshkuj q\u00eb duan t\u00eb b\u00ebhen baballar\u00eb vet\u00ebm pasi t\u00eb ken\u00eb arritur disa pika t\u00eb caktuara n\u00eb jet\u00ebn ose karrier\u00ebn e tyre. Si rezultat, shum\u00eb meshkuj sapo kan\u00eb filluar rrug\u00ebtimin e tyre drejt at\u00ebsis\u00eb, n\u00eb t\u00eb 40-at. Shum\u00eb prej tyre mund t\u00eb mos ia dalin pa nd\u00ebrlikime apo nd\u00ebrhyrje, megjithat\u00eb, shkenca tani ka t\u00eb dh\u00ebna p\u00ebr ndikimet e lidhura me mosh\u00ebn n\u00eb sh\u00ebndetin e sperm\u00ebs, si\u00e7 jan\u00eb ulja e numrit dhe l\u00ebvizshm\u00ebris\u00eb s\u00eb spermatozoideve. Ndryshimet kromozomale (thyerja e fijeve t\u00eb ADN-s\u00eb) n\u00eb spermatozoid\u00eb ndodhin gjithashtu m\u00eb shpesh me mosh\u00ebn.<br><strong><a href=\"\/sperm-health\/quality-factors\/#section5\"><br>Lexoni m\u00eb shum\u00eb rreth thyerjes s\u00eb fijeve t\u00eb ADN-s\u00eb n\u00eb qelizat e sperm\u00ebs dhe pasojat e saj.<\/a><\/strong><\/td><\/tr><tr><td><strong><strong>Bisphenol A (BPA)<\/strong><\/strong><\/td><td><br>Bisphenol A (BPA) \u00ebsht\u00eb nj\u00eb plastifikues dhe nj\u00eb nga kimikatet m\u00eb t\u00eb prodhuara gjer\u00ebsisht. BPA gjendet n\u00eb shum\u00eb produkte t\u00eb konsumit, shishet e pijeve dhe paketimet plastike t\u00eb ushqimit. Veshjet e brendshme t\u00eb kana\u00e7eve gjithashtu kan\u00eb gjurm\u00eb t\u00eb BPA. P\u00ebrdorimi i BPA p\u00ebr prodhimin e biberon\u00ebve dhe shisheve t\u00eb f\u00ebmij\u00ebve \u00ebsht\u00eb ironik dhe alarmues. Studiuesit nga Mi\u00e7igan zbuluan se pun\u00ebtor\u00ebt e fabrikave kineze n\u00eb linj\u00ebn e prodhimit, t\u00eb cil\u00ebt ishin ekspozuar ndaj kimikateve BPA, u zbulua se kishin impotenc\u00eb seksuale, probleme ereksioni dhe probleme ejakulimi. Studiuesit gjithashtu treguan nj\u00eb korrelacion midis vlerave t\u00eb bisphenol A n\u00eb mostrat e urin\u00ebs dhe p\u00ebrqendrimeve t\u00eb hormoneve t\u00eb fertilitetit tek pun\u00ebtor\u00ebt. Studiuesit amerikan\u00eb krahasuan vlerat e BPA n\u00eb urin\u00ebn e 218 pun\u00ebtor\u00ebve me cil\u00ebsin\u00eb e tyre t\u00eb sperm\u00ebs. BPA \u00ebsht\u00eb treguar se rrit rrezikun e nj\u00eb cil\u00ebsie t\u00eb dob\u00ebt t\u00eb sperm\u00ebs nga dy deri n\u00eb kat\u00ebr her\u00eb. Kjo p\u00ebrfshin si p\u00ebrqendrimin e sperm\u00ebs, ashtu edhe vitalitetin dhe l\u00ebvizshm\u00ebrin\u00eb e nevojshme p\u00ebr fekondim.<\/td><\/tr><tr><td><strong>Barnat<\/strong><\/td><td>Barnat e m\u00ebposhtme mund t\u00eb d\u00ebmtojn\u00eb d\u00ebshir\u00ebn seksuale dhe funksionin erektil, dhe n\u00eb disa raste shkaktojn\u00eb reduktim t\u00eb ejakulimit:<br><strong>Antidepresant<meta charset=\"utf-8\">\u00eb<\/strong>: <br>barna q\u00eb p\u00ebrdoren p\u00ebr t\u00eb trajtuar depresionin. P\u00ebrve\u00e7 k\u00ebsaj, barnat kund\u00ebr depresionit kan\u00eb fusha t\u00eb tjera aplikimi, p.sh. n\u00eb terapin\u00eb e dhimbjes<br><strong>Qet<meta charset=\"utf-8\"><strong><strong>\u00eb<\/strong><\/strong>sues<\/strong> : Nje grup barnash me efekte qetesuese.<strong><br><strong>Antihipertensiv\u00eb:<\/strong><\/strong> Nje term i pergjithshem per barnat qe ulin presionin e gjakut. Se bashku me ndryshimin ne stilin e jeteses, ato formojne bazen e terapise antihipertensive.<br><strong>Antiepileptik\u00eb: <\/strong>barna q\u00eb p\u00ebrdoren p\u00ebr trajtimin e epilepsis\u00eb dhe dridhjeve.<br><strong>Barna kardiake:<\/strong> p\u00ebrdoren p\u00ebr trajtimin e s\u00ebmundjeve t\u00eb zemr\u00ebs (kardiotonike).<br>&nbsp;<br>N\u00eb mjek\u00ebsi, termi &#8220;\u00e7rregullim endokrin&#8221; i referohet kryesisht gj\u00ebndrave. T\u00eb gjitha gj\u00ebndrat n\u00eb trupin e njeriut q\u00eb prodhojn\u00eb hormone dhe i l\u00ebshojn\u00eb ato n\u00eb gjak quhen gj\u00ebndra endokrine. Disa barna mund t\u00eb nd\u00ebrhyjn\u00eb n\u00eb mekanizmat rregullues endokrin, t\u00eb cilat nga ana tjet\u00ebr mund t\u00eb ndikojn\u00eb n\u00eb fertilitet:<br><strong>Steroid anabolik\u00eb:<\/strong> term i p\u00ebrgjithsh\u00ebm p\u00ebr nj\u00eb grup barnash q\u00eb p\u00ebrdoren p\u00ebr t\u00eb p\u00ebrshpejtuar nd\u00ebrtimin e mas\u00ebs muskulore. &gt;&gt; GJENI M\u00cb SHUM\u00cb<br><strong>Antiandrogjen\u00ebt:<\/strong> barna q\u00eb pengojn\u00eb veprimin e hormoneve seksuale mashkullore.<br>Disa substanca mund t\u00eb pengojn\u00eb pro\u00e7esin e maturimit t\u00eb qelizave t\u00eb sperm\u00ebs (= spermatogjeneza):<br><strong>Barna citostatike:<\/strong> substanca kimike toksike q\u00eb p\u00ebrdoren n\u00eb mjek\u00ebsi si barna, ve\u00e7an\u00ebrisht n\u00eb kimioterapin\u00eb p\u00ebr kancerin. Nj\u00eb bar citostatik nd\u00ebrpret, vonon ose parandalon ciklin qelizor, i cili parandalon ndarjen dhe p\u00ebrhapjen e qelizave tumorale.<br><strong>Antibiotik\u00eb:<\/strong> substancat q\u00eb kan\u00eb nj\u00eb ndikim frenues n\u00eb metabolizmin e mikroorganizmave (p.sh. bakteret), duke parandaluar riprodhimin ose mbijetes\u00ebn e tyre.<br><strong>Imunosupresant\u00ebt:<\/strong> barna q\u00eb supresojn\u00eb funksionin normal t\u00eb sistemit imunitar.<\/td><\/tr><tr><td><strong>Temperatura<\/strong><\/td><td>Temperatura normale e testikujve \u00ebsht\u00eb 35 \u00b0 C. Efektet e nxeht\u00ebsis\u00eb (p.sh. q\u00ebdrimi ulur p\u00ebr periudha t\u00eb gjata n\u00eb rastin e shofer\u00ebve profesionist\u00eb, pun\u00ebtor\u00ebt q\u00eb merren me saldim, seancat e shpeshta t\u00eb saun\u00ebs, etj.) mund t\u00eb shkaktojn\u00eb rritjen e temperatur\u00ebs n\u00eb testikuj, gj\u00eb q\u00eb mund t\u00eb d\u00ebmtoj\u00eb fertilitetin.<\/td><\/tr><\/tbody><\/table><\/figure>\n\n\n\n<div style=\"height:50px\" aria-hidden=\"true\" class=\"wp-block-spacer\"><\/div>\n\n\n\n\n\n<div id=\"anchorlink-block_5cf13c58a1899\" class=\"anchorlink light \">\n            <a href=\"#buynow\" data-smooth-scroll data-animation-duration=\"750\" data-animation-easing=\"swing\" data-offset=\"-23\"><i class=\"material-icons pro-pulse\">expand_more<\/i><\/a>\n    <\/div><\/div><\/div>\n\n\n\n<p><\/p>\n","protected":false},"excerpt":{"rendered":"<p>\u00c7FAR\u00cb DO T\u00cb THOT\u00cb SAKT\u00cbSISHT INFERTILITET MASHKULLOR? Infertiliteti \u00ebsht\u00eb termi mjek\u00ebsor p\u00ebr sterilitetin. Ky \u00ebsht\u00eb rasti kur marr\u00ebdh\u00ebniet e rregullta seksuale pa kontraceptiv\u00eb nuk \u00e7ojn\u00eb n\u00eb shtatz\u00ebni brenda periudh\u00ebs kohor prej 12 muajsh. Ekziston nj\u00eb dallim i p\u00ebrgjithsh\u00ebm midis infertilitetit primar dhe sekondar: Infertiliteti primar:Rasti kur nje mashkull nuk ka bere kurre me pare femije.<a class=\"excerpt-read-more\" href=\"https:\/\/profertil.mk\/al\/infertility\/male-infertility\/\" title=\"ReadInfertiliteti mashkullor\">&#8230; Read more &raquo;<\/a><\/p>\n","protected":false},"author":11,"featured_media":0,"parent":1388,"menu_order":2,"comment_status":"closed","ping_status":"closed","template":"template-full-width-no-title.php","meta":{"_acf_changed":false,"footnotes":""},"categories":[],"tags":[],"class_list":["post-1401","page","type-page","status-publish","hentry"],"acf":[],"_links":{"self":[{"href":"https:\/\/profertil.mk\/al\/wp-json\/wp\/v2\/pages\/1401","targetHints":{"allow":["GET"]}}],"collection":[{"href":"https:\/\/profertil.mk\/al\/wp-json\/wp\/v2\/pages"}],"about":[{"href":"https:\/\/profertil.mk\/al\/wp-json\/wp\/v2\/types\/page"}],"author":[{"embeddable":true,"href":"https:\/\/profertil.mk\/al\/wp-json\/wp\/v2\/users\/11"}],"replies":[{"embeddable":true,"href":"https:\/\/profertil.mk\/al\/wp-json\/wp\/v2\/comments?post=1401"}],"version-history":[{"count":29,"href":"https:\/\/profertil.mk\/al\/wp-json\/wp\/v2\/pages\/1401\/revisions"}],"predecessor-version":[{"id":6389,"href":"https:\/\/profertil.mk\/al\/wp-json\/wp\/v2\/pages\/1401\/revisions\/6389"}],"up":[{"embeddable":true,"href":"https:\/\/profertil.mk\/al\/wp-json\/wp\/v2\/pages\/1388"}],"wp:attachment":[{"href":"https:\/\/profertil.mk\/al\/wp-json\/wp\/v2\/media?parent=1401"}],"wp:term":[{"taxonomy":"category","embeddable":true,"href":"https:\/\/profertil.mk\/al\/wp-json\/wp\/v2\/categories?post=1401"},{"taxonomy":"post_tag","embeddable":true,"href":"https:\/\/profertil.mk\/al\/wp-json\/wp\/v2\/tags?post=1401"}],"curies":[{"name":"wp","href":"https:\/\/api.w.org\/{rel}","templated":true}]}}