{"id":1390,"date":"2019-06-11T12:36:40","date_gmt":"2019-06-11T12:36:40","guid":{"rendered":"http:\/\/profertil.local\/?page_id=1390"},"modified":"2022-03-31T11:18:04","modified_gmt":"2022-03-31T09:18:04","slug":"the-male-factor","status":"publish","type":"page","link":"https:\/\/profertil.mk\/al\/infertility\/the-male-factor\/","title":{"rendered":"Faktori Mashkull"},"content":{"rendered":"\n<div class=\"wp-block-cover alignfull is-light\"><span aria-hidden=\"true\" class=\"has-background-dim-0 wp-block-cover__gradient-background has-background-dim\"><\/span><img fetchpriority=\"high\" decoding=\"async\" width=\"2048\" height=\"500\" class=\"wp-block-cover__image-background wp-image-132\" alt=\"\" src=\"http:\/\/profertil.mk\/al\/wp-content\/uploads\/2019\/05\/Kopf.jpg\" style=\"object-position:91% 0%\" data-object-fit=\"cover\" data-object-position=\"91% 0%\" srcset=\"https:\/\/profertil.mk\/al\/wp-content\/uploads\/2019\/05\/Kopf.jpg 2048w, https:\/\/profertil.mk\/al\/wp-content\/uploads\/2019\/05\/Kopf-300x73.jpg 300w, https:\/\/profertil.mk\/al\/wp-content\/uploads\/2019\/05\/Kopf-768x188.jpg 768w, https:\/\/profertil.mk\/al\/wp-content\/uploads\/2019\/05\/Kopf-1024x250.jpg 1024w\" sizes=\"(max-width: 2048px) 100vw, 2048px\" \/><div class=\"wp-block-cover__inner-container is-layout-flow wp-block-cover-is-layout-flow\">\n<h1 class=\"has-text-align-left has-purple-color has-text-color wp-block-heading\">ROLI <span class=\"has-white-color\">I NJ\u00cb MASHKULLI<\/span><\/h1>\n<\/div><\/div>\n\n\n\n<div class=\"wp-block-group alignfull window-height minus-header center has-blue-gradient-background-color has-background\"><div class=\"wp-block-group__inner-container is-layout-flow wp-block-group-is-layout-flow\">\n<div style=\"height:50px\" aria-hidden=\"true\" class=\"wp-block-spacer\"><\/div>\n\n\n\n<h2 class=\"has-text-align-center has-light-grey-color has-text-color wp-block-heading\">\u00c7FAR\u00cb DUHET T\u00cb B\u00cbJ\u00cb NJ\u00cb MASHKULL?<\/h2>\n\n\n\n<div style=\"height:50px\" aria-hidden=\"true\" class=\"wp-block-spacer\"><\/div>\n\n\n\n<div class=\"wp-block-columns has-2-columns is-layout-flex wp-container-core-columns-is-layout-9d6595d7 wp-block-columns-is-layout-flex\">\n<div class=\"wp-block-column is-layout-flow wp-block-column-is-layout-flow\">\n<p class=\"has-white-color has-text-color\">Sipas nj\u00eb shprehje t\u00eb vjet\u00ebr, e cila thot\u00eb: \u201cN\u00eb jet\u00eb, nj\u00eb mashkull duhet t\u00eb nd\u00ebrtoj\u00eb nj\u00eb sht\u00ebpi, t\u00eb mbjell\u00eb nj\u00eb pem\u00eb dhe t\u00eb b\u00ebj\u00eb nj\u00eb f\u00ebmij\u00eb.\u201d Dy detyrat e para jan\u00eb relativisht t\u00eb lehta p\u00ebr tu realizuar. B\u00ebrja e nj\u00eb f\u00ebmije, \u00ebsht\u00eb nj\u00eb \u00ebnd\u00ebrr q\u00eb shum\u00eb e m\u00eb shum\u00eb meshkuj po hasin v\u00ebshtir\u00ebsi deri n\u00eb pamund\u00ebsi p\u00ebr t\u00eb realizuar.<\/p>\n<\/div>\n\n\n\n<div class=\"wp-block-column is-layout-flow wp-block-column-is-layout-flow\">\n<p class=\"has-white-color has-text-color\">P\u00ebr arsye t\u00eb ndryshme, gjithnj\u00eb e m\u00eb pak f\u00ebmij\u00eb po lindin n\u00eb mbar\u00eb bot\u00ebn. Aktualisht 10-15% e t\u00eb gjitha \u00e7ifteve n\u00eb bot\u00eb nuk mund t\u00eb bejn\u00eb f\u00ebmij\u00eb, pavar\u00ebsisht d\u00ebshir\u00ebs s\u00eb tyre. Shkaktar\u00ebt e infertilitetit jan\u00eb t\u00eb shp\u00ebrndar\u00eb n\u00eb m\u00ebnyr\u00eb t\u00eb barabart\u00eb n\u00eb femra (faktori fem\u00ebr) dhe meshkuj (faktori mashkull), d.m.th. 50:50, nj\u00eb kombinim i t\u00eb dy faktor\u00ebve.<\/p>\n<\/div>\n<\/div>\n\n\n\n<div style=\"height:50px\" aria-hidden=\"true\" class=\"wp-block-spacer\"><\/div>\n\n\n\n\n\n<div id=\"anchorlink-block_5cefe35a244e7\" class=\"anchorlink light \">\n            <a href=\"#section2\" data-smooth-scroll data-animation-duration=\"750\" data-animation-easing=\"swing\" data-offset=\"-23\"><i class=\"material-icons pro-pulse\">expand_more<\/i><\/a>\n    <\/div><\/div><\/div>\n\n\n\n<div id=\"section2\" class=\"wp-block-group window-height center\"><div class=\"wp-block-group__inner-container is-layout-flow wp-block-group-is-layout-flow\">\n<div style=\"height:50px\" aria-hidden=\"true\" class=\"wp-block-spacer\"><\/div>\n\n\n\n<h2 class=\"has-text-align-center wp-block-heading\"><span class=\"has-red-color\">\u00abFAKTORI MASHKULL\u00bb<\/span><br><span class=\"has-light-grey-color\">PROFERTIL\u00ae <\/span>MUND T&#8217;JU NDIHMOJ\u00cb<\/h2>\n\n\n\n<div style=\"height:50px\" aria-hidden=\"true\" class=\"wp-block-spacer\"><\/div>\n\n\n\n<div class=\"wp-block-columns has-2-columns is-layout-flex wp-container-core-columns-is-layout-9d6595d7 wp-block-columns-is-layout-flex\">\n<div class=\"wp-block-column is-layout-flow wp-block-column-is-layout-flow\">\n<p>N\u00eb 40-90% t\u00eb rasteve, shkaku i infertilitetit tek meshkujt \u00ebsht\u00eb prodhimi i pamjaftuesh\u00ebm i sperm\u00ebs. Studimet kan\u00eb treguar nj\u00eb r\u00ebnie t\u00eb dukshme prej 58% n\u00eb sasin\u00eb normale t\u00eb sperm\u00ebs s\u00eb prodhuar gjat\u00eb 50 viteve t\u00eb fundit.<sup>1,2<\/sup><\/p>\n\n\n\n<p>Nj\u00eb analiz\u00eb e m\u00eb shum\u00eb se 100 studimeve t\u00eb publikuara tregojn\u00eb nj\u00eb tendenc\u00eb sinjifikative t\u00eb zvog\u00eblimit t\u00eb dend\u00ebsis\u00eb s\u00eb sperm\u00ebs gjat\u00eb 60 viteve t\u00eb fundit, ve\u00e7an\u00ebrisht n\u00eb SHBA dhe Europ\u00eb\/Australi (-1-3% \u00e7do vit). <sup>3,4<\/sup><\/p>\n<\/div>\n\n\n\n<div class=\"wp-block-column is-layout-flow wp-block-column-is-layout-flow\">\n<p>Nd\u00ebrsa ka mund\u00ebsi t\u00eb shumta t\u00eb trajtimit mjek\u00ebsor p\u00ebr femrat, fekondimi in vitro (IVF) nj\u00eb shembull, mund\u00ebsit\u00eb n\u00eb dispozicion p\u00ebr meshkujt, p\u00ebr t\u00eb p\u00ebrmir\u00ebsuar faktorin e tyre vendimtar &#8211; cil\u00ebsin\u00eb e sperm\u00ebs &#8211; jan\u00eb shum\u00eb t\u00eb kufizuara.<\/p>\n<\/div>\n<\/div>\n\n\n\n<div style=\"height:50px\" aria-hidden=\"true\" class=\"wp-block-spacer\"><\/div>\n\n\n\n<p><em><sup>1<\/sup>&nbsp;Imhof M., Matthai C., Huber J.C. Einsatz von Profertil<sup>\u00ae<\/sup>&nbsp;zur Therapie des \u201emale factors\u201c und Verbesserung des Spermiogramms; Gyn-Aktiv 2007;2:68.<br><sup>2<\/sup>&nbsp;Sinclair S. Male infertility: nutritional and environmental considerations; Altern Med Rev 2000; 5(1):28-38.<br><sup>3<\/sup>&nbsp;S\u00ebeen S.H., Elkin E.P., Fenster L. The question of declining sperm density revisited: An analysis of 101 studies published 1934-1996; Environmental Health Perspectives 2000; 108 (10).<br><sup>4<\/sup>&nbsp;Carlsen E., Gi\u00ebercman A., Keiding N., Skakkebaek N. Evidence for decreasing quality of semen during past 50 years; Br Med J 1992; 305:609-61<\/em><\/p>\n\n\n\n<div style=\"height:50px\" aria-hidden=\"true\" class=\"wp-block-spacer\"><\/div>\n\n\n\n\n\n<div id=\"anchorlink-block_5cefe6de244e8\" class=\"anchorlink dark \">\n            <a href=\"#section3\" data-smooth-scroll data-animation-duration=\"750\" data-animation-easing=\"swing\" data-offset=\"-23\"><i class=\"material-icons pro-pulse\">expand_more<\/i><\/a>\n    <\/div><\/div><\/div>\n\n\n\n<p><\/p>\n","protected":false},"excerpt":{"rendered":"<p>\u00c7FAR\u00cb DUHET T\u00cb B\u00cbJ\u00cb NJ\u00cb MASHKULL? Sipas nj\u00eb shprehje t\u00eb vjet\u00ebr, e cila thot\u00eb: \u201cN\u00eb jet\u00eb, nj\u00eb mashkull duhet t\u00eb nd\u00ebrtoj\u00eb nj\u00eb sht\u00ebpi, t\u00eb mbjell\u00eb nj\u00eb pem\u00eb dhe t\u00eb b\u00ebj\u00eb nj\u00eb f\u00ebmij\u00eb.\u201d Dy detyrat e para jan\u00eb relativisht t\u00eb lehta p\u00ebr tu realizuar. B\u00ebrja e nj\u00eb f\u00ebmije, \u00ebsht\u00eb nj\u00eb \u00ebnd\u00ebrr q\u00eb shum\u00eb e m\u00eb shum\u00eb<a class=\"excerpt-read-more\" href=\"https:\/\/profertil.mk\/al\/infertility\/the-male-factor\/\" title=\"ReadFaktori Mashkull\">&#8230; Read more &raquo;<\/a><\/p>\n","protected":false},"author":11,"featured_media":0,"parent":1388,"menu_order":1,"comment_status":"closed","ping_status":"closed","template":"template-full-width-no-title.php","meta":{"_acf_changed":false,"footnotes":""},"categories":[],"tags":[],"class_list":["post-1390","page","type-page","status-publish","hentry"],"acf":[],"_links":{"self":[{"href":"https:\/\/profertil.mk\/al\/wp-json\/wp\/v2\/pages\/1390","targetHints":{"allow":["GET"]}}],"collection":[{"href":"https:\/\/profertil.mk\/al\/wp-json\/wp\/v2\/pages"}],"about":[{"href":"https:\/\/profertil.mk\/al\/wp-json\/wp\/v2\/types\/page"}],"author":[{"embeddable":true,"href":"https:\/\/profertil.mk\/al\/wp-json\/wp\/v2\/users\/11"}],"replies":[{"embeddable":true,"href":"https:\/\/profertil.mk\/al\/wp-json\/wp\/v2\/comments?post=1390"}],"version-history":[{"count":25,"href":"https:\/\/profertil.mk\/al\/wp-json\/wp\/v2\/pages\/1390\/revisions"}],"predecessor-version":[{"id":6388,"href":"https:\/\/profertil.mk\/al\/wp-json\/wp\/v2\/pages\/1390\/revisions\/6388"}],"up":[{"embeddable":true,"href":"https:\/\/profertil.mk\/al\/wp-json\/wp\/v2\/pages\/1388"}],"wp:attachment":[{"href":"https:\/\/profertil.mk\/al\/wp-json\/wp\/v2\/media?parent=1390"}],"wp:term":[{"taxonomy":"category","embeddable":true,"href":"https:\/\/profertil.mk\/al\/wp-json\/wp\/v2\/categories?post=1390"},{"taxonomy":"post_tag","embeddable":true,"href":"https:\/\/profertil.mk\/al\/wp-json\/wp\/v2\/tags?post=1390"}],"curies":[{"name":"wp","href":"https:\/\/api.w.org\/{rel}","templated":true}]}}