{"id":1378,"date":"2019-06-11T12:15:04","date_gmt":"2019-06-11T12:15:04","guid":{"rendered":"http:\/\/profertil.local\/?page_id=1378"},"modified":"2022-03-21T14:24:59","modified_gmt":"2022-03-21T13:24:59","slug":"privacy-policy","status":"publish","type":"page","link":"https:\/\/profertil.mk\/al\/privacy-policy\/","title":{"rendered":"Politikat e privat\u00ebsis\u00eb"},"content":{"rendered":"\n<p><strong>Goodwill Pharma Sh.p.k<\/strong><strong>&nbsp;<\/strong>mbledh dhe p\u00ebrpunon t\u00eb dh\u00ebnat personale t\u00eb klient\u00ebve t\u00eb saj n\u00eb p\u00ebrmbushje t\u00eb t\u00eb drejtave dhe detyrimeve t\u00eb saj ligjore dhe kontraktuale dhe n\u00eb p\u00ebrputhje t\u00eb plot\u00eb me Ligjin Nr.9887, dat\u00eb 10.3.2008, \u00ab P\u00ebr mbrojtjen e t\u00eb dh\u00ebnave personale \u00bb (t\u00eb ndryshuar). N\u00eb kuad\u00ebr t\u00eb p\u00ebrdorimit t\u00eb faqes zyrtare t\u00eb internetit www.profertil.al, Goodwill Pharma Sh.p.k mund t\u00eb mbledh\u00eb n\u00eb m\u00ebnyr\u00eb direkte t\u00eb dh\u00ebna personale n\u00ebp\u00ebrmjet plot\u00ebsimit t\u00eb formular\u00ebve p\u00ebr k\u00ebrkesa online ndaj Goodwill Pharma Sh.p.kt\u00eb cilat regjistrohen n\u00eb sistemet e saj apo t\u00eb ofruesve t\u00eb sh\u00ebrbimit t\u00eb autorizuar prej saj. Plot\u00ebsimi i k\u00ebtyre t\u00eb dh\u00ebnave \u00ebsht\u00eb vullnetar.<\/p>\n\n\n\n<p><strong>Goodwill Pharma Sh.p.k&nbsp;<\/strong>siguron subjektet e t\u00eb dh\u00ebnave personale se t\u00eb dh\u00ebnat e tyre mblidhen dhe p\u00ebrpunohen vet\u00ebm p\u00ebr q\u00ebllime t\u00eb realizimit t\u00eb marr\u00ebdh\u00ebnies kontraktore dhe informative. Duke p\u00ebrdorur portalin dhe\/ose duke duke dh\u00ebn\u00eb miratimin p\u00ebr regjistrimin\/kontakt, subjektet e t\u00eb dh\u00ebnave japin p\u00eblqimin p\u00ebr procesimin e m\u00ebtejsh\u00ebm t\u00eb tyre si dhe garantojn\u00eb q\u00eb t\u00eb dh\u00ebnat personale t\u00eb plot\u00ebsuara jan\u00eb t\u00eb sakta, t\u00eb v\u00ebrteta dhe t\u00eb p\u00ebrdit\u00ebsuara. P\u00ebr m\u00eb tep\u00ebr, subjekti i t\u00eb dh\u00ebnave personale \u00ebsht\u00eb p\u00ebrgjegj\u00ebs p\u00ebr p\u00ebrdit\u00ebsimin e t\u00eb dh\u00ebnave t\u00eb regjistruara p\u00ebr t\u00eb siguruar q\u00eb informacioni \u00ebsht\u00eb p\u00ebrdit\u00ebsuar vazhdimisht dhe n\u00eb m\u00ebnyr\u00eb t\u00eb plot\u00eb. Subjektet e t\u00eb dh\u00ebnave personale kan\u00eb t\u00eb drejt\u00eb t\u00eb k\u00ebrkojn\u00eb akses n\u00eb t\u00eb dh\u00ebnat e tyre si dhe t\u00eb k\u00ebrkojn\u00eb q\u00eb k\u00ebto t\u00eb dh\u00ebna t\u00eb korrigjohen apo t\u00eb p\u00ebrdit\u00ebsohen n\u00eb p\u00ebrputhje me k\u00ebrkesat e nenit 13 dhe 18 t\u00eb Ligjit 9887 dat\u00eb 10.3.2008 \u00ab P\u00ebr mbrojtjen e t\u00eb dh\u00ebnave personale \u00bb.<\/p>\n\n\n\n<p><strong>Goodwill Pharma Sh.p.k&nbsp;<\/strong>garanton se ka marr\u00eb t\u00eb gjitha masat fizike, teknike dhe operacionale p\u00ebr ruajtjen e konfidencialitetit si dhe mbrojtjen nga humbja, shkat\u00ebrrimi, d\u00ebmtimi apo edhe shp\u00ebrndarja e pautorizuar, n\u00eb p\u00ebrputhje me k\u00ebrkesat e Ligjit Nr.9887, dat\u00eb 10.3.2008, \u00ab P\u00ebr mbrojtjen e t\u00eb dh\u00ebnave personale \u00bb (i ndryshuar). T\u00eb dh\u00ebnat personale, t\u00eb mbledhura dhe t\u00eb ruajtura n\u00eb databaza t\u00eb&nbsp;<strong>Goodwill Pharma Sh.p.k<\/strong>, do t\u00eb p\u00ebrpunohen nga punonj\u00ebsit dhe\/ose bashk\u00ebpun\u00ebtor\u00ebt e kontrolluesit t\u00eb t\u00eb dh\u00ebnave ose t\u00eb atyre personave t\u00eb ngarkuar me p\u00ebrpunimin. K\u00ebto t\u00eb dh\u00ebna nuk do t\u00eb transferohen ose komunikohen te pal\u00ebt t\u00eb treta, p\u00ebrve\u00e7 rasteve kur \u00ebsht\u00eb dh\u00ebn\u00eb p\u00eblqimi ose kur ky informacion k\u00ebrkohet nga organet kompetente sipas ligjit. Subjektet e t\u00eb dh\u00ebnave kan\u00eb t\u00eb drejt\u00ebn e refuzimit t\u00eb p\u00eblqimit n\u00eb \u00e7do koh\u00eb p\u00ebr grumbullimin dhe p\u00ebrdorimin e t\u00eb dh\u00ebnave t\u00eb tyre t\u00eb njoftuara vullnetarisht si dhe t\u00eb k\u00ebrkojn\u00eb fshirjen e k\u00ebtyre t\u00eb dh\u00ebnave duke ushtruar t\u00eb drejt\u00ebn e zgjidhjes s\u00eb kontrat\u00ebs s\u00eb lidhur mes pal\u00ebve. Duke u njohur me p\u00ebrmbajtjen e k\u00ebsaj rubrike, subjektet e t\u00eb dh\u00ebnave kan\u00eb pranuar kushtet dhe termat n\u00eb lidhje me politikat e privat\u00ebsis\u00eb t\u00eb&nbsp;<strong>Goodwill Pharma Sh.p.k .<\/strong><\/p>\n\n\n\n<p><strong>Politika e privat\u00ebsis\u00eb se rekrutimi<\/strong><strong>t<\/strong><\/p>\n\n\n\n<p>Politika e mbrojtjes s\u00eb t\u00eb dh\u00ebnave personale gjat\u00eb procesit t\u00eb pun\u00ebsimit. Kjo Politik\u00eb ju informon sesi&nbsp;<strong>Goodwill Pharma Sh.p.k&nbsp;<\/strong>mbledh dhe p\u00ebrdor t\u00eb dh\u00ebnat tuaja personale q\u00eb mund t\u00eb d\u00ebrgohen online, p\u00ebrmes post\u00ebs apo dorazi, me q\u00ebllim pun\u00ebsimin pran\u00eb k\u00ebsaj shoq\u00ebrie, n\u00eb p\u00ebrputhje me kuadrin ligjor dhe rregullator p\u00ebr mbrojtjen e t\u00eb dh\u00ebnave personale n\u00eb Republik\u00ebn e Shqip\u00ebris\u00eb. Dh\u00ebnia e informacionit tuaj personal me q\u00ebllim pun\u00ebsimin apo gjat\u00eb procesit t\u00eb aplikimit p\u00ebr pun\u00ebsim \u00ebsht\u00eb konfirmim i p\u00eblqimit tuaj p\u00ebr mbledhjen e k\u00ebtij informacioni nga&nbsp;<strong>Goodwill Pharma Sh.p.k<\/strong> dhe p\u00ebrdorimin, shp\u00ebrndarjen, ruajtjen apo ndarjen e tij me pal\u00eb t\u00eb treta, si\u00e7 specifikohet n\u00eb k\u00ebt\u00eb politik\u00eb dhe n\u00eb legjislacionin shqiptar n\u00eb fuqi.<br><strong>Goodwill Pharma Sh.p.k&nbsp;<\/strong>(m\u00eb posht\u00eb referuar shkurtimisht si &#8220;<strong> Profertil<\/strong> &#8220;) \u00ebsht\u00eb nj\u00eb shoq\u00ebri me p\u00ebrgjegj\u00ebsi t\u00eb kufizuar e regjistruar pran\u00eb Qendr\u00ebs Komb\u00ebtare t\u00eb Biznesit.<\/p>\n\n\n\n<p><strong>Mbledhja e t\u00eb dh\u00ebnave personale<\/strong><\/p>\n\n\n\n<p>Gjat\u00eb proceseve t\u00eb ndryshme q\u00eb kan\u00eb t\u00eb b\u00ebjn\u00eb me pun\u00ebsimin, kur ju kontaktoheni nga&nbsp;<strong>Profertil<\/strong> apo edhe kur ju vet\u00eb kontaktoni kompanin\u00eb p\u00ebr t\u00eb prezantuar kualifikimet tuaja apo preferencat n\u00eb lidhje me nj\u00eb pozicion p\u00ebr t\u00eb cilin doni t\u00eb aplikoni, mund t\u2019ju k\u00ebrkohet t\u00eb jepni t\u00eb dh\u00ebna personale. P\u00ebr m\u00eb tep\u00ebr ju mund t\u00eb jepni edhe informacion shtes\u00eb n\u00eb form\u00ebn e CV\/jet\u00ebshkrimi-t, referenca nga pun\u00ebsime t\u00eb m\u00ebparshme apo k\u00ebrkesa p\u00ebr nj\u00eb pag\u00eb t\u00eb caktuar. Bazuar n\u00eb referencat tuaja&nbsp;<strong>Profertil<\/strong> nuk p\u00ebrpunon t\u00eb dh\u00ebna sensitive, e p\u00ebrcaktuar kjo n\u00eb baz\u00eb t\u00eb nenit 3 t\u00eb Ligjit Nr. 9887, i dat\u00ebs 10.03.2008 \u201cP\u00ebr Mbrojtjen e t\u00eb Dh\u00ebnave Personale\u201d.<\/p>\n\n\n\n<p>T\u00eb dh\u00ebnat personale q\u00eb ju jepni gjat\u00eb procesit t\u00eb pun\u00ebsimit, b\u00ebhen duke respektuar vullnetin tuaj t\u00eb lir\u00eb dhe vet\u00ebm ju jeni ata q\u00eb p\u00ebrcaktoni mas\u00ebn e t\u00eb dh\u00ebnave q\u00eb vendosni t\u2019i siguroni&nbsp;<strong>Profertil<\/strong> Megjithat\u00eb duhet t\u00eb merrni n\u00eb konsiderat\u00eb se n\u00ebse ju nuk jepni informacionin dhe\/ose t\u00eb dh\u00ebnat personale t\u00eb k\u00ebrkuara apo nj\u00eb pjes\u00eb t\u00eb tyre, kjo mund t\u00eb ndikoj\u00eb n\u00eb mund\u00ebsin\u00eb e&nbsp;<strong>Profertil<\/strong> p\u00ebr t\u00eb kryer vler\u00ebsimin e plot\u00eb t\u00eb profilit tuaj dhe p\u00ebr rrjedhoj\u00eb t\u00eb ndikoj\u00eb edhe n\u00eb vendimmarrjen lidhur me pun\u00ebsimin tuaj.<\/p>\n\n\n\n<p><strong>P\u00ebrdorimi i t\u00eb dh\u00ebnave personale<\/strong><\/p>\n\n\n\n<p>Informacioni q\u00eb ju dor\u00ebzoni tek&nbsp;<strong>Profertil<\/strong> gjat\u00eb procesit t\u00eb pun\u00ebsimit mund t\u00eb p\u00ebrdoret p\u00ebr t\u2019ju kontaktuar dhe komunikuar me ju si dhe p\u00ebr administrimin n\u00eb p\u00ebrgjith\u00ebsi t\u00eb t\u00eb gjith\u00eb procesit, n\u00eb p\u00ebrputhje me kuadrin ligjor dhe rregullator, si dhe politikat e brendshme t\u00eb&nbsp;<strong>Profertil.<\/strong><\/p>\n\n\n\n<p><strong>Profertil<\/strong> mund t\u00eb p\u00ebrdor\u00eb t\u00eb dh\u00ebnat tuaja personale, s\u00eb brendshmi dhe\/ose ti ndaj\u00eb ato me ofruesit e sh\u00ebrbimeve dhe pal\u00eb t\u00eb tjera t\u00eb treta sipas nevoj\u00ebs q\u00eb lindin gjat\u00eb proceseve t\u00eb ndryshme q\u00eb kan\u00eb lidhje me pun\u00ebsimin, n\u00eb p\u00ebrputhje me politikat e brendshme t\u00eb&nbsp;<strong>Profertil<\/strong> dhe kuadrin ligjor dhe rregullator n\u00eb Republik\u00ebn e Shqip\u00ebris\u00eb.&nbsp;<strong>Profertil<\/strong> u k\u00ebrkon pal\u00ebve t\u00eb treta t\u00eb mbajn\u00eb konfidenciale k\u00ebto t\u00eb dh\u00ebna dhe t\u2019i p\u00ebrdorin ato vet\u00ebm p\u00ebr q\u00ebllimin specifik p\u00ebr t\u00eb cilin u \u00ebsht\u00eb dh\u00ebn\u00eb ky informacion.&nbsp;<strong>Profertil<\/strong> do t\u00eb ruaj\u00eb k\u00ebto t\u00eb dh\u00ebna p\u00ebr 24 muaj nga data e dor\u00ebzimit t\u00eb tyre ose p\u00ebrdit\u00ebsimit t\u00eb fundit t\u00eb kryer prej jush. 12 muaj mbas dor\u00ebzimit ose p\u00ebrdit\u00ebsimit, t\u00eb dh\u00ebnat do t\u00eb shkat\u00ebrrohen dhe nuk do t\u00eb jen\u00eb t\u00eb aksesueshme.<\/p>\n\n\n\n<p>N\u00ebse jeni t\u00eb suksessh\u00ebm gjat\u00eb procesit t\u00eb pun\u00ebsimit dhe b\u00ebheni punonj\u00ebs i&nbsp;<strong>Profertil<\/strong> t\u00eb dh\u00ebnat tuaja personale do t\u00eb jen\u00eb pjes\u00eb e dosjes suaj t\u00eb mbajtur nga pun\u00ebmarr\u00ebsi dhe mund t\u00eb p\u00ebrdoren p\u00ebr q\u00ebllime t\u00eb lidhura me pun\u00ebsimin ose pun\u00ebn.<\/p>\n\n\n\n<p><strong>Siguria dhe Konfidencialiteti<\/strong><\/p>\n\n\n\n<p>P\u00ebrve\u00e7 rasteve kur parashikohet ndryshe n\u00eb k\u00ebt\u00eb politik\u00eb ose si\u00e7 mund t\u00eb k\u00ebrkohet p\u00ebr q\u00ebllime ligjore ose rregullatore,&nbsp;<strong>Profertil<\/strong> do t\u00eb trajtoj\u00eb t\u00eb dh\u00ebnat tuaja personale si konfidenciale dhe nuk do t\u2019i p\u00ebrhap\u00eb ato te pal\u00ebt e treta pa p\u00eblqimin tuaj.&nbsp;<strong>Profertil<\/strong> mban marr\u00ebdh\u00ebnie dhe bashk\u00ebpunon vet\u00ebm me ofrues sh\u00ebrbimesh q\u00eb marrin masa apo kryejn\u00eb kontrolle t\u00eb arsyeshme administrative, teknike dhe fizike p\u00ebr t\u00eb ruajtur konfidencialitetin dhe sigurin\u00eb e t\u00eb dh\u00ebnave tuaja personale. Pun\u00ebmarr\u00ebsit e&nbsp;<strong>Profertil<\/strong> t\u00eb cil\u00ebt mund t\u00eb ken\u00eb akses n\u00eb t\u00eb dh\u00ebna personale kan\u00eb marr\u00eb p\u00ebrsip\u00ebr t\u00eb ruajn\u00eb k\u00ebt\u00eb informacion konfidencial.&nbsp;<strong>Profertil<\/strong> p\u00ebrdor politika sigurie n\u00eb ambientet dhe sistemet e veta kompjuterike p\u00ebr t\u00eb mbik\u00ebqyrur dhe ruajtur sigurin\u00eb. \u00c7do mbik\u00ebqyrje kryhet n\u00eb p\u00ebrputhje me legjislacionin e zbatuesh\u00ebm.<\/p>\n\n\n\n<p><strong>Ruajtja dhe aksesi<\/strong><\/p>\n\n\n\n<p><strong>Profertil<\/strong> do t\u00eb ruaj\u00eb t\u00eb dh\u00ebnat tuaja personale p\u00ebr t\u2019ju marr\u00eb n\u00eb konsiderat\u00eb p\u00ebr mund\u00ebsi t\u00eb tjera pun\u00ebsimi q\u00eb mund t\u00eb happen n\u00eb t\u00eb ardhmen. N\u00eb mas\u00ebn q\u00eb lejohet nga ligji,&nbsp;<strong>Profertil<\/strong> mund t\u00eb fshij\u00eb t\u00eb dh\u00ebna n\u00eb \u00e7do koh\u00eb dhe ju duhet t\u00eb ruani nj\u00eb kopje t\u00eb informacionit tuaj t\u00eb depozituar pran\u00eb nesh. Ju mund t\u00eb keni akses dhe t\u00eb korrigjoni t\u00eb dh\u00ebnat tuaja personale duke na shkruar n\u00eb adres\u00ebn elektronike ose postare t\u00eb p\u00ebrcaktuar m\u00eb posht\u00eb n\u00eb k\u00ebt\u00eb politik\u00eb.<\/p>\n\n\n\n<p><strong>P\u00ebrgjegj\u00ebsit\u00eb tuaja<\/strong><\/p>\n\n\n\n<p>Ju jeni p\u00ebrgjegj\u00ebs p\u00ebr informacionin q\u00eb i jepni&nbsp;<strong>Profertil<\/strong> dhe duhet t\u00eb siguroheni q\u00eb ky informacion \u00ebsht\u00eb i v\u00ebrtet\u00eb. Ju duhet t\u00eb siguroheni q\u00eb ky informacion nuk p\u00ebrmban materiale q\u00eb shkelin t\u00eb drejta t\u00eb pal\u00ebve t\u00eb treta dhe q\u00eb \u00ebsht\u00eb n\u00eb p\u00ebrputhje t\u00eb plot\u00eb me ligjin dhe nuk mund t\u00eb jet\u00eb objekt i pretendimeve ligjore. P\u00ebr m\u00eb tep\u00ebr, n\u00ebse jepni informacione q\u00eb kan\u00eb t\u00eb b\u00ebjn\u00eb me persona t\u00eb tjer\u00eb, si p.sh individ\u00eb q\u00eb mund t\u00eb jen\u00eb referenca juaj, ju jeni p\u00ebrgjegj\u00ebs p\u00ebr t\u2019i njoftuar ata\/ato paraprakisht dhe t\u00eb merrni t\u00eb gjitha p\u00eblqimet e nevojshme n\u00eb m\u00ebnyr\u00eb q\u00eb&nbsp;<strong>Profertil<\/strong> t\u00eb mbledh\u00eb dhe t\u00eb p\u00ebrdor\u00eb t\u00eb dh\u00ebnat e p\u00ebrshkruara n\u00eb k\u00ebt\u00eb politik\u00eb.<\/p>\n\n\n\n<p><strong>E p\u00ebrgjithshme<\/strong><\/p>\n\n\n\n<p><strong>Profertil<\/strong> mund t\u2019a p\u00ebrdit\u00ebsoj\u00eb k\u00ebt\u00eb politik\u00eb her\u00eb pas here dhe versioni n\u00eb fuqi do t\u00eb jet\u00eb gjithmon\u00eb online. N\u00ebse do t\u00eb keni pyetje, ankesa apo k\u00ebrkesa lidhur me k\u00ebt\u00eb politike ose zbatimin e saj, si dhe d\u00ebshironi t\u00eb korrigjoni t\u00eb dh\u00ebnat tuaja, ju lutemi t\u00eb na shkruani online n\u00eb adres\u00ebn:&nbsp;<a href=\"mailto:info@trimed.com.al\">info@trimed.com.al<\/a> <a href=\"mailto:hr@farmavitta.al\"><\/a>.<\/p>\n\n\n\n<p>Kjo Politik\u00eb e Privat\u00ebsis\u00eb s\u00eb Pun\u00ebsimit hyn n\u00eb fuqi n\u00eb dat\u00ebn e publikimit t\u00eb saj n\u00eb faqen zyrtare t\u00eb webit t\u00eb&nbsp;<strong>Profertil<\/strong>.<\/p>\n","protected":false},"excerpt":{"rendered":"<p>Goodwill Pharma Sh.p.k&nbsp;mbledh dhe p\u00ebrpunon t\u00eb dh\u00ebnat personale t\u00eb klient\u00ebve t\u00eb saj n\u00eb p\u00ebrmbushje t\u00eb t\u00eb drejtave dhe detyrimeve t\u00eb saj ligjore dhe kontraktuale dhe n\u00eb p\u00ebrputhje t\u00eb plot\u00eb me Ligjin Nr.9887, dat\u00eb 10.3.2008, \u00ab P\u00ebr mbrojtjen e t\u00eb dh\u00ebnave personale \u00bb (t\u00eb ndryshuar). N\u00eb kuad\u00ebr t\u00eb p\u00ebrdorimit t\u00eb faqes zyrtare t\u00eb internetit www.profertil.al, Goodwill<a class=\"excerpt-read-more\" href=\"https:\/\/profertil.mk\/al\/privacy-policy\/\" title=\"ReadPolitikat e privat\u00ebsis\u00eb\">&#8230; Read more &raquo;<\/a><\/p>\n","protected":false},"author":11,"featured_media":0,"parent":0,"menu_order":0,"comment_status":"closed","ping_status":"closed","template":"","meta":{"_acf_changed":false,"footnotes":""},"categories":[],"tags":[],"class_list":["post-1378","page","type-page","status-publish","hentry"],"acf":[],"_links":{"self":[{"href":"https:\/\/profertil.mk\/al\/wp-json\/wp\/v2\/pages\/1378","targetHints":{"allow":["GET"]}}],"collection":[{"href":"https:\/\/profertil.mk\/al\/wp-json\/wp\/v2\/pages"}],"about":[{"href":"https:\/\/profertil.mk\/al\/wp-json\/wp\/v2\/types\/page"}],"author":[{"embeddable":true,"href":"https:\/\/profertil.mk\/al\/wp-json\/wp\/v2\/users\/11"}],"replies":[{"embeddable":true,"href":"https:\/\/profertil.mk\/al\/wp-json\/wp\/v2\/comments?post=1378"}],"version-history":[{"count":5,"href":"https:\/\/profertil.mk\/al\/wp-json\/wp\/v2\/pages\/1378\/revisions"}],"predecessor-version":[{"id":6305,"href":"https:\/\/profertil.mk\/al\/wp-json\/wp\/v2\/pages\/1378\/revisions\/6305"}],"wp:attachment":[{"href":"https:\/\/profertil.mk\/al\/wp-json\/wp\/v2\/media?parent=1378"}],"wp:term":[{"taxonomy":"category","embeddable":true,"href":"https:\/\/profertil.mk\/al\/wp-json\/wp\/v2\/categories?post=1378"},{"taxonomy":"post_tag","embeddable":true,"href":"https:\/\/profertil.mk\/al\/wp-json\/wp\/v2\/tags?post=1378"}],"curies":[{"name":"wp","href":"https:\/\/api.w.org\/{rel}","templated":true}]}}