{"id":1376,"date":"2019-06-11T12:13:41","date_gmt":"2019-06-11T12:13:41","guid":{"rendered":"http:\/\/profertil.local\/?page_id=1376"},"modified":"2022-02-16T13:31:02","modified_gmt":"2022-02-16T12:31:02","slug":"imprint","status":"publish","type":"page","link":"https:\/\/profertil.mk\/al\/imprint\/","title":{"rendered":"Imprint"},"content":{"rendered":"\n<p>Trimed Healthcare, Tiran\u00eb, Albania<\/p>\n\n\n\n<p>Adresa:&nbsp;<em>Autostrada Tiran\u00eb-Durr\u00ebs, km.10<\/em><\/p>\n\n\n\n<p><em>Kashar, Tiran\u00eb<\/em><\/p>\n\n\n\n<p><em>Tiran\u00eb&nbsp;1051&nbsp;Albania<\/em><\/p>\n\n\n\n<p>Email:\u00a0<a href=\"mailto:trimed@trimed.com.al\">info@trimed.com.al<\/a><\/p>\n\n\n\n<p>Nr. cel: +355 69 20 92 3297<\/p>\n","protected":false},"excerpt":{"rendered":"<p>Trimed Healthcare, Tiran\u00eb, Albania Adresa:&nbsp;Autostrada Tiran\u00eb-Durr\u00ebs, km.10 Kashar, Tiran\u00eb Tiran\u00eb&nbsp;1051&nbsp;Albania Email:\u00a0info@trimed.com.al Nr. cel: +355 69 20 92 3297<\/p>\n","protected":false},"author":11,"featured_media":0,"parent":0,"menu_order":0,"comment_status":"closed","ping_status":"closed","template":"","meta":{"_acf_changed":false,"footnotes":""},"categories":[],"tags":[],"class_list":["post-1376","page","type-page","status-publish","hentry"],"acf":[],"_links":{"self":[{"href":"https:\/\/profertil.mk\/al\/wp-json\/wp\/v2\/pages\/1376","targetHints":{"allow":["GET"]}}],"collection":[{"href":"https:\/\/profertil.mk\/al\/wp-json\/wp\/v2\/pages"}],"about":[{"href":"https:\/\/profertil.mk\/al\/wp-json\/wp\/v2\/types\/page"}],"author":[{"embeddable":true,"href":"https:\/\/profertil.mk\/al\/wp-json\/wp\/v2\/users\/11"}],"replies":[{"embeddable":true,"href":"https:\/\/profertil.mk\/al\/wp-json\/wp\/v2\/comments?post=1376"}],"version-history":[{"count":4,"href":"https:\/\/profertil.mk\/al\/wp-json\/wp\/v2\/pages\/1376\/revisions"}],"predecessor-version":[{"id":6300,"href":"https:\/\/profertil.mk\/al\/wp-json\/wp\/v2\/pages\/1376\/revisions\/6300"}],"wp:attachment":[{"href":"https:\/\/profertil.mk\/al\/wp-json\/wp\/v2\/media?parent=1376"}],"wp:term":[{"taxonomy":"category","embeddable":true,"href":"https:\/\/profertil.mk\/al\/wp-json\/wp\/v2\/categories?post=1376"},{"taxonomy":"post_tag","embeddable":true,"href":"https:\/\/profertil.mk\/al\/wp-json\/wp\/v2\/tags?post=1376"}],"curies":[{"name":"wp","href":"https:\/\/api.w.org\/{rel}","templated":true}]}}