{"id":1361,"date":"2019-06-11T11:47:36","date_gmt":"2019-06-11T11:47:36","guid":{"rendered":"http:\/\/profertil.local\/?page_id=1361"},"modified":"2022-04-15T10:12:50","modified_gmt":"2022-04-15T08:12:50","slug":"doctors-opinions-on-profertil","status":"publish","type":"page","link":"https:\/\/profertil.mk\/al\/experience\/doctors-opinions-on-profertil\/","title":{"rendered":"\u00c7far\u00eb thon\u00eb mjek\u00ebt p\u00ebr PROFERTIL\u00ae"},"content":{"rendered":"\n<div class=\"wp-block-cover is-light alignfull\"><span aria-hidden=\"true\" class=\"has-background-dim-0 wp-block-cover__gradient-background has-background-dim\"><\/span><img fetchpriority=\"high\" decoding=\"async\" width=\"2048\" height=\"500\" class=\"wp-block-cover__image-background wp-image-1095\" alt=\"\" src=\"http:\/\/profertil.mk\/al\/wp-content\/uploads\/2019\/06\/aerzte-ueber-profertil.jpg\" style=\"object-position:71% 54%\" data-object-fit=\"cover\" data-object-position=\"71% 54%\" srcset=\"https:\/\/profertil.mk\/al\/wp-content\/uploads\/2019\/06\/aerzte-ueber-profertil.jpg 2048w, https:\/\/profertil.mk\/al\/wp-content\/uploads\/2019\/06\/aerzte-ueber-profertil-300x73.jpg 300w, https:\/\/profertil.mk\/al\/wp-content\/uploads\/2019\/06\/aerzte-ueber-profertil-768x188.jpg 768w, https:\/\/profertil.mk\/al\/wp-content\/uploads\/2019\/06\/aerzte-ueber-profertil-1024x250.jpg 1024w\" sizes=\"(max-width: 2048px) 100vw, 2048px\" \/><div class=\"wp-block-cover__inner-container is-layout-flow wp-block-cover-is-layout-flow\">\n<h1 class=\"wp-block-heading\"><span class=\"has-red-color\">OPINIONI I MJEK\u00cbVE <\/span> <br><span class=\"has-white-color\">P\u00cbR PROFERTIL\u00ae<\/span><\/h1>\n<\/div><\/div>\n\n\n\n<div class=\"wp-block-group alignfull has-blue-gradient-background-color has-background\" id=\"video\"><div class=\"wp-block-group__inner-container is-layout-flow wp-block-group-is-layout-flow\">\n<div style=\"height:50px\" aria-hidden=\"true\" class=\"wp-block-spacer\"><\/div>\n\n\n\n<div class=\"wp-block-columns has-2-columns is-layout-flex wp-container-core-columns-is-layout-9d6595d7 wp-block-columns-is-layout-flex\">\n<div class=\"wp-block-column is-vertically-aligned-center is-layout-flow wp-block-column-is-layout-flow\">\n<div class=\"wp-block-image\"><figure class=\"aligncenter size-large is-resized\"><a href=\"http:\/\/profertil.mk\/al\/experience\/fertility-experts-about-profertil\/\"><img decoding=\"async\" src=\"http:\/\/profertil.mk\/al\/wp-content\/uploads\/2020\/12\/doctors-video.png\" alt=\"\" class=\"wp-image-3663\" width=\"254\" height=\"254\" srcset=\"https:\/\/profertil.mk\/al\/wp-content\/uploads\/2020\/12\/doctors-video.png 508w, https:\/\/profertil.mk\/al\/wp-content\/uploads\/2020\/12\/doctors-video-300x300.png 300w, https:\/\/profertil.mk\/al\/wp-content\/uploads\/2020\/12\/doctors-video-150x150.png 150w, https:\/\/profertil.mk\/al\/wp-content\/uploads\/2020\/12\/doctors-video-125x125.png 125w\" sizes=\"(max-width: 254px) 100vw, 254px\" \/><\/a><\/figure><\/div>\n<\/div>\n\n\n\n<div class=\"wp-block-column is-vertically-aligned-center is-layout-flow wp-block-column-is-layout-flow\">\n<p class=\"has-white-color has-text-color\"><meta charset=\"utf-8\">Ekspert\u00ebt e Fertilitetit n\u00eb t\u00eb gjith\u00eb globin besojn\u00eb n\u00eb formulimin e bazuar n\u00eb d\u00ebshmi, t\u00eb patentuar t\u00eb PROFERTIL dhe efikasitetin e provuar klinikisht, por asgj\u00eb nuk \u00ebsht\u00eb m\u00eb bind\u00ebse sesa ta shihni se funksionon tek pacient\u00ebt e tyre. D\u00ebgjoni at\u00eb q\u00eb disa ekspert\u00eb kishin p\u00ebr t\u00eb th\u00ebn\u00eb koh\u00ebt e fundit n\u00eb lidhje me p\u00ebrvojat e tyre me PROFERTIL\u00ae<\/p>\n\n\n\n<div style=\"height:20px\" aria-hidden=\"true\" class=\"wp-block-spacer\"><\/div>\n\n\n\n<div class=\"wp-block-button aligncenter\"><a class=\"wp-block-button__link\" href=\"http:\/\/profertil.mk\/al\/experience\/fertility-experts-about-profertil\/\" style=\"border-radius:50px\">SHIKO VIDEON<\/a><\/div>\n<\/div>\n<\/div>\n\n\n\n<div style=\"height:50px\" aria-hidden=\"true\" class=\"wp-block-spacer\"><\/div>\n\n\n\n\n\n<div id=\"anchorlink-block_5f636d4928f28\" class=\"anchorlink light \">\n            <a href=\"#riedl\" data-smooth-scroll data-animation-duration=\"750\" data-animation-easing=\"swing\" data-offset=\"-23\"><i class=\"material-icons pro-pulse\">expand_more<\/i><\/a>\n    <\/div><\/div><\/div>\n\n\n\n<div class=\"wp-block-group alignfull has-red-gradient-background-color has-background\" id=\"riedl\"><div class=\"wp-block-group__inner-container is-layout-flow wp-block-group-is-layout-flow\">\n<div style=\"height:50px\" aria-hidden=\"true\" class=\"wp-block-spacer\"><\/div>\n\n\n\n<div class=\"wp-block-columns has-2-columns is-layout-flex wp-container-core-columns-is-layout-9d6595d7 wp-block-columns-is-layout-flex\">\n<div class=\"wp-block-column is-vertically-aligned-center is-layout-flow wp-block-column-is-layout-flow\">\n<div class=\"wp-block-image\"><figure class=\"aligncenter\"><img decoding=\"async\" width=\"254\" height=\"254\" src=\"http:\/\/profertil.eu\/wp-content\/uploads\/\/2019\/06\/claus-riedl.png\" alt=\"Facharzt f\u00fcr Urologie \/ Vorstand der Urologischen Abteilung, Landesklinikum Thermenregion Baden\" class=\"wp-image-1100\" srcset=\"https:\/\/profertil.mk\/al\/wp-content\/uploads\/2019\/06\/claus-riedl.png 254w, https:\/\/profertil.mk\/al\/wp-content\/uploads\/2019\/06\/claus-riedl-150x150.png 150w, https:\/\/profertil.mk\/al\/wp-content\/uploads\/2019\/06\/claus-riedl-125x125.png 125w\" sizes=\"(max-width: 254px) 100vw, 254px\" \/><\/figure><\/div>\n\n\n\n<p class=\"has-text-align-center has-white-color has-text-color\"><strong>Dr. Claus Riedl <\/strong><\/p>\n\n\n\n<p class=\"has-text-align-center has-white-color has-text-color has-small-font-size\"><em>Specialist in Urology \/ Director of the Urology Department at Landesklinikum Thermenregion Baden<\/em><\/p>\n<\/div>\n\n\n\n<div class=\"wp-block-column is-vertically-aligned-center is-layout-flow wp-block-column-is-layout-flow\">\n<p class=\"has-white-color has-text-color\">\u00abMe r\u00ebnd\u00ebsi t\u00eb ve\u00e7ant\u00eb \u00ebsht\u00eb tema e&#8221; d\u00ebmtimit t\u00eb ADN -s\u00eb n\u00eb qelizat e sperm\u00ebs &#8220;, e cila \u00ebsht\u00eb subjekt i shum\u00eb k\u00ebrkimeve aktuale. Edhe pse furnizimi me sperm\u00eb i nj\u00eb burri \u00ebsht\u00eb i pashtersh\u00ebm, cil\u00ebsia e sperm\u00ebs zvog\u00eblohet me mosh\u00ebn. Studimet kan\u00eb treguar se PROFERTIL\u00ae mbron sperm\u00ebn nga d\u00ebmtimi i materialit gjenetik (ADN). &#8220;ADN e brisht\u00eb&#8221; \u00ebsht\u00eb gjithnj\u00eb e m\u00eb e pranishme n\u00eb prodhimin e sperm\u00ebs mashkullore nga mosha 35 vje\u00e7. Kjo do t\u00eb thot\u00eb q\u00eb PROFERTIL\u00ae mbron materialin gjenetik q\u00eb i kalojm\u00eb brezit t\u00eb ardhsh\u00ebm dhe siguron kushtet m\u00eb t\u00eb mira p\u00ebr f\u00ebmij\u00ebt tan\u00eb q\u00eb t\u00eb ken\u00eb nj\u00eb fillim t\u00eb mir\u00eb n\u00eb jet\u00eb. \u00bb<\/p>\n<\/div>\n<\/div>\n\n\n\n<div style=\"height:50px\" aria-hidden=\"true\" class=\"wp-block-spacer\"><\/div>\n\n\n\n\n\n<div id=\"anchorlink-block_5cf54b3e25a15\" class=\"anchorlink light \">\n            <a href=\"#feichtinger\" data-smooth-scroll data-animation-duration=\"750\" data-animation-easing=\"swing\" data-offset=\"-23\"><i class=\"material-icons pro-pulse\">expand_more<\/i><\/a>\n    <\/div><\/div><\/div>\n\n\n\n<div class=\"wp-block-group alignfull has-white-background-color has-background\" id=\"feichtinger\"><div class=\"wp-block-group__inner-container is-layout-flow wp-block-group-is-layout-flow\">\n<div style=\"height:50px\" aria-hidden=\"true\" class=\"wp-block-spacer\"><\/div>\n\n\n\n<div class=\"wp-block-columns has-2-columns is-layout-flex wp-container-core-columns-is-layout-9d6595d7 wp-block-columns-is-layout-flex\">\n<div class=\"wp-block-column is-vertically-aligned-center is-layout-flow wp-block-column-is-layout-flow\">\n<div class=\"wp-block-image\"><figure class=\"aligncenter\"><img loading=\"lazy\" decoding=\"async\" width=\"254\" height=\"254\" src=\"http:\/\/profertil.eu\/wp-content\/uploads\/\/2019\/06\/wilfried-feichtinger.png\" alt=\"Univ.Prof. Dr. Wilfried Feichtinger, IVF Institut f\u00fcr Kinderwunsch, Wien \/ Wunschbaby, Institut Feichtinger\" class=\"wp-image-1108\" srcset=\"https:\/\/profertil.mk\/al\/wp-content\/uploads\/2019\/06\/wilfried-feichtinger.png 254w, https:\/\/profertil.mk\/al\/wp-content\/uploads\/2019\/06\/wilfried-feichtinger-150x150.png 150w, https:\/\/profertil.mk\/al\/wp-content\/uploads\/2019\/06\/wilfried-feichtinger-125x125.png 125w\" sizes=\"(max-width: 254px) 100vw, 254px\" \/><\/figure><\/div>\n\n\n\n<p class=\"has-text-align-center\"><strong>Dr. Wilfried Feichtinger <\/strong><\/p>\n\n\n\n<p class=\"has-text-align-center has-small-font-size\"><em>IVF Institute for Fertility, Vienna \/ Wunschbaby, Institute Feichtinger<\/em><\/p>\n<\/div>\n\n\n\n<div class=\"wp-block-column is-vertically-aligned-center is-layout-flow wp-block-column-is-layout-flow\">\n<p>&#8220;Gjysma e shkaqeve t\u00eb infertilitetit gjenden tek burrat, dhe nj\u00eb pjes\u00eb e konsiderueshme e tyre shoq\u00ebrohet me rezultate t\u00eb ul\u00ebta t\u00eb spermiogramit. N\u00ebse \u00ebsht\u00eb e mundur t\u00eb konfirmoni m\u00eb tej efektet premtuese n\u00eb numrin dhe cil\u00ebsin\u00eb e sperm\u00ebs q\u00eb kjo shtes\u00eb tregoi n\u00eb studimin Imhof, mund t\u00eb zvog\u00ebloj\u00eb p\u00ebrpjekjet mjek\u00ebsore t\u00eb k\u00ebrkuara p\u00ebr infertilitetin mashkullor ose, n\u00eb m\u00ebnyr\u00eb ideale, ta b\u00ebj\u00eb t\u00eb panevojsh\u00ebm trajtimin e fertilitetit. \u00bb<\/p>\n<\/div>\n<\/div>\n\n\n\n<div style=\"height:50px\" aria-hidden=\"true\" class=\"wp-block-spacer\"><\/div>\n\n\n\n\n\n<div id=\"anchorlink-block_5cf54bf425a16\" class=\"anchorlink dark \">\n            <a href=\"#zech\" data-smooth-scroll data-animation-duration=\"750\" data-animation-easing=\"swing\" data-offset=\"-23\"><i class=\"material-icons pro-pulse\">expand_more<\/i><\/a>\n    <\/div>\n\n\n<p><\/p>\n<\/div><\/div>\n\n\n\n<div class=\"wp-block-group alignfull has-blue-gradient-background-color has-background\" id=\"zech\"><div class=\"wp-block-group__inner-container is-layout-flow wp-block-group-is-layout-flow\">\n<div style=\"height:50px\" aria-hidden=\"true\" class=\"wp-block-spacer\"><\/div>\n\n\n\n<div class=\"wp-block-columns has-2-columns is-layout-flex wp-container-core-columns-is-layout-9d6595d7 wp-block-columns-is-layout-flex\">\n<div class=\"wp-block-column is-vertically-aligned-center is-layout-flow wp-block-column-is-layout-flow\">\n<div class=\"wp-block-image\"><figure class=\"aligncenter\"><img loading=\"lazy\" decoding=\"async\" width=\"254\" height=\"254\" src=\"http:\/\/profertil.eu\/wp-content\/uploads\/\/2019\/06\/josef-zech.png\" alt=\"Dr. Josef Zech, Private KinderwunschClinic, Innsbruck \/ Private Kinderwunsch Clinic, Dres. med.\" class=\"wp-image-1102\" srcset=\"https:\/\/profertil.mk\/al\/wp-content\/uploads\/2019\/06\/josef-zech.png 254w, https:\/\/profertil.mk\/al\/wp-content\/uploads\/2019\/06\/josef-zech-150x150.png 150w, https:\/\/profertil.mk\/al\/wp-content\/uploads\/2019\/06\/josef-zech-125x125.png 125w\" sizes=\"(max-width: 254px) 100vw, 254px\" \/><\/figure><\/div>\n\n\n\n<p class=\"has-text-align-center has-white-color has-text-color\"><strong>Dr. Josef Zech<\/strong><\/p>\n\n\n\n<p class=\"has-text-align-center has-white-color has-text-color has-small-font-size\"><em>Private Fertility Clinic, Innsbruck \/ Private Fertility Clinic, Dres. med.<\/em><\/p>\n<\/div>\n\n\n\n<div class=\"wp-block-column is-vertically-aligned-center is-layout-flow wp-block-column-is-layout-flow\">\n<p class=\"has-white-color has-text-color\">\u00abN\u00eb 25 vitet e mia si mjek riprodhues, kam p\u00ebrjetuar shum\u00eb p\u00ebrpjekje frustruese p\u00ebr t\u00eb p\u00ebrmir\u00ebsuar cil\u00ebsin\u00eb e derdhjes me ila\u00e7e. PROFERTIL\u00ae \u00ebsht\u00eb sipas mendimit tim kombinimi i par\u00eb i verifikuesh\u00ebm shkenc\u00ebrisht i p\u00ebrb\u00ebr\u00ebsve aktiv\u00eb q\u00eb p\u00ebrmir\u00ebson cil\u00ebsin\u00eb e sperm\u00ebs. Oligo-terato-asthenospermia \u00ebsht\u00eb vet\u00ebm nj\u00eb pjes\u00eb e &#8220;faktorit mashkullor&#8221;. Jam i bindur se do t\u00eb ket\u00eb shum\u00eb aspekte m\u00eb t\u00eb matshme n\u00eb t\u00eb ardhmen q\u00eb do t\u00eb p\u00ebrfitojn\u00eb nga mikronutrient\u00eb t\u00eb till\u00eb. \u00bb<\/p>\n<\/div>\n<\/div>\n\n\n\n<div style=\"height:50px\" aria-hidden=\"true\" class=\"wp-block-spacer\"><\/div>\n\n\n\n\n\n<div id=\"anchorlink-block_5cf54c5b25a17\" class=\"anchorlink light \">\n            <a href=\"#huber\" data-smooth-scroll data-animation-duration=\"750\" data-animation-easing=\"swing\" data-offset=\"-23\"><i class=\"material-icons pro-pulse\">expand_more<\/i><\/a>\n    <\/div>\n\n\n<p><\/p>\n<\/div><\/div>\n\n\n\n<div class=\"wp-block-group alignfull has-red-gradient-background-color has-background\" id=\"huber\"><div class=\"wp-block-group__inner-container is-layout-flow wp-block-group-is-layout-flow\">\n<div style=\"height:50px\" aria-hidden=\"true\" class=\"wp-block-spacer\"><\/div>\n\n\n\n<div class=\"wp-block-columns has-2-columns is-layout-flex wp-container-core-columns-is-layout-9d6595d7 wp-block-columns-is-layout-flex\">\n<div class=\"wp-block-column is-vertically-aligned-center is-layout-flow wp-block-column-is-layout-flow\">\n<div class=\"wp-block-image\"><figure class=\"aligncenter\"><img loading=\"lazy\" decoding=\"async\" width=\"254\" height=\"254\" src=\"http:\/\/profertil.eu\/wp-content\/uploads\/\/2019\/06\/randall-huber.png\" alt=\"Dr. Erik Randall Huber, FEBU \/ Facharzt f\u00fcr Urologie\" class=\"wp-image-1106\" srcset=\"https:\/\/profertil.mk\/al\/wp-content\/uploads\/2019\/06\/randall-huber.png 254w, https:\/\/profertil.mk\/al\/wp-content\/uploads\/2019\/06\/randall-huber-150x150.png 150w, https:\/\/profertil.mk\/al\/wp-content\/uploads\/2019\/06\/randall-huber-125x125.png 125w\" sizes=\"(max-width: 254px) 100vw, 254px\" \/><\/figure><\/div>\n\n\n\n<p class=\"has-text-align-center has-white-color has-text-color\"><strong>Dr. Erik Randall Huber<\/strong><\/p>\n\n\n\n<p class=\"has-text-align-center has-white-color has-text-color has-small-font-size\"><em>FEBU \/ Specialist in Urology<\/em><\/p>\n<\/div>\n\n\n\n<div class=\"wp-block-column is-vertically-aligned-center is-layout-flow wp-block-column-is-layout-flow\">\n<p class=\"has-white-color has-text-color\">\u00abShkaqet fizike (nxeht\u00ebsia, trauma), kimike (pirja e duhanit, mjekimi), anatomike (varikocelet) dhe shkaqet infektive mund t\u00eb \u00e7ojn\u00eb n\u00eb prishjen e fijeve t\u00eb ADN -s\u00eb n\u00eb sperm\u00eb. Spermatozoidet e tilla kan\u00eb nj\u00eb aft\u00ebsi t\u00eb kufizuar p\u00ebr t\u00eb fekonduar nj\u00eb vez\u00eb, dhe n\u00ebse e b\u00ebjn\u00eb, ato paraqesin nj\u00eb rrezik shum\u00eb m\u00eb t\u00eb lart\u00eb t\u00eb abortit. Hulumtimet e reja shkencore tregojn\u00eb se rreth gjysma e t\u00eb gjith\u00eb \u00e7ifteve pa f\u00ebmij\u00eb t\u00eb pavullnetsh\u00ebm tregojn\u00eb fragmentim t\u00eb ADN -s\u00eb n\u00eb sperm\u00eb. Analiza e shkall\u00ebs s\u00eb fragmentimit t\u00eb ADN -s\u00eb n\u00eb sperm\u00eb \u00ebsht\u00eb nj\u00eb plot\u00ebsues i r\u00ebnd\u00ebsish\u00ebm i spermiogramit. Sidoqoft\u00eb, \u00ebsht\u00eb edhe m\u00eb e r\u00ebnd\u00ebsishme t\u00eb ofrohet nj\u00eb terapi e p\u00ebrshtatshme p\u00ebr k\u00ebto raste n\u00eb m\u00ebnyr\u00eb q\u00eb t\u00eb realizohet d\u00ebshira p\u00ebr t\u00eb pasur f\u00ebmij\u00eb.<\/p>\n\n\n\n<p class=\"has-white-color has-text-color\">Studimi &#8220;Indeksi i fragmentimit t\u00eb ADN -s\u00eb zvog\u00eblohet pas plot\u00ebsimit t\u00eb mikronutrient\u00ebve&#8221; tregoi se PROFERTIL\u00ae reduktoi ndjesh\u00ebm fragmentimin e ADN -s\u00eb s\u00eb sperm\u00ebs pas 3 muajsh p\u00ebrdorimi. Me PROFERTIL\u00ae, urolog\u00ebt m\u00eb n\u00eb fund mund t&#8217;u ofrojn\u00eb pacient\u00ebve t\u00eb tyre nj\u00eb mund\u00ebsi terapie p\u00ebr trajtimin e n\u00ebn -infertilitetit idiopatik q\u00eb ka efikasitet t\u00eb v\u00ebrtetuar shkenc\u00ebrisht. \u00bb<\/p>\n<\/div>\n<\/div>\n\n\n\n<div style=\"height:50px\" aria-hidden=\"true\" class=\"wp-block-spacer\"><\/div>\n\n\n\n\n\n<div id=\"anchorlink-block_5cf54d3025a18\" class=\"anchorlink light \">\n            <a href=\"#imhof\" data-smooth-scroll data-animation-duration=\"750\" data-animation-easing=\"swing\" data-offset=\"-23\"><i class=\"material-icons pro-pulse\">expand_more<\/i><\/a>\n    <\/div>\n\n\n<p><\/p>\n<\/div><\/div>\n\n\n\n<div class=\"wp-block-group alignfull has-blue-gradient-background-color has-background\" id=\"imhof\"><div class=\"wp-block-group__inner-container is-layout-flow wp-block-group-is-layout-flow\">\n<div style=\"height:50px\" aria-hidden=\"true\" class=\"wp-block-spacer\"><\/div>\n\n\n\n<div class=\"wp-block-columns has-2-columns is-layout-flex wp-container-core-columns-is-layout-9d6595d7 wp-block-columns-is-layout-flex\">\n<div class=\"wp-block-column is-vertically-aligned-center is-layout-flow wp-block-column-is-layout-flow\">\n<div class=\"wp-block-image\"><figure class=\"aligncenter size-large is-resized\"><img loading=\"lazy\" decoding=\"async\" src=\"http:\/\/profertil.eu\/wp-content\/uploads\/\/2019\/10\/portraitimhof.png\" alt=\"Prim. Univ.-Doz. Dr. Martin Imhof,\nGyn\u00e4kologe, Chefarzt Klinikum Korneuburg, IMI Zentrum f\u00fcr Kinderwunsch\" class=\"wp-image-3175\" width=\"254\" height=\"254\" srcset=\"https:\/\/profertil.mk\/al\/wp-content\/uploads\/2019\/10\/portraitimhof.png 508w, https:\/\/profertil.mk\/al\/wp-content\/uploads\/2019\/10\/portraitimhof-150x150.png 150w, https:\/\/profertil.mk\/al\/wp-content\/uploads\/2019\/10\/portraitimhof-300x300.png 300w, https:\/\/profertil.mk\/al\/wp-content\/uploads\/2019\/10\/portraitimhof-125x125.png 125w\" sizes=\"(max-width: 254px) 100vw, 254px\" \/><\/figure><\/div>\n\n\n\n<p class=\"has-text-align-center has-white-color has-text-color\"><strong>Dr. Martin Imhof<\/strong> <\/p>\n\n\n\n<p class=\"has-text-align-center has-white-color has-text-color has-small-font-size\"><em>Gynecologist, Chief Physician at Korneuburg Clinic \/ IMI Center for Fertility<\/em><\/p>\n<\/div>\n\n\n\n<div class=\"wp-block-column is-vertically-aligned-center is-layout-flow wp-block-column-is-layout-flow\">\n<p class=\"has-white-color has-text-color\">&#8220;Shkaqet e infertilitetit gjenden tek burrat pothuajse aq shpesh sa ato tek grat\u00eb. Kjo do t\u00eb thot\u00eb se \u00ebsht\u00eb shum\u00eb e r\u00ebnd\u00ebsishme q\u00eb s\u00eb pari t\u00eb testohet sperma e mashkullit me spermiogram\u00eb n\u00eb faz\u00ebn fillestare t\u00eb trajtimit. N\u00ebse rezulton se shkaku gjendet tek njeriu, terapia antioksiduese mund t\u00eb p\u00ebrmir\u00ebsoj\u00eb ndjesh\u00ebm parametrat e analiz\u00ebs s\u00eb sperm\u00ebs. Efikasiteti i formul\u00ebs speciale t\u00eb siguruar nga PROFERTIL\u00ae \u00ebsht\u00eb demonstruar n\u00eb studimet klinike me mbi nj\u00eb mij\u00eb pacient\u00eb. Rezultatet e jasht\u00ebzakonshme t\u00eb k\u00ebtyre studimeve jan\u00eb ndoshta arsyeja m\u00eb bind\u00ebse p\u00ebr t\u00eb p\u00ebrshkruar produktin n\u00eb rastet e infertilitetit mashkullor. \u00bb<\/p>\n<\/div>\n<\/div>\n\n\n\n<div style=\"height:50px\" aria-hidden=\"true\" class=\"wp-block-spacer\"><\/div>\n\n\n\n\n\n<div id=\"anchorlink-block_5cf54a4425a14\" class=\"anchorlink light \">\n            <a href=\"#buynow\" data-smooth-scroll data-animation-duration=\"750\" data-animation-easing=\"swing\" data-offset=\"-23\"><i class=\"material-icons pro-pulse\">expand_more<\/i><\/a>\n    <\/div><\/div><\/div>\n","protected":false},"excerpt":{"rendered":"<p>Ekspert\u00ebt e Fertilitetit n\u00eb t\u00eb gjith\u00eb globin besojn\u00eb n\u00eb formulimin e bazuar n\u00eb d\u00ebshmi, t\u00eb patentuar t\u00eb PROFERTIL dhe efikasitetin e provuar klinikisht, por asgj\u00eb nuk \u00ebsht\u00eb m\u00eb bind\u00ebse sesa ta shihni se funksionon tek pacient\u00ebt e tyre. D\u00ebgjoni at\u00eb q\u00eb disa ekspert\u00eb kishin p\u00ebr t\u00eb th\u00ebn\u00eb koh\u00ebt e fundit n\u00eb lidhje me p\u00ebrvojat e<a class=\"excerpt-read-more\" href=\"https:\/\/profertil.mk\/al\/experience\/doctors-opinions-on-profertil\/\" title=\"Read\u00c7far\u00eb thon\u00eb mjek\u00ebt p\u00ebr PROFERTIL\u00ae\">&#8230; Read more &raquo;<\/a><\/p>\n","protected":false},"author":11,"featured_media":0,"parent":1359,"menu_order":0,"comment_status":"closed","ping_status":"closed","template":"template-full-width-no-title.php","meta":{"_acf_changed":false,"footnotes":""},"categories":[],"tags":[],"class_list":["post-1361","page","type-page","status-publish","hentry"],"acf":[],"_links":{"self":[{"href":"https:\/\/profertil.mk\/al\/wp-json\/wp\/v2\/pages\/1361","targetHints":{"allow":["GET"]}}],"collection":[{"href":"https:\/\/profertil.mk\/al\/wp-json\/wp\/v2\/pages"}],"about":[{"href":"https:\/\/profertil.mk\/al\/wp-json\/wp\/v2\/types\/page"}],"author":[{"embeddable":true,"href":"https:\/\/profertil.mk\/al\/wp-json\/wp\/v2\/users\/11"}],"replies":[{"embeddable":true,"href":"https:\/\/profertil.mk\/al\/wp-json\/wp\/v2\/comments?post=1361"}],"version-history":[{"count":36,"href":"https:\/\/profertil.mk\/al\/wp-json\/wp\/v2\/pages\/1361\/revisions"}],"predecessor-version":[{"id":6472,"href":"https:\/\/profertil.mk\/al\/wp-json\/wp\/v2\/pages\/1361\/revisions\/6472"}],"up":[{"embeddable":true,"href":"https:\/\/profertil.mk\/al\/wp-json\/wp\/v2\/pages\/1359"}],"wp:attachment":[{"href":"https:\/\/profertil.mk\/al\/wp-json\/wp\/v2\/media?parent=1361"}],"wp:term":[{"taxonomy":"category","embeddable":true,"href":"https:\/\/profertil.mk\/al\/wp-json\/wp\/v2\/categories?post=1361"},{"taxonomy":"post_tag","embeddable":true,"href":"https:\/\/profertil.mk\/al\/wp-json\/wp\/v2\/tags?post=1361"}],"curies":[{"name":"wp","href":"https:\/\/api.w.org\/{rel}","templated":true}]}}