{"id":1288,"date":"2019-06-06T09:15:51","date_gmt":"2019-06-06T09:15:51","guid":{"rendered":"http:\/\/profertil.local\/?page_id=1288"},"modified":"2023-06-14T13:28:52","modified_gmt":"2023-06-14T11:28:52","slug":"contact","status":"publish","type":"page","link":"https:\/\/profertil.mk\/al\/sperm-health\/contact\/","title":{"rendered":"Kontakti"},"content":{"rendered":"\n<div style=\"height:50px\" aria-hidden=\"true\" class=\"wp-block-spacer\"><\/div>\n\n\n\n<p>Distributor p\u00ebr Republik\u00ebn e Shqip\u00ebris\u00eb<\/p>\n\n\n\n<p>Trimed Healthcare, Tiran\u00eb, Albania<\/p>\n\n\n\n<p>Adresa: <em>Autostrada Tiran\u00eb-Durr\u00ebs, km.10<\/em><\/p>\n\n\n\n<p><em>Kashar, Tiran\u00eb<\/em><\/p>\n\n\n\n<p><em>Tiran\u00eb&nbsp;1051&nbsp;Albania<\/em><\/p>\n\n\n\n<p>Email: <a href=\"mailto:trimed@trimed.com.al\">trimed@trimed.com.al<\/a><\/p>\n\n\n\n<p><\/p>\n","protected":false},"excerpt":{"rendered":"<p>Distributor p\u00ebr Republik\u00ebn e Shqip\u00ebris\u00eb Trimed Healthcare, Tiran\u00eb, Albania Adresa: Autostrada Tiran\u00eb-Durr\u00ebs, km.10 Kashar, Tiran\u00eb Tiran\u00eb&nbsp;1051&nbsp;Albania Email: trimed@trimed.com.al<\/p>\n","protected":false},"author":11,"featured_media":0,"parent":1422,"menu_order":5,"comment_status":"closed","ping_status":"closed","template":"","meta":{"_acf_changed":false,"footnotes":""},"categories":[],"tags":[],"class_list":["post-1288","page","type-page","status-publish","hentry"],"acf":[],"_links":{"self":[{"href":"https:\/\/profertil.mk\/al\/wp-json\/wp\/v2\/pages\/1288","targetHints":{"allow":["GET"]}}],"collection":[{"href":"https:\/\/profertil.mk\/al\/wp-json\/wp\/v2\/pages"}],"about":[{"href":"https:\/\/profertil.mk\/al\/wp-json\/wp\/v2\/types\/page"}],"author":[{"embeddable":true,"href":"https:\/\/profertil.mk\/al\/wp-json\/wp\/v2\/users\/11"}],"replies":[{"embeddable":true,"href":"https:\/\/profertil.mk\/al\/wp-json\/wp\/v2\/comments?post=1288"}],"version-history":[{"count":9,"href":"https:\/\/profertil.mk\/al\/wp-json\/wp\/v2\/pages\/1288\/revisions"}],"predecessor-version":[{"id":6543,"href":"https:\/\/profertil.mk\/al\/wp-json\/wp\/v2\/pages\/1288\/revisions\/6543"}],"up":[{"embeddable":true,"href":"https:\/\/profertil.mk\/al\/wp-json\/wp\/v2\/pages\/1422"}],"wp:attachment":[{"href":"https:\/\/profertil.mk\/al\/wp-json\/wp\/v2\/media?parent=1288"}],"wp:term":[{"taxonomy":"category","embeddable":true,"href":"https:\/\/profertil.mk\/al\/wp-json\/wp\/v2\/categories?post=1288"},{"taxonomy":"post_tag","embeddable":true,"href":"https:\/\/profertil.mk\/al\/wp-json\/wp\/v2\/tags?post=1288"}],"curies":[{"name":"wp","href":"https:\/\/api.w.org\/{rel}","templated":true}]}}